{"id":4383,"date":"2024-01-28T16:17:49","date_gmt":"2024-01-28T16:17:49","guid":{"rendered":"https:\/\/arhainteriors.ee\/?post_type=product&#038;p=4383"},"modified":"2024-01-31T17:32:11","modified_gmt":"2024-01-31T17:32:11","slug":"tearoom-diivan-2-kohaline","status":"publish","type":"product","link":"https:\/\/arhainteriors.ee\/en\/toode\/tearoom-diivan-2-kohaline\/","title":{"rendered":"TEAROOM diivan, 2-kohaline"},"content":{"rendered":"","protected":false},"excerpt":{"rendered":"<p>Aegumatu oma v\u00e4ljenduses ja teostuses sobib Tearoomi kollektsioon h\u00e4sti nii ajaloolistesse kui ka kaasaegsetesse keskkondadesse. Nagu Tearoom Club Chair, kiirgavad ka Tearoom Lounge Chair ja Tearoom Sofa elegantset, kuid samas rangeid naiselikke jooni. Nende embavad vormid on ligit\u00f5mbavad, kuid j\u00e4\u00e4vad samas liiga juhuslikuks. Seet\u00f5ttu s\u00e4ilitavad m\u00f6\u00f6bliesemed selge visuaalse seose algse disaineri kujutlusv\u00f5imet \u00e4ratava skulpturaalse Willow Chair&#8217;iga aastast 1904.<\/p>\n","protected":false},"featured_media":4384,"template":"","meta":{"_gspb_post_css":""},"product_brand":[264],"product_cat":[247,243],"product_tag":[248,232,245],"class_list":{"0":"post-4383","1":"product","2":"type-product","3":"status-publish","4":"has-post-thumbnail","6":"product_brand-audo-cph","7":"product_cat-2-kohalised","8":"product_cat-diivanid","9":"product_tag-2-kohalised","10":"product_tag-audo","11":"product_tag-diivanid","13":"first","14":"instock","15":"taxable","16":"shipping-taxable","17":"purchasable","18":"product-type-simple"},"ct_brands":[{"id":264,"name":"Audo CPH","slug":"audo-cph"}],"_links":{"self":[{"href":"https:\/\/arhainteriors.ee\/en\/wp-json\/wp\/v2\/product\/4383","targetHints":{"allow":["GET"]}}],"collection":[{"href":"https:\/\/arhainteriors.ee\/en\/wp-json\/wp\/v2\/product"}],"about":[{"href":"https:\/\/arhainteriors.ee\/en\/wp-json\/wp\/v2\/types\/product"}],"wp:featuredmedia":[{"embeddable":true,"href":"https:\/\/arhainteriors.ee\/en\/wp-json\/wp\/v2\/media\/4384"}],"wp:attachment":[{"href":"https:\/\/arhainteriors.ee\/en\/wp-json\/wp\/v2\/media?parent=4383"}],"wp:term":[{"taxonomy":"product_brand","embeddable":true,"href":"https:\/\/arhainteriors.ee\/en\/wp-json\/wp\/v2\/product_brand?post=4383"},{"taxonomy":"product_cat","embeddable":true,"href":"https:\/\/arhainteriors.ee\/en\/wp-json\/wp\/v2\/product_cat?post=4383"},{"taxonomy":"product_tag","embeddable":true,"href":"https:\/\/arhainteriors.ee\/en\/wp-json\/wp\/v2\/product_tag?post=4383"}],"curies":[{"name":"wp","href":"https:\/\/api.w.org\/{rel}","templated":true}]}}