{"id":4379,"date":"2024-01-28T16:13:29","date_gmt":"2024-01-28T16:13:29","guid":{"rendered":"https:\/\/arhainteriors.ee\/?post_type=product&#038;p=4379"},"modified":"2024-01-31T17:32:11","modified_gmt":"2024-01-31T17:32:11","slug":"eave-diivan-2-kohaline","status":"publish","type":"product","link":"https:\/\/arhainteriors.ee\/en\/toode\/eave-diivan-2-kohaline\/","title":{"rendered":"EAVE diivan, 2-kohaline"},"content":{"rendered":"","protected":false},"excerpt":{"rendered":"<p>Arhitektuurist inspireeritud Eave kollektsioon saab sel hooajal uue liikme, lisades valikusse pangad. Eave Dining Sofa on loodud vastama nii \u00e4ri- kui ka elamukujunduse vajadustele, h\u00e4gustades piire era- ja avaliku vahel. Luues tervitatava sulamise diivani ja pinki vahel, et tuua hubane esteetika uutele territooriumitele, on funktsionaalne uus disain paigutatud \u00f5hukestele metalljalgadele, et saavutada kerge ilme ja lihtne p\u00f5randale p\u00e4\u00e4s puhastamiseks. Pehme minimalistlik diivan on saadaval mitmes standardm\u00f5\u00f5dus, mis sobivad h\u00e4sti kasutamiseks restoranides ja hotellides, kuid sobib suurep\u00e4raselt ka kodudesse pingi v\u00f5i traditsiooniliste s\u00f6\u00f6gitoolide asendamiseks.<\/p>\n","protected":false},"featured_media":4380,"template":"","meta":{"_gspb_post_css":""},"product_brand":[264],"product_cat":[247,243],"product_tag":[248,232,245],"class_list":{"0":"post-4379","1":"product","2":"type-product","3":"status-publish","4":"has-post-thumbnail","6":"product_brand-audo-cph","7":"product_cat-2-kohalised","8":"product_cat-diivanid","9":"product_tag-2-kohalised","10":"product_tag-audo","11":"product_tag-diivanid","13":"first","14":"instock","15":"taxable","16":"shipping-taxable","17":"purchasable","18":"product-type-simple"},"ct_brands":[{"id":264,"name":"Audo CPH","slug":"audo-cph"}],"_links":{"self":[{"href":"https:\/\/arhainteriors.ee\/en\/wp-json\/wp\/v2\/product\/4379","targetHints":{"allow":["GET"]}}],"collection":[{"href":"https:\/\/arhainteriors.ee\/en\/wp-json\/wp\/v2\/product"}],"about":[{"href":"https:\/\/arhainteriors.ee\/en\/wp-json\/wp\/v2\/types\/product"}],"wp:featuredmedia":[{"embeddable":true,"href":"https:\/\/arhainteriors.ee\/en\/wp-json\/wp\/v2\/media\/4380"}],"wp:attachment":[{"href":"https:\/\/arhainteriors.ee\/en\/wp-json\/wp\/v2\/media?parent=4379"}],"wp:term":[{"taxonomy":"product_brand","embeddable":true,"href":"https:\/\/arhainteriors.ee\/en\/wp-json\/wp\/v2\/product_brand?post=4379"},{"taxonomy":"product_cat","embeddable":true,"href":"https:\/\/arhainteriors.ee\/en\/wp-json\/wp\/v2\/product_cat?post=4379"},{"taxonomy":"product_tag","embeddable":true,"href":"https:\/\/arhainteriors.ee\/en\/wp-json\/wp\/v2\/product_tag?post=4379"}],"curies":[{"name":"wp","href":"https:\/\/api.w.org\/{rel}","templated":true}]}}