{"id":4373,"date":"2024-01-28T16:03:59","date_gmt":"2024-01-28T16:03:59","guid":{"rendered":"https:\/\/arhainteriors.ee\/?post_type=product&#038;p=4373"},"modified":"2024-09-04T19:02:56","modified_gmt":"2024-09-04T19:02:56","slug":"eave-mooduldiivan-3-kohaline-4","status":"publish","type":"product","link":"https:\/\/arhainteriors.ee\/en\/toode\/eave-mooduldiivan-3-kohaline-4\/","title":{"rendered":"EAVE mooduldiivan, 3-kohaline"},"content":{"rendered":"","protected":false},"excerpt":{"rendered":"<p><strong>Toote k\u00f5rgus:<\/strong> 71 cm\u00a0 <strong>Toote laius:<\/strong> 267 cm<\/p>\n<p><strong><img loading=\"lazy\" decoding=\"async\" class=\"alignnone wp-image-7782\" src=\"https:\/\/arhainteriors.ee\/wp-content\/uploads\/2024\/07\/icons8-upload-32.png\" alt=\"\" width=\"18\" height=\"18\" \/>\u00a0<a href=\"https:\/\/presscloud.com\/file\/96\/965708651420381\/PFS_Eave_Modular_Sofa_96_configurations.pdf\">tooteandmed<\/a><\/strong>\u00a0,\u00a0<strong><img loading=\"lazy\" decoding=\"async\" class=\"alignnone wp-image-7782\" src=\"https:\/\/arhainteriors.ee\/wp-content\/uploads\/2024\/07\/icons8-upload-32.png\" alt=\"\" width=\"18\" height=\"18\" \/>\u00a0<a href=\"https:\/\/audo.presscloud.com\/digitalshowroom\/#\/gallery\/Eave-Modular-Sofa-96---Configuration-2\">2d\/3d failid<\/a><\/strong>\u00a0 ,\u00a0<strong><img loading=\"lazy\" decoding=\"async\" class=\"alignnone wp-image-7782\" src=\"https:\/\/arhainteriors.ee\/wp-content\/uploads\/2024\/07\/icons8-upload-32.png\" alt=\"\" width=\"18\" height=\"18\" \/>\u00a0<a href=\"https:\/\/presscloud.com\/file\/65\/655477028398859\/Audo_Cph_Care_Instructions.pdf\">hooldusjuhend<\/a><\/strong><\/p>\n<p>Eave diivan on n\u00fc\u00fcd saadaval modulaarse versioonina, fikseeritud kombinatsioonidega, mis teeb tellimise lihtsamaks.<\/p>\n<p>Arhitektuurist inspireeritud Eave modulaarne diivan on saanud nime &#8220;r\u00e4\u00e4stast&#8221; &#8211; katuse madalamatest servadest, mis ulatuvad seina kohale. Diivani erip\u00e4rane detail on selle sisemine &#8220;r\u00e4\u00e4staosa&#8221; &#8211; k\u00f5verad polsterdatud k\u00e4etuged, mis annavad diivanile v\u00e4ljendusrikka iseloomu. Stiili ja mugavuse suurep\u00e4rane suland on Eave diivan, mis on rohke istumiskohaga ja julgustab omanikke l\u00f5\u00f5gastuma. Istumisnurk on ideaalne ka kontorite v\u00f5i avalike ruumide jaoks, v\u00f5imaldades kasutajal istuda aktiivselt, suheldes samal ajal t\u00f6\u00f6ga.<\/p>\n","protected":false},"featured_media":4374,"template":"","meta":{"_gspb_post_css":""},"product_brand":[264],"product_cat":[244,243],"product_tag":[246,232,245],"class_list":{"0":"post-4373","1":"product","2":"type-product","3":"status-publish","4":"has-post-thumbnail","6":"product_brand-audo-cph","7":"product_cat-3-kohalised","8":"product_cat-diivanid","9":"product_tag-3-kohalised","10":"product_tag-audo","11":"product_tag-diivanid","13":"first","14":"instock","15":"taxable","16":"shipping-taxable","17":"purchasable","18":"product-type-simple"},"ct_brands":[{"id":264,"name":"Audo CPH","slug":"audo-cph"}],"_links":{"self":[{"href":"https:\/\/arhainteriors.ee\/en\/wp-json\/wp\/v2\/product\/4373","targetHints":{"allow":["GET"]}}],"collection":[{"href":"https:\/\/arhainteriors.ee\/en\/wp-json\/wp\/v2\/product"}],"about":[{"href":"https:\/\/arhainteriors.ee\/en\/wp-json\/wp\/v2\/types\/product"}],"wp:featuredmedia":[{"embeddable":true,"href":"https:\/\/arhainteriors.ee\/en\/wp-json\/wp\/v2\/media\/4374"}],"wp:attachment":[{"href":"https:\/\/arhainteriors.ee\/en\/wp-json\/wp\/v2\/media?parent=4373"}],"wp:term":[{"taxonomy":"product_brand","embeddable":true,"href":"https:\/\/arhainteriors.ee\/en\/wp-json\/wp\/v2\/product_brand?post=4373"},{"taxonomy":"product_cat","embeddable":true,"href":"https:\/\/arhainteriors.ee\/en\/wp-json\/wp\/v2\/product_cat?post=4373"},{"taxonomy":"product_tag","embeddable":true,"href":"https:\/\/arhainteriors.ee\/en\/wp-json\/wp\/v2\/product_tag?post=4373"}],"curies":[{"name":"wp","href":"https:\/\/api.w.org\/{rel}","templated":true}]}}