{"id":4350,"date":"2024-01-28T15:37:27","date_gmt":"2024-01-28T15:37:27","guid":{"rendered":"https:\/\/arhainteriors.ee\/?post_type=product&#038;p=4350"},"modified":"2024-09-04T19:27:17","modified_gmt":"2024-09-04T19:27:17","slug":"eave-mooduldiivan-3-kohaline","status":"publish","type":"product","link":"https:\/\/arhainteriors.ee\/en\/toode\/eave-mooduldiivan-3-kohaline\/","title":{"rendered":"EAVE mooduldiivan, 3 kohaline"},"content":{"rendered":"","protected":false},"excerpt":{"rendered":"<p><strong>Toote k\u00f5rgus:<\/strong> 71 cm\u00a0 <strong>Toote laius:<\/strong> 247 cm<\/p>\n<p><strong><img loading=\"lazy\" decoding=\"async\" class=\"alignnone wp-image-7782\" src=\"https:\/\/arhainteriors.ee\/wp-content\/uploads\/2024\/07\/icons8-upload-32.png\" alt=\"\" width=\"18\" height=\"18\" \/>\u00a0<a href=\"https:\/\/presscloud.com\/file\/35\/359324474729120\/PFS_Eave_Modular_Sofa_86_configurations.pdf\">tooteandmed<\/a><\/strong>\u00a0,\u00a0<strong><img loading=\"lazy\" decoding=\"async\" class=\"alignnone wp-image-7782\" src=\"https:\/\/arhainteriors.ee\/wp-content\/uploads\/2024\/07\/icons8-upload-32.png\" alt=\"\" width=\"18\" height=\"18\" \/>\u00a0<a href=\"https:\/\/audo.presscloud.com\/digitalshowroom\/#\/gallery\/Eave-Modular-Sofa-86---Configuration-11-12\">2d\/3d failid<\/a><\/strong>\u00a0 ,\u00a0<strong><img loading=\"lazy\" decoding=\"async\" class=\"alignnone wp-image-7782\" src=\"https:\/\/arhainteriors.ee\/wp-content\/uploads\/2024\/07\/icons8-upload-32.png\" alt=\"\" width=\"18\" height=\"18\" \/>\u00a0<a href=\"https:\/\/presscloud.com\/file\/65\/655477028398859\/Audo_Cph_Care_Instructions.pdf\">hooldusjuhend<\/a><\/strong><\/p>\n<p>Arhitektuurist inspireeritud Eave modulaarne diivan on saanud nime &#8220;r\u00e4\u00e4stast&#8221; &#8211; katuse madalamatest servadest, mis ulatuvad seina kohale. Diivani erip\u00e4rane detail on selle sisemine &#8220;r\u00e4\u00e4staosa&#8221; &#8211; k\u00f5verad polsterdatud k\u00e4etuged, mis annavad diivanile v\u00e4ljendusrikka iseloomu. Kaasaegse diivanikonfiguratsiooni korral on sellel nurgamoodul, avatud osa ja \u0161eislong-moodul, millel on allakukutatav iste ning k\u00f5verad selja- ja k\u00e4etuged lisatugevuseks istumisel.<\/p>\n","protected":false},"featured_media":4351,"template":"","meta":{"_gspb_post_css":""},"product_brand":[264],"product_cat":[244,243],"product_tag":[246,232,245],"class_list":{"0":"post-4350","1":"product","2":"type-product","3":"status-publish","4":"has-post-thumbnail","6":"product_brand-audo-cph","7":"product_cat-3-kohalised","8":"product_cat-diivanid","9":"product_tag-3-kohalised","10":"product_tag-audo","11":"product_tag-diivanid","13":"first","14":"instock","15":"taxable","16":"shipping-taxable","17":"purchasable","18":"product-type-simple"},"ct_brands":[{"id":264,"name":"Audo CPH","slug":"audo-cph"}],"_links":{"self":[{"href":"https:\/\/arhainteriors.ee\/en\/wp-json\/wp\/v2\/product\/4350","targetHints":{"allow":["GET"]}}],"collection":[{"href":"https:\/\/arhainteriors.ee\/en\/wp-json\/wp\/v2\/product"}],"about":[{"href":"https:\/\/arhainteriors.ee\/en\/wp-json\/wp\/v2\/types\/product"}],"wp:featuredmedia":[{"embeddable":true,"href":"https:\/\/arhainteriors.ee\/en\/wp-json\/wp\/v2\/media\/4351"}],"wp:attachment":[{"href":"https:\/\/arhainteriors.ee\/en\/wp-json\/wp\/v2\/media?parent=4350"}],"wp:term":[{"taxonomy":"product_brand","embeddable":true,"href":"https:\/\/arhainteriors.ee\/en\/wp-json\/wp\/v2\/product_brand?post=4350"},{"taxonomy":"product_cat","embeddable":true,"href":"https:\/\/arhainteriors.ee\/en\/wp-json\/wp\/v2\/product_cat?post=4350"},{"taxonomy":"product_tag","embeddable":true,"href":"https:\/\/arhainteriors.ee\/en\/wp-json\/wp\/v2\/product_tag?post=4350"}],"curies":[{"name":"wp","href":"https:\/\/api.w.org\/{rel}","templated":true}]}}