{"id":4346,"date":"2024-01-28T13:14:11","date_gmt":"2024-01-28T13:14:11","guid":{"rendered":"https:\/\/arhainteriors.ee\/?post_type=product&#038;p=4346"},"modified":"2024-09-04T19:29:06","modified_gmt":"2024-09-04T19:29:06","slug":"passage-baaripukk","status":"publish","type":"product","link":"https:\/\/arhainteriors.ee\/en\/toode\/passage-baaripukk\/","title":{"rendered":"PASSAGE baaripukk"},"content":{"rendered":"","protected":false},"excerpt":{"rendered":"<p><strong>Toote k\u00f5rgus:<\/strong> 65 cm\u00a0 <strong>Toote laius:<\/strong> 46 cm<\/p>\n<p><strong><img loading=\"lazy\" decoding=\"async\" class=\"alignnone wp-image-7782\" src=\"https:\/\/arhainteriors.ee\/wp-content\/uploads\/2024\/07\/icons8-upload-32.png\" alt=\"\" width=\"18\" height=\"18\" \/>\u00a0<a href=\"https:\/\/presscloud.com\/file\/15\/158160254437530\/PFS_Passage_Counter_Stool.pdf\">tooteandmed<\/a><\/strong>\u00a0,\u00a0<strong><img loading=\"lazy\" decoding=\"async\" class=\"alignnone wp-image-7782\" src=\"https:\/\/arhainteriors.ee\/wp-content\/uploads\/2024\/07\/icons8-upload-32.png\" alt=\"\" width=\"18\" height=\"18\" \/>\u00a0<a href=\"https:\/\/audo.presscloud.com\/digitalshowroom\/#\/gallery\/Passage-Counter-Stool\">2d\/3d failid<\/a><\/strong>\u00a0 ,\u00a0<strong><img loading=\"lazy\" decoding=\"async\" class=\"alignnone wp-image-7782\" src=\"https:\/\/arhainteriors.ee\/wp-content\/uploads\/2024\/07\/icons8-upload-32.png\" alt=\"\" width=\"18\" height=\"18\" \/>\u00a0<a href=\"https:\/\/presscloud.com\/file\/65\/655477028398859\/Audo_Cph_Care_Instructions.pdf\">hooldusjuhend<\/a><\/strong><\/p>\n<p>Passage kollektsioon v\u00f5tab eeskuju Taani kapiitlid traditsioonidest, mis on p\u00fchendunud puidut\u00f6\u00f6oskuste kasutamisele ajalooliste tehnikate abil. Valmistatud massiivtammest, annab Passage Counter Stool t\u00e4nu nutikale lamepakendi konstruktsioonile kaasaegse n\u00fcansi \u2013 v\u00e4hendades selle jalaj\u00e4lge ja v\u00f5imaldades selle omanikul aktiivselt osaleda valmistamisprotsessis. Pakutakse naturaalses v\u00f5i tumeda lakitud viimistluses, tabureti soe ilme ja orgaaniline siluett kutsuvad ligi. Hoolikalt paigutatud jalar\u00f5ngas tagab mugava istumisasendi pikemaajalisel istumisel ja selle baari k\u00f5rgus sobib ideaalselt t\u00f6\u00f6tasapindadega, muutes mitmek\u00fclgse disaini ideaalseks funktsiooni ja mugavuse sulandiks.<\/p>\n","protected":false},"featured_media":4347,"template":"","meta":{"_gspb_post_css":""},"product_brand":[264],"product_cat":[241],"product_tag":[232,242],"class_list":{"0":"post-4346","1":"product","2":"type-product","3":"status-publish","4":"has-post-thumbnail","6":"product_brand-audo-cph","7":"product_cat-baaripukid","8":"product_tag-audo","9":"product_tag-baaripukid","11":"first","12":"instock","13":"taxable","14":"shipping-taxable","15":"purchasable","16":"product-type-simple"},"ct_brands":[{"id":264,"name":"Audo CPH","slug":"audo-cph"}],"_links":{"self":[{"href":"https:\/\/arhainteriors.ee\/en\/wp-json\/wp\/v2\/product\/4346","targetHints":{"allow":["GET"]}}],"collection":[{"href":"https:\/\/arhainteriors.ee\/en\/wp-json\/wp\/v2\/product"}],"about":[{"href":"https:\/\/arhainteriors.ee\/en\/wp-json\/wp\/v2\/types\/product"}],"wp:featuredmedia":[{"embeddable":true,"href":"https:\/\/arhainteriors.ee\/en\/wp-json\/wp\/v2\/media\/4347"}],"wp:attachment":[{"href":"https:\/\/arhainteriors.ee\/en\/wp-json\/wp\/v2\/media?parent=4346"}],"wp:term":[{"taxonomy":"product_brand","embeddable":true,"href":"https:\/\/arhainteriors.ee\/en\/wp-json\/wp\/v2\/product_brand?post=4346"},{"taxonomy":"product_cat","embeddable":true,"href":"https:\/\/arhainteriors.ee\/en\/wp-json\/wp\/v2\/product_cat?post=4346"},{"taxonomy":"product_tag","embeddable":true,"href":"https:\/\/arhainteriors.ee\/en\/wp-json\/wp\/v2\/product_tag?post=4346"}],"curies":[{"name":"wp","href":"https:\/\/api.w.org\/{rel}","templated":true}]}}