{"id":4342,"date":"2024-01-28T12:59:25","date_gmt":"2024-01-28T12:59:25","guid":{"rendered":"https:\/\/arhainteriors.ee\/?post_type=product&#038;p=4342"},"modified":"2024-09-04T19:30:28","modified_gmt":"2024-09-04T19:30:28","slug":"co-lounge-tugitool-polsterdatud","status":"publish","type":"product","link":"https:\/\/arhainteriors.ee\/en\/toode\/co-lounge-tugitool-polsterdatud\/","title":{"rendered":"CO LOUNGE tugitool, polsterdatud"},"content":{"rendered":"","protected":false},"excerpt":{"rendered":"<p><strong>Toote k\u00f5rgus:<\/strong> 71 cm\u00a0 <strong>Toote laius:<\/strong> 54,5 cm<\/p>\n<p><strong><img loading=\"lazy\" decoding=\"async\" class=\"alignnone wp-image-7782\" src=\"https:\/\/arhainteriors.ee\/wp-content\/uploads\/2024\/07\/icons8-upload-32.png\" alt=\"\" width=\"18\" height=\"18\" \/>\u00a0<a href=\"https:\/\/presscloud.com\/file\/42\/424039112096623\/PFS_Co_Lounge_Chair_Fully_Upholstered.pdf\">tooteandmed<\/a><\/strong>\u00a0,\u00a0<strong><img loading=\"lazy\" decoding=\"async\" class=\"alignnone wp-image-7782\" src=\"https:\/\/arhainteriors.ee\/wp-content\/uploads\/2024\/07\/icons8-upload-32.png\" alt=\"\" width=\"18\" height=\"18\" \/>\u00a0<a href=\"https:\/\/audo.presscloud.com\/digitalshowroom\/#\/gallery\/Co-Lounge-Chair---Fully-Upholstered\">2d\/3d failid<\/a><\/strong>\u00a0 ,\u00a0<strong><img loading=\"lazy\" decoding=\"async\" class=\"alignnone wp-image-7782\" src=\"https:\/\/arhainteriors.ee\/wp-content\/uploads\/2024\/07\/icons8-upload-32.png\" alt=\"\" width=\"18\" height=\"18\" \/>\u00a0<a href=\"https:\/\/presscloud.com\/file\/65\/655477028398859\/Audo_Cph_Care_Instructions.pdf\">hooldusjuhend<\/a><\/strong><\/p>\n<p>Nelja jalaga jalutsiga profiilitav mugavam Co Lounge Chair, mille on kujundanud Norm Architects ja Els Van Hoorebeeck Audo jaoks, on s\u00f6\u00f6gitoole l\u00f5dvestunuma v\u00e4limusega, millel on k\u00f5verad k\u00e4etuged ja polsterdatud iste ning seljatugi, kaldu asetatud keha toetamiseks ja kallistamiseks. \u00d5huke, kuid tugev pulberv\u00e4rvitud terasest alus annab disainile kergustunde.<\/p>\n","protected":false},"featured_media":4343,"template":"","meta":{"_gspb_post_css":""},"product_brand":[264],"product_cat":[158],"product_tag":[232,169],"class_list":{"0":"post-4342","1":"product","2":"type-product","3":"status-publish","4":"has-post-thumbnail","6":"product_brand-audo-cph","7":"product_cat-tugitoolid","8":"product_tag-audo","9":"product_tag-tugitoolid","11":"first","12":"instock","13":"taxable","14":"shipping-taxable","15":"purchasable","16":"product-type-simple"},"ct_brands":[{"id":264,"name":"Audo CPH","slug":"audo-cph"}],"_links":{"self":[{"href":"https:\/\/arhainteriors.ee\/en\/wp-json\/wp\/v2\/product\/4342","targetHints":{"allow":["GET"]}}],"collection":[{"href":"https:\/\/arhainteriors.ee\/en\/wp-json\/wp\/v2\/product"}],"about":[{"href":"https:\/\/arhainteriors.ee\/en\/wp-json\/wp\/v2\/types\/product"}],"wp:featuredmedia":[{"embeddable":true,"href":"https:\/\/arhainteriors.ee\/en\/wp-json\/wp\/v2\/media\/4343"}],"wp:attachment":[{"href":"https:\/\/arhainteriors.ee\/en\/wp-json\/wp\/v2\/media?parent=4342"}],"wp:term":[{"taxonomy":"product_brand","embeddable":true,"href":"https:\/\/arhainteriors.ee\/en\/wp-json\/wp\/v2\/product_brand?post=4342"},{"taxonomy":"product_cat","embeddable":true,"href":"https:\/\/arhainteriors.ee\/en\/wp-json\/wp\/v2\/product_cat?post=4342"},{"taxonomy":"product_tag","embeddable":true,"href":"https:\/\/arhainteriors.ee\/en\/wp-json\/wp\/v2\/product_tag?post=4342"}],"curies":[{"name":"wp","href":"https:\/\/api.w.org\/{rel}","templated":true}]}}