{"id":4338,"date":"2024-01-28T12:56:08","date_gmt":"2024-01-28T12:56:08","guid":{"rendered":"https:\/\/arhainteriors.ee\/?post_type=product&#038;p=4338"},"modified":"2024-09-04T19:32:40","modified_gmt":"2024-09-04T19:32:40","slug":"harbour-tugitool","status":"publish","type":"product","link":"https:\/\/arhainteriors.ee\/en\/toode\/harbour-tugitool\/","title":{"rendered":"HARBOUR tugitool"},"content":{"rendered":"","protected":false},"excerpt":{"rendered":"<p><strong><img loading=\"lazy\" decoding=\"async\" class=\"alignnone wp-image-7782\" src=\"https:\/\/arhainteriors.ee\/wp-content\/uploads\/2024\/07\/icons8-upload-32.png\" alt=\"\" width=\"18\" height=\"18\" \/>\u00a0<a href=\"https:\/\/presscloud.com\/file\/42\/425402467921438\/PFS_Harbour_Lounge_Chair.pdf\">tooteandmed<\/a><\/strong>\u00a0,\u00a0<strong><img loading=\"lazy\" decoding=\"async\" class=\"alignnone wp-image-7782\" src=\"https:\/\/arhainteriors.ee\/wp-content\/uploads\/2024\/07\/icons8-upload-32.png\" alt=\"\" width=\"18\" height=\"18\" \/>\u00a0<a href=\"https:\/\/audo.presscloud.com\/digitalshowroom\/#\/gallery\/Harbour-Lounge-Chair\">2d\/3d failid<\/a><\/strong>\u00a0 ,\u00a0<strong><img loading=\"lazy\" decoding=\"async\" class=\"alignnone wp-image-7782\" src=\"https:\/\/arhainteriors.ee\/wp-content\/uploads\/2024\/07\/icons8-upload-32.png\" alt=\"\" width=\"18\" height=\"18\" \/>\u00a0<a href=\"https:\/\/presscloud.com\/file\/65\/655477028398859\/Audo_Cph_Care_Instructions.pdf\">hooldusjuhend<\/a><\/strong><\/p>\n<p>Uus Harbour tugitool j\u00e4rgib oma eelk\u00e4ijate minimalistlikku v\u00e4ljendust. Puhkamas tugeval puitraamil, mis on saadaval naturaalses, tumeda plekiga v\u00f5i mustas tammes ning p\u00e4hkli toonis, on selle embav koorik polsterdatud mitmesugustes taktiilsetes, kuid vastupidavates kangastes kaasaegsetes v\u00e4rvitoonides. Madala kaldus raamiga on \u00fcmarate jalgade ja peenetena liidetud detailidega, ning avaramal koorikul on lai seljatugi, kaldu mugavuse tagamiseks ja keha toetamiseks, samal ajal ruumi andes l\u00f5\u00f5gastumiseks. Ideaalne p\u00e4eva l\u00f5pus l\u00f5\u00f5gastumiseks, omades kollektsiooni iseloomulikke k\u00f5veraid k\u00e4etugesid ja luksuslikult \u00fclisuurt istet koos vastava padjaga.<\/p>\n","protected":false},"featured_media":4339,"template":"","meta":{"_gspb_post_css":""},"product_brand":[264],"product_cat":[158],"product_tag":[232,169],"class_list":{"0":"post-4338","1":"product","2":"type-product","3":"status-publish","4":"has-post-thumbnail","6":"product_brand-audo-cph","7":"product_cat-tugitoolid","8":"product_tag-audo","9":"product_tag-tugitoolid","11":"first","12":"instock","13":"taxable","14":"shipping-taxable","15":"purchasable","16":"product-type-simple"},"ct_brands":[{"id":264,"name":"Audo CPH","slug":"audo-cph"}],"_links":{"self":[{"href":"https:\/\/arhainteriors.ee\/en\/wp-json\/wp\/v2\/product\/4338","targetHints":{"allow":["GET"]}}],"collection":[{"href":"https:\/\/arhainteriors.ee\/en\/wp-json\/wp\/v2\/product"}],"about":[{"href":"https:\/\/arhainteriors.ee\/en\/wp-json\/wp\/v2\/types\/product"}],"wp:featuredmedia":[{"embeddable":true,"href":"https:\/\/arhainteriors.ee\/en\/wp-json\/wp\/v2\/media\/4339"}],"wp:attachment":[{"href":"https:\/\/arhainteriors.ee\/en\/wp-json\/wp\/v2\/media?parent=4338"}],"wp:term":[{"taxonomy":"product_brand","embeddable":true,"href":"https:\/\/arhainteriors.ee\/en\/wp-json\/wp\/v2\/product_brand?post=4338"},{"taxonomy":"product_cat","embeddable":true,"href":"https:\/\/arhainteriors.ee\/en\/wp-json\/wp\/v2\/product_cat?post=4338"},{"taxonomy":"product_tag","embeddable":true,"href":"https:\/\/arhainteriors.ee\/en\/wp-json\/wp\/v2\/product_tag?post=4338"}],"curies":[{"name":"wp","href":"https:\/\/api.w.org\/{rel}","templated":true}]}}