{"id":4330,"date":"2024-01-28T12:49:53","date_gmt":"2024-01-28T12:49:53","guid":{"rendered":"https:\/\/arhainteriors.ee\/?post_type=product&#038;p=4330"},"modified":"2024-09-04T19:35:18","modified_gmt":"2024-09-04T19:35:18","slug":"tearoom-tugitool-pooratav-tagasipoordega","status":"publish","type":"product","link":"https:\/\/arhainteriors.ee\/en\/toode\/tearoom-tugitool-pooratav-tagasipoordega\/","title":{"rendered":"TEAROOM tugitool, p\u00f6\u00f6ratav tagasip\u00f6\u00f6rdega"},"content":{"rendered":"","protected":false},"excerpt":{"rendered":"<p><strong>Toote k\u00f5rgus:<\/strong> 78 cm\u00a0 <strong>Toote laius:<\/strong> 70 cm<\/p>\n<p><strong><img loading=\"lazy\" decoding=\"async\" class=\"alignnone wp-image-7782\" src=\"https:\/\/arhainteriors.ee\/wp-content\/uploads\/2024\/07\/icons8-upload-32.png\" alt=\"\" width=\"18\" height=\"18\" \/>\u00a0<a href=\"https:\/\/presscloud.com\/file\/49\/496164258795267\/PFS_Tearoom_Club_Chair.pdf\">tooteandmed<\/a><\/strong>\u00a0,\u00a0<strong><img loading=\"lazy\" decoding=\"async\" class=\"alignnone wp-image-7782\" src=\"https:\/\/arhainteriors.ee\/wp-content\/uploads\/2024\/07\/icons8-upload-32.png\" alt=\"\" width=\"18\" height=\"18\" \/>\u00a0<a href=\"https:\/\/audo.presscloud.com\/digitalshowroom\/#\/gallery\/Tearoom-Collection\">2d\/3d failid<\/a><\/strong>\u00a0 ,\u00a0<strong><img loading=\"lazy\" decoding=\"async\" class=\"alignnone wp-image-7782\" src=\"https:\/\/arhainteriors.ee\/wp-content\/uploads\/2024\/07\/icons8-upload-32.png\" alt=\"\" width=\"18\" height=\"18\" \/>\u00a0<a href=\"https:\/\/presscloud.com\/file\/65\/655477028398859\/Audo_Cph_Care_Instructions.pdf\">hooldusjuhend<\/a><\/strong><\/p>\n<p>Tearoom kollektsioon, mille kujundas Audo jaoks Nick Ross, on minimalistliku luksuse uurimus, pakkudes rikkalikke varjupaiku ja meeleolukat mugavust mitmesugustes keskkondades. Mitte ainult luksuslik istumiseks ja kaunis vaatamiseks, vaid ka funktsionaalne lisa ruumile, Tearoom k\u00fclgetool p\u00f6\u00f6ratava alusega naaseb tagasi. Viimse detailini l\u00e4bim\u00f5eldud, selle avatud siluett kutsub sind istuma ja l\u00f5\u00f5gastuma, samas kui selle kookonk\u00f5verad ja rikkalikult detailirohke polster tagavad mugava ja toetava istumisasendi. Paigutatuna sissevajunud soklikujulisele alusele tagab selle sujuv, 190-kraadine p\u00f6\u00f6rde-tagasip\u00f6\u00f6rde funktsioon t\u00e4ieliku liikumisvabaduse.<\/p>\n","protected":false},"featured_media":4331,"template":"","meta":{"_gspb_post_css":""},"product_brand":[264],"product_cat":[158],"product_tag":[232,169],"class_list":{"0":"post-4330","1":"product","2":"type-product","3":"status-publish","4":"has-post-thumbnail","6":"product_brand-audo-cph","7":"product_cat-tugitoolid","8":"product_tag-audo","9":"product_tag-tugitoolid","11":"first","12":"instock","13":"taxable","14":"shipping-taxable","15":"purchasable","16":"product-type-simple"},"ct_brands":[{"id":264,"name":"Audo CPH","slug":"audo-cph"}],"_links":{"self":[{"href":"https:\/\/arhainteriors.ee\/en\/wp-json\/wp\/v2\/product\/4330","targetHints":{"allow":["GET"]}}],"collection":[{"href":"https:\/\/arhainteriors.ee\/en\/wp-json\/wp\/v2\/product"}],"about":[{"href":"https:\/\/arhainteriors.ee\/en\/wp-json\/wp\/v2\/types\/product"}],"wp:featuredmedia":[{"embeddable":true,"href":"https:\/\/arhainteriors.ee\/en\/wp-json\/wp\/v2\/media\/4331"}],"wp:attachment":[{"href":"https:\/\/arhainteriors.ee\/en\/wp-json\/wp\/v2\/media?parent=4330"}],"wp:term":[{"taxonomy":"product_brand","embeddable":true,"href":"https:\/\/arhainteriors.ee\/en\/wp-json\/wp\/v2\/product_brand?post=4330"},{"taxonomy":"product_cat","embeddable":true,"href":"https:\/\/arhainteriors.ee\/en\/wp-json\/wp\/v2\/product_cat?post=4330"},{"taxonomy":"product_tag","embeddable":true,"href":"https:\/\/arhainteriors.ee\/en\/wp-json\/wp\/v2\/product_tag?post=4330"}],"curies":[{"name":"wp","href":"https:\/\/api.w.org\/{rel}","templated":true}]}}