{"id":4321,"date":"2024-01-28T12:39:42","date_gmt":"2024-01-28T12:39:42","guid":{"rendered":"https:\/\/arhainteriors.ee\/?post_type=product&#038;p=4321"},"modified":"2024-09-04T19:39:25","modified_gmt":"2024-09-04T19:39:25","slug":"brasilia-tugitool-lambanahast","status":"publish","type":"product","link":"https:\/\/arhainteriors.ee\/en\/toode\/brasilia-tugitool-lambanahast\/","title":{"rendered":"BRASILIA tugitool, lambanahast"},"content":{"rendered":"","protected":false},"excerpt":{"rendered":"<p><strong>Toote k\u00f5rgus:<\/strong> 82 cm\u00a0 <strong>Toote laius:<\/strong> 96 cm<\/p>\n<p><strong><img loading=\"lazy\" decoding=\"async\" class=\"alignnone wp-image-7782\" src=\"https:\/\/arhainteriors.ee\/wp-content\/uploads\/2024\/07\/icons8-upload-32.png\" alt=\"\" width=\"18\" height=\"18\" \/>\u00a0<a href=\"https:\/\/presscloud.com\/file\/14\/143707621813274\/PFS_Brasilia_Lounge_Chair.pdf\">tooteandmed<\/a><\/strong>\u00a0,\u00a0<strong><img loading=\"lazy\" decoding=\"async\" class=\"alignnone wp-image-7782\" src=\"https:\/\/arhainteriors.ee\/wp-content\/uploads\/2024\/07\/icons8-upload-32.png\" alt=\"\" width=\"18\" height=\"18\" \/>\u00a0<a href=\"https:\/\/audo.presscloud.com\/digitalshowroom\/#\/gallery\/Brasilia-Lounge-Chair\">2d\/3d failid<\/a><\/strong>\u00a0 ,\u00a0<strong><img loading=\"lazy\" decoding=\"async\" class=\"alignnone wp-image-7782\" src=\"https:\/\/arhainteriors.ee\/wp-content\/uploads\/2024\/07\/icons8-upload-32.png\" alt=\"\" width=\"18\" height=\"18\" \/>\u00a0<a href=\"https:\/\/presscloud.com\/file\/65\/655477028398859\/Audo_Cph_Care_Instructions.pdf\">hooldusjuhend<\/a><\/strong><\/p>\n<p id=\"tw-target-text\" class=\"tw-data-text tw-text-large tw-ta\" dir=\"ltr\" data-placeholder=\"T\u00f5lge\" data-ved=\"2ahUKEwiM6oDejICEAxVcFhAIHbW3AscQ3ewLegQIBRAQ\"><span class=\"Y2IQFc\" lang=\"et\">Skandinaavia sajandi keskpaiga disainiesteetika ja Brasiilia modernism kohtuvad madalal asuval Brasilia lamamistoolil, mis on disainitud Anderssen &amp; Volli Audo jaoks. Luksuslik tugitooli-lamamistooli h\u00fcbriid pakub t\u00e4nu oma tugevale raamile ja pehmele polsterdusele v\u00f5rratut istumismugavust. Seda iseloomustavad selle j\u00e4medad ja tugevad jalad, mis on valmistatud traditsiooniliste tisleritehnikate abil ning liialdatud k\u00e4etoed ning pehmendav iste ja seljatugi, mis on polsterdatud mitmesuguste pehmete kangastega, mis loob mugavuse ja kerguse tunde igas keskkonnas.<\/span><\/p>\n","protected":false},"featured_media":4322,"template":"","meta":{"_gspb_post_css":""},"product_brand":[264],"product_cat":[158],"product_tag":[232,169],"class_list":{"0":"post-4321","1":"product","2":"type-product","3":"status-publish","4":"has-post-thumbnail","6":"product_brand-audo-cph","7":"product_cat-tugitoolid","8":"product_tag-audo","9":"product_tag-tugitoolid","11":"first","12":"instock","13":"taxable","14":"shipping-taxable","15":"purchasable","16":"product-type-simple"},"ct_brands":[{"id":264,"name":"Audo CPH","slug":"audo-cph"}],"_links":{"self":[{"href":"https:\/\/arhainteriors.ee\/en\/wp-json\/wp\/v2\/product\/4321","targetHints":{"allow":["GET"]}}],"collection":[{"href":"https:\/\/arhainteriors.ee\/en\/wp-json\/wp\/v2\/product"}],"about":[{"href":"https:\/\/arhainteriors.ee\/en\/wp-json\/wp\/v2\/types\/product"}],"wp:featuredmedia":[{"embeddable":true,"href":"https:\/\/arhainteriors.ee\/en\/wp-json\/wp\/v2\/media\/4322"}],"wp:attachment":[{"href":"https:\/\/arhainteriors.ee\/en\/wp-json\/wp\/v2\/media?parent=4321"}],"wp:term":[{"taxonomy":"product_brand","embeddable":true,"href":"https:\/\/arhainteriors.ee\/en\/wp-json\/wp\/v2\/product_brand?post=4321"},{"taxonomy":"product_cat","embeddable":true,"href":"https:\/\/arhainteriors.ee\/en\/wp-json\/wp\/v2\/product_cat?post=4321"},{"taxonomy":"product_tag","embeddable":true,"href":"https:\/\/arhainteriors.ee\/en\/wp-json\/wp\/v2\/product_tag?post=4321"}],"curies":[{"name":"wp","href":"https:\/\/api.w.org\/{rel}","templated":true}]}}