{"id":4317,"date":"2024-01-28T12:30:59","date_gmt":"2024-01-28T12:30:59","guid":{"rendered":"https:\/\/arhainteriors.ee\/?post_type=product&#038;p=4317"},"modified":"2024-09-04T19:41:42","modified_gmt":"2024-09-04T19:41:42","slug":"knitting-tugitool-nahast","status":"publish","type":"product","link":"https:\/\/arhainteriors.ee\/en\/toode\/knitting-tugitool-nahast\/","title":{"rendered":"KNITTING tugitool, nahast"},"content":{"rendered":"","protected":false},"excerpt":{"rendered":"<p><strong>Toote k\u00f5rgus:<\/strong> 90,6 cm\u00a0 <strong>Toote laius:<\/strong> 71,3 cm<\/p>\n<p><strong><img loading=\"lazy\" decoding=\"async\" class=\"alignnone wp-image-7782\" src=\"https:\/\/arhainteriors.ee\/wp-content\/uploads\/2024\/07\/icons8-upload-32.png\" alt=\"\" width=\"18\" height=\"18\" \/>\u00a0<a href=\"https:\/\/presscloud.com\/file\/60\/606271488859581\/PFS_Knitting_Lounge_Chair.pdf\">tooteandmed<\/a><\/strong>\u00a0,\u00a0<strong><img loading=\"lazy\" decoding=\"async\" class=\"alignnone wp-image-7782\" src=\"https:\/\/arhainteriors.ee\/wp-content\/uploads\/2024\/07\/icons8-upload-32.png\" alt=\"\" width=\"18\" height=\"18\" \/>\u00a0<a href=\"https:\/\/audo.presscloud.com\/digitalshowroom\/#\/gallery\/Knitting-Chair\">2d\/3d failid<\/a><\/strong>\u00a0 ,\u00a0<strong><img loading=\"lazy\" decoding=\"async\" class=\"alignnone wp-image-7782\" src=\"https:\/\/arhainteriors.ee\/wp-content\/uploads\/2024\/07\/icons8-upload-32.png\" alt=\"\" width=\"18\" height=\"18\" \/>\u00a0<a href=\"https:\/\/presscloud.com\/file\/65\/655477028398859\/Audo_Cph_Care_Instructions.pdf\">hooldusjuhend<\/a><\/strong><\/p>\n<p>Knitting Chair ehk kudumistool, mille on kujundanud Ib Kofod-Larsen ja mis esmalt tutvustati piiratud v\u00e4ljaandena aastal 1951, teeb triumfeeriva naasmise kaasaegse Taani disaini maailma Audo kontseptsiooni &#8220;Modernism Reimagined&#8221; raames. See on br\u00e4ndi esimene samm klassikalise m\u00f6\u00f6bli valdkonda. Tooli proportsioonide taju ja enneolematu kvaliteet teevad sellest loomuliku valiku kaasaegsetesse sisekujundustesse toomiseks. Knitting Chair&#8217;i m\u00e4nguline olemus toob esile selle l\u00e4bim\u00f5eldud disaini. Nime saanud k\u00fc\u00fcnarnukil\u00f5igete j\u00e4rgi, mis v\u00f5imaldavad maksimaalset mugavust kudumise ajal (v\u00f5i lugemise ajal), on tool selgelt meisterdisaineri t\u00f6\u00f6.<\/p>\n","protected":false},"featured_media":4318,"template":"","meta":{"_gspb_post_css":""},"product_brand":[264],"product_cat":[158],"product_tag":[232,169],"class_list":{"0":"post-4317","1":"product","2":"type-product","3":"status-publish","4":"has-post-thumbnail","6":"product_brand-audo-cph","7":"product_cat-tugitoolid","8":"product_tag-audo","9":"product_tag-tugitoolid","11":"first","12":"instock","13":"taxable","14":"shipping-taxable","15":"purchasable","16":"product-type-simple"},"ct_brands":[{"id":264,"name":"Audo CPH","slug":"audo-cph"}],"_links":{"self":[{"href":"https:\/\/arhainteriors.ee\/en\/wp-json\/wp\/v2\/product\/4317","targetHints":{"allow":["GET"]}}],"collection":[{"href":"https:\/\/arhainteriors.ee\/en\/wp-json\/wp\/v2\/product"}],"about":[{"href":"https:\/\/arhainteriors.ee\/en\/wp-json\/wp\/v2\/types\/product"}],"wp:featuredmedia":[{"embeddable":true,"href":"https:\/\/arhainteriors.ee\/en\/wp-json\/wp\/v2\/media\/4318"}],"wp:attachment":[{"href":"https:\/\/arhainteriors.ee\/en\/wp-json\/wp\/v2\/media?parent=4317"}],"wp:term":[{"taxonomy":"product_brand","embeddable":true,"href":"https:\/\/arhainteriors.ee\/en\/wp-json\/wp\/v2\/product_brand?post=4317"},{"taxonomy":"product_cat","embeddable":true,"href":"https:\/\/arhainteriors.ee\/en\/wp-json\/wp\/v2\/product_cat?post=4317"},{"taxonomy":"product_tag","embeddable":true,"href":"https:\/\/arhainteriors.ee\/en\/wp-json\/wp\/v2\/product_tag?post=4317"}],"curies":[{"name":"wp","href":"https:\/\/api.w.org\/{rel}","templated":true}]}}