{"id":4312,"date":"2024-01-28T12:25:55","date_gmt":"2024-01-28T12:25:55","guid":{"rendered":"https:\/\/arhainteriors.ee\/?post_type=product&#038;p=4312"},"modified":"2024-09-04T19:43:13","modified_gmt":"2024-09-04T19:43:13","slug":"ml-42-baaripukk","status":"publish","type":"product","link":"https:\/\/arhainteriors.ee\/en\/toode\/ml-42-baaripukk\/","title":{"rendered":"ML 42 baaripukk"},"content":{"rendered":"","protected":false},"excerpt":{"rendered":"<p><strong>Toote k\u00f5rgus:<\/strong> 73 cm\u00a0 <strong>Toote laius:<\/strong> 55,5 cm<\/p>\n<p><strong><img loading=\"lazy\" decoding=\"async\" class=\"alignnone wp-image-7782\" src=\"https:\/\/arhainteriors.ee\/wp-content\/uploads\/2024\/07\/icons8-upload-32.png\" alt=\"\" width=\"18\" height=\"18\" \/>\u00a0<a href=\"https:\/\/presscloud.com\/file\/73\/738884302142976\/PFS_ML_42_Counter_Stool.pdf\">tooteandmed<\/a><\/strong>\u00a0,\u00a0<strong><img loading=\"lazy\" decoding=\"async\" class=\"alignnone wp-image-7782\" src=\"https:\/\/arhainteriors.ee\/wp-content\/uploads\/2024\/07\/icons8-upload-32.png\" alt=\"\" width=\"18\" height=\"18\" \/>\u00a0<a href=\"https:\/\/audo.presscloud.com\/digitalshowroom\/#\/gallery\/ML-42\">2d\/3d failid<\/a><\/strong>\u00a0 ,\u00a0<strong><img loading=\"lazy\" decoding=\"async\" class=\"alignnone wp-image-7782\" src=\"https:\/\/arhainteriors.ee\/wp-content\/uploads\/2024\/07\/icons8-upload-32.png\" alt=\"\" width=\"18\" height=\"18\" \/>\u00a0<a href=\"https:\/\/presscloud.com\/file\/65\/655477028398859\/Audo_Cph_Care_Instructions.pdf\">hooldusjuhend<\/a><\/strong><\/p>\n<p>Aastal 1942 kavandas Mogens Lassen tabureti Stool ML42 m\u00f6\u00f6blin\u00e4ituse tarbeks, mis toimus Taani Kunsti Dekoratiivmuuseumis. Ta inspireerus minevikus kasutatud kingseppade taburetidest ning kandis selle kerge, elegantse ilme \u00fcle selle skulpturaalse kolmejalgse tabureti loomisele. Taburet Stool ML42 on rahvusvaheliste disainihuviliste seas hinnatud kollektsion\u00e4\u00e4ri ese.<\/p>\n","protected":false},"featured_media":4314,"template":"","meta":{"_gspb_post_css":""},"product_brand":[264],"product_cat":[241],"product_tag":[232,242],"class_list":{"0":"post-4312","1":"product","2":"type-product","3":"status-publish","4":"has-post-thumbnail","6":"product_brand-audo-cph","7":"product_cat-baaripukid","8":"product_tag-audo","9":"product_tag-baaripukid","11":"first","12":"instock","13":"taxable","14":"shipping-taxable","15":"purchasable","16":"product-type-simple"},"ct_brands":[{"id":264,"name":"Audo CPH","slug":"audo-cph"}],"_links":{"self":[{"href":"https:\/\/arhainteriors.ee\/en\/wp-json\/wp\/v2\/product\/4312","targetHints":{"allow":["GET"]}}],"collection":[{"href":"https:\/\/arhainteriors.ee\/en\/wp-json\/wp\/v2\/product"}],"about":[{"href":"https:\/\/arhainteriors.ee\/en\/wp-json\/wp\/v2\/types\/product"}],"wp:featuredmedia":[{"embeddable":true,"href":"https:\/\/arhainteriors.ee\/en\/wp-json\/wp\/v2\/media\/4314"}],"wp:attachment":[{"href":"https:\/\/arhainteriors.ee\/en\/wp-json\/wp\/v2\/media?parent=4312"}],"wp:term":[{"taxonomy":"product_brand","embeddable":true,"href":"https:\/\/arhainteriors.ee\/en\/wp-json\/wp\/v2\/product_brand?post=4312"},{"taxonomy":"product_cat","embeddable":true,"href":"https:\/\/arhainteriors.ee\/en\/wp-json\/wp\/v2\/product_cat?post=4312"},{"taxonomy":"product_tag","embeddable":true,"href":"https:\/\/arhainteriors.ee\/en\/wp-json\/wp\/v2\/product_tag?post=4312"}],"curies":[{"name":"wp","href":"https:\/\/api.w.org\/{rel}","templated":true}]}}