{"id":4308,"date":"2024-01-28T11:55:36","date_gmt":"2024-01-28T11:55:36","guid":{"rendered":"https:\/\/arhainteriors.ee\/?post_type=product&#038;p=4308"},"modified":"2024-09-04T19:45:08","modified_gmt":"2024-09-04T19:45:08","slug":"afteroom-baaripukk","status":"publish","type":"product","link":"https:\/\/arhainteriors.ee\/en\/toode\/afteroom-baaripukk\/","title":{"rendered":"AFTEROOM baaripukk"},"content":{"rendered":"","protected":false},"excerpt":{"rendered":"<p><strong>Toote k\u00f5rgus:<\/strong> 97 cm\u00a0 <strong>Toote laius:<\/strong> 48 cm<\/p>\n<p><strong><img loading=\"lazy\" decoding=\"async\" class=\"alignnone wp-image-7782\" src=\"https:\/\/arhainteriors.ee\/wp-content\/uploads\/2024\/07\/icons8-upload-32.png\" alt=\"\" width=\"18\" height=\"18\" \/>\u00a0<a href=\"https:\/\/presscloud.com\/file\/51\/515118834556213\/PFS_Afteroom_Counter_Chair_Plus.pdf\">tooteandmed<\/a><\/strong>\u00a0,\u00a0<strong><img loading=\"lazy\" decoding=\"async\" class=\"alignnone wp-image-7782\" src=\"https:\/\/arhainteriors.ee\/wp-content\/uploads\/2024\/07\/icons8-upload-32.png\" alt=\"\" width=\"18\" height=\"18\" \/>\u00a0<a href=\"https:\/\/audo.presscloud.com\/digitalshowroom\/#\/gallery\/Afteroom-Counter-Chair-Plus\">2d\/3d failid<\/a><\/strong>\u00a0 ,\u00a0<strong><img loading=\"lazy\" decoding=\"async\" class=\"alignnone wp-image-7782\" src=\"https:\/\/arhainteriors.ee\/wp-content\/uploads\/2024\/07\/icons8-upload-32.png\" alt=\"\" width=\"18\" height=\"18\" \/>\u00a0<a href=\"https:\/\/presscloud.com\/file\/65\/655477028398859\/Audo_Cph_Care_Instructions.pdf\">hooldusjuhend<\/a><\/strong><\/p>\n<p>Kaunilt minimaalne Afteroom tool on austusavaldus funktsionalismile ja Bauhausi kunstikoolile. Alates selle esmaesitlusest 2012. aastal on see olnud Audo m\u00fc\u00fcgihitt ning selle disain on Afteroomi stuudio t\u00f6\u00f6, mille asutasid disainerid Hung-Ming Chen ja Chen-Yen Wei Stockholmis. Duo viib tooli uuele tasemele Afteroom Chair Plus&#8217;iga. Sarnaselt originaaliga on tool dekonstrueeritud ja lihtsustatud, eemaldades \u00fcleliigsed komponendid, kuid lisandub laiem seljatugi ja luksuslik polsterdus nii istmele kui ka seljatoele. Tulemuseks on \u00f5nniselt lihtne tool, mis j\u00e4rgib minimaalismi ja puhtaid jooni, ilma mugavusele j\u00e4releandmata.<\/p>\n","protected":false},"featured_media":4309,"template":"","meta":{"_gspb_post_css":""},"product_brand":[264],"product_cat":[241],"product_tag":[232,242],"class_list":{"0":"post-4308","1":"product","2":"type-product","3":"status-publish","4":"has-post-thumbnail","6":"product_brand-audo-cph","7":"product_cat-baaripukid","8":"product_tag-audo","9":"product_tag-baaripukid","11":"first","12":"instock","13":"taxable","14":"shipping-taxable","15":"purchasable","16":"product-type-simple"},"ct_brands":[{"id":264,"name":"Audo CPH","slug":"audo-cph"}],"_links":{"self":[{"href":"https:\/\/arhainteriors.ee\/en\/wp-json\/wp\/v2\/product\/4308","targetHints":{"allow":["GET"]}}],"collection":[{"href":"https:\/\/arhainteriors.ee\/en\/wp-json\/wp\/v2\/product"}],"about":[{"href":"https:\/\/arhainteriors.ee\/en\/wp-json\/wp\/v2\/types\/product"}],"wp:featuredmedia":[{"embeddable":true,"href":"https:\/\/arhainteriors.ee\/en\/wp-json\/wp\/v2\/media\/4309"}],"wp:attachment":[{"href":"https:\/\/arhainteriors.ee\/en\/wp-json\/wp\/v2\/media?parent=4308"}],"wp:term":[{"taxonomy":"product_brand","embeddable":true,"href":"https:\/\/arhainteriors.ee\/en\/wp-json\/wp\/v2\/product_brand?post=4308"},{"taxonomy":"product_cat","embeddable":true,"href":"https:\/\/arhainteriors.ee\/en\/wp-json\/wp\/v2\/product_cat?post=4308"},{"taxonomy":"product_tag","embeddable":true,"href":"https:\/\/arhainteriors.ee\/en\/wp-json\/wp\/v2\/product_tag?post=4308"}],"curies":[{"name":"wp","href":"https:\/\/api.w.org\/{rel}","templated":true}]}}