{"id":4304,"date":"2024-01-28T11:51:43","date_gmt":"2024-01-28T11:51:43","guid":{"rendered":"https:\/\/arhainteriors.ee\/?post_type=product&#038;p=4304"},"modified":"2024-09-04T19:47:13","modified_gmt":"2024-09-04T19:47:13","slug":"harbour-baaripukk-polsterdatud","status":"publish","type":"product","link":"https:\/\/arhainteriors.ee\/en\/toode\/harbour-baaripukk-polsterdatud\/","title":{"rendered":"HARBOUR baaripukk, polsterdatud"},"content":{"rendered":"","protected":false},"excerpt":{"rendered":"<p><strong>Toote k\u00f5rgus:<\/strong> 112 cm\u00a0 <strong>Toote laius:<\/strong> 58,5 cm<\/p>\n<p><strong><img loading=\"lazy\" decoding=\"async\" class=\"alignnone wp-image-7782\" src=\"https:\/\/arhainteriors.ee\/wp-content\/uploads\/2024\/07\/icons8-upload-32.png\" alt=\"\" width=\"18\" height=\"18\" \/>\u00a0<a href=\"https:\/\/presscloud.com\/file\/63\/635845932138485\/PFS_Harbour_Counter_Chair.pdf\">tooteandmed<\/a><\/strong>\u00a0,\u00a0<strong><img loading=\"lazy\" decoding=\"async\" class=\"alignnone wp-image-7782\" src=\"https:\/\/arhainteriors.ee\/wp-content\/uploads\/2024\/07\/icons8-upload-32.png\" alt=\"\" width=\"18\" height=\"18\" \/>\u00a0<a href=\"https:\/\/audo.presscloud.com\/digitalshowroom\/#\/gallery\/Harbour-Bar-%2526-Counter-Chair\">2d\/3d failid<\/a><\/strong>\u00a0 ,\u00a0<strong><img loading=\"lazy\" decoding=\"async\" class=\"alignnone wp-image-7782\" src=\"https:\/\/arhainteriors.ee\/wp-content\/uploads\/2024\/07\/icons8-upload-32.png\" alt=\"\" width=\"18\" height=\"18\" \/>\u00a0<a href=\"https:\/\/presscloud.com\/file\/65\/655477028398859\/Audo_Cph_Care_Instructions.pdf\">hooldusjuhend<\/a><\/strong><\/p>\n<p>Kas armastad s\u00fc\u00fca, t\u00f6\u00f6tada ja aega veeta k\u00f6\u00f6gisaare v\u00f5i eelistad k\u00f5rgemat varianti, uued baar- ja loenduriversioonid kutsuvad sind otse istuma. \u00d5hukesed ja skulpturaalsed geomeetrilised alused on kujundatud mugava jalatoega, mis on t\u00e4pselt \u00f5igel k\u00f5rgusel, et pikendada mugavust ja hoida sinu poos parimas vormis. Alused on saadaval musta pulberv\u00e4rvitud terasena. Audo pakub mitmeid kiire tarne saamiseks saadaval olevaid Harbour Bar Chair&#8217;i variante.<\/p>\n<p>K\u00f5ik Harbouri toolid on t\u00e4iustatud t\u00e4iendava vahtkummiga istme paremaks istumismugavuseks, t\u00f5stes paksuse 15 mm-lt 25 mm-ni.<\/p>\n","protected":false},"featured_media":4305,"template":"","meta":{"_gspb_post_css":""},"product_brand":[264],"product_cat":[241],"product_tag":[232,242],"class_list":{"0":"post-4304","1":"product","2":"type-product","3":"status-publish","4":"has-post-thumbnail","6":"product_brand-audo-cph","7":"product_cat-baaripukid","8":"product_tag-audo","9":"product_tag-baaripukid","11":"first","12":"instock","13":"taxable","14":"shipping-taxable","15":"purchasable","16":"product-type-simple"},"ct_brands":[{"id":264,"name":"Audo CPH","slug":"audo-cph"}],"_links":{"self":[{"href":"https:\/\/arhainteriors.ee\/en\/wp-json\/wp\/v2\/product\/4304","targetHints":{"allow":["GET"]}}],"collection":[{"href":"https:\/\/arhainteriors.ee\/en\/wp-json\/wp\/v2\/product"}],"about":[{"href":"https:\/\/arhainteriors.ee\/en\/wp-json\/wp\/v2\/types\/product"}],"wp:featuredmedia":[{"embeddable":true,"href":"https:\/\/arhainteriors.ee\/en\/wp-json\/wp\/v2\/media\/4305"}],"wp:attachment":[{"href":"https:\/\/arhainteriors.ee\/en\/wp-json\/wp\/v2\/media?parent=4304"}],"wp:term":[{"taxonomy":"product_brand","embeddable":true,"href":"https:\/\/arhainteriors.ee\/en\/wp-json\/wp\/v2\/product_brand?post=4304"},{"taxonomy":"product_cat","embeddable":true,"href":"https:\/\/arhainteriors.ee\/en\/wp-json\/wp\/v2\/product_cat?post=4304"},{"taxonomy":"product_tag","embeddable":true,"href":"https:\/\/arhainteriors.ee\/en\/wp-json\/wp\/v2\/product_tag?post=4304"}],"curies":[{"name":"wp","href":"https:\/\/api.w.org\/{rel}","templated":true}]}}