{"id":4288,"date":"2024-01-28T11:33:24","date_gmt":"2024-01-28T11:33:24","guid":{"rendered":"https:\/\/arhainteriors.ee\/?post_type=product&#038;p=4288"},"modified":"2024-09-04T19:56:47","modified_gmt":"2024-09-04T19:56:47","slug":"penguin-soogilaua-tool-taielikult-polsterdatud","status":"publish","type":"product","link":"https:\/\/arhainteriors.ee\/en\/toode\/penguin-soogilaua-tool-taielikult-polsterdatud\/","title":{"rendered":"PENGUIN s\u00f6\u00f6gilaua tool, t\u00e4ielikult polsterdatud"},"content":{"rendered":"","protected":false},"excerpt":{"rendered":"<p><strong>Toote k\u00f5rgus:<\/strong> 84 cm\u00a0 <strong>Toote laius:<\/strong> 57 cm<\/p>\n<p><strong><img loading=\"lazy\" decoding=\"async\" class=\"alignnone wp-image-7782\" src=\"https:\/\/arhainteriors.ee\/wp-content\/uploads\/2024\/07\/icons8-upload-32.png\" alt=\"\" width=\"18\" height=\"18\" \/>\u00a0<a href=\"https:\/\/presscloud.com\/file\/78\/783995147832560\/PFS_The_Penguin_Dining_Chair.pdf\">tooteandmed<\/a><\/strong>\u00a0,\u00a0<strong><img loading=\"lazy\" decoding=\"async\" class=\"alignnone wp-image-7782\" src=\"https:\/\/arhainteriors.ee\/wp-content\/uploads\/2024\/07\/icons8-upload-32.png\" alt=\"\" width=\"18\" height=\"18\" \/>\u00a0<a href=\"https:\/\/audo.presscloud.com\/digitalshowroom\/#\/gallery\/Penguin-Dining-Chair\">2d\/3d failid<\/a><\/strong>\u00a0 ,\u00a0<strong><img loading=\"lazy\" decoding=\"async\" class=\"alignnone wp-image-7782\" src=\"https:\/\/arhainteriors.ee\/wp-content\/uploads\/2024\/07\/icons8-upload-32.png\" alt=\"\" width=\"18\" height=\"18\" \/>\u00a0<a href=\"https:\/\/presscloud.com\/file\/65\/655477028398859\/Audo_Cph_Care_Instructions.pdf\">hooldusjuhend<\/a><\/strong><\/p>\n<p>Aastal 1953 kujundatud Ib Kofod-Larseni poolt, peetakse Pingviini s\u00f6\u00f6gitooli t\u00e4nap\u00e4eval keskmise sajandi meistriteoseks. Rahulik, harmooniline ja keha kallistav, Penguin&#8217;i lihtne disain pakub m\u00e4rkimisv\u00e4\u00e4rselt k\u00f5rget mugavustaset, olles nii kiiktool, s\u00f6\u00f6gitool kui ka puhketool. Istme ja seljatoe polsterdus tagab lisatoe, andes samal ajal kuulsale disainile uue ilme.<\/p>\n","protected":false},"featured_media":4289,"template":"","meta":{"_gspb_post_css":""},"product_brand":[264],"product_cat":[237,180],"product_tag":[232,238,170],"class_list":{"0":"post-4288","1":"product","2":"type-product","3":"status-publish","4":"has-post-thumbnail","6":"product_brand-audo-cph","7":"product_cat-soogilaua-toolid","8":"product_cat-toolid","9":"product_tag-audo","10":"product_tag-soogilaua-toolid","11":"product_tag-toolid","13":"first","14":"instock","15":"taxable","16":"shipping-taxable","17":"purchasable","18":"product-type-simple"},"ct_brands":[{"id":264,"name":"Audo CPH","slug":"audo-cph"}],"_links":{"self":[{"href":"https:\/\/arhainteriors.ee\/en\/wp-json\/wp\/v2\/product\/4288","targetHints":{"allow":["GET"]}}],"collection":[{"href":"https:\/\/arhainteriors.ee\/en\/wp-json\/wp\/v2\/product"}],"about":[{"href":"https:\/\/arhainteriors.ee\/en\/wp-json\/wp\/v2\/types\/product"}],"wp:featuredmedia":[{"embeddable":true,"href":"https:\/\/arhainteriors.ee\/en\/wp-json\/wp\/v2\/media\/4289"}],"wp:attachment":[{"href":"https:\/\/arhainteriors.ee\/en\/wp-json\/wp\/v2\/media?parent=4288"}],"wp:term":[{"taxonomy":"product_brand","embeddable":true,"href":"https:\/\/arhainteriors.ee\/en\/wp-json\/wp\/v2\/product_brand?post=4288"},{"taxonomy":"product_cat","embeddable":true,"href":"https:\/\/arhainteriors.ee\/en\/wp-json\/wp\/v2\/product_cat?post=4288"},{"taxonomy":"product_tag","embeddable":true,"href":"https:\/\/arhainteriors.ee\/en\/wp-json\/wp\/v2\/product_tag?post=4288"}],"curies":[{"name":"wp","href":"https:\/\/api.w.org\/{rel}","templated":true}]}}