{"id":4280,"date":"2024-01-28T11:22:29","date_gmt":"2024-01-28T11:22:29","guid":{"rendered":"https:\/\/arhainteriors.ee\/?post_type=product&#038;p=4280"},"modified":"2024-09-04T20:00:13","modified_gmt":"2024-09-04T20:00:13","slug":"snaregade-kirjutuslaud","status":"publish","type":"product","link":"https:\/\/arhainteriors.ee\/en\/toode\/snaregade-kirjutuslaud\/","title":{"rendered":"SNAREGADE kirjutuslaud"},"content":{"rendered":"","protected":false},"excerpt":{"rendered":"<p><strong>Toote k\u00f5rgus:<\/strong> 73 cm\u00a0 <strong>Toote laius:<\/strong> 200 cm<\/p>\n<p><strong><img loading=\"lazy\" decoding=\"async\" class=\"alignnone wp-image-7782\" src=\"https:\/\/arhainteriors.ee\/wp-content\/uploads\/2024\/07\/icons8-upload-32.png\" alt=\"\" width=\"18\" height=\"18\" \/>\u00a0<a href=\"https:\/\/presscloud.com\/file\/38\/384752303885294\/PFS_Snaregade_Conference_Table.pdf\">tooteandmed<\/a><\/strong>\u00a0,\u00a0<strong><img loading=\"lazy\" decoding=\"async\" class=\"alignnone wp-image-7782\" src=\"https:\/\/arhainteriors.ee\/wp-content\/uploads\/2024\/07\/icons8-upload-32.png\" alt=\"\" width=\"18\" height=\"18\" \/>\u00a0<a href=\"https:\/\/audo.presscloud.com\/digitalshowroom\/#\/gallery\/Snaregade-Conference-Table\">2d\/3d failid<\/a><\/strong>\u00a0 ,\u00a0<strong><img loading=\"lazy\" decoding=\"async\" class=\"alignnone wp-image-7782\" src=\"https:\/\/arhainteriors.ee\/wp-content\/uploads\/2024\/07\/icons8-upload-32.png\" alt=\"\" width=\"18\" height=\"18\" \/>\u00a0<a href=\"https:\/\/presscloud.com\/file\/65\/655477028398859\/Audo_Cph_Care_Instructions.pdf\">hooldusjuhend<\/a><\/strong><\/p>\n<p>Snaregade kollektsioon pakub mitmekesist valikut laudu, mis sobivad igasse keskkonda ja igaks s\u00fcndmuseks. Sarja viimane t\u00e4iendus on Snaregade konverentsilaud, suur ristk\u00fclikukujuline disain erinevates elegantsetes materjalides, m\u00f5eldud t\u00f6\u00f6ruumide jaoks &#8211; olgu see siis kodus v\u00f5i kontoris. T\u00f6\u00f6tatud v\u00e4lja keskmise paigaldusavaga, koos vastava kaanega ja kaablikanaliga, tagab see, et pind j\u00e4\u00e4b elektriplugude ja juhtmete segadusest vabaks. Snaregade konverentsilaua juurde kuulub ka valikuline Seat runner &#8211; Co Chairs toolide paigaldamiseks laua alla. Seat runner pole kaasas ja tuleb osta eraldi.<\/p>\n","protected":false},"featured_media":4282,"template":"","meta":{"_gspb_post_css":""},"product_brand":[264],"product_cat":[235,173],"product_tag":[232,236,175],"class_list":{"0":"post-4280","1":"product","2":"type-product","3":"status-publish","4":"has-post-thumbnail","6":"product_brand-audo-cph","7":"product_cat-kirjutuslauad","8":"product_cat-lauad","9":"product_tag-audo","10":"product_tag-kirjutuslaud","11":"product_tag-lauad","13":"first","14":"instock","15":"taxable","16":"shipping-taxable","17":"purchasable","18":"product-type-simple"},"ct_brands":[{"id":264,"name":"Audo CPH","slug":"audo-cph"}],"_links":{"self":[{"href":"https:\/\/arhainteriors.ee\/en\/wp-json\/wp\/v2\/product\/4280","targetHints":{"allow":["GET"]}}],"collection":[{"href":"https:\/\/arhainteriors.ee\/en\/wp-json\/wp\/v2\/product"}],"about":[{"href":"https:\/\/arhainteriors.ee\/en\/wp-json\/wp\/v2\/types\/product"}],"wp:featuredmedia":[{"embeddable":true,"href":"https:\/\/arhainteriors.ee\/en\/wp-json\/wp\/v2\/media\/4282"}],"wp:attachment":[{"href":"https:\/\/arhainteriors.ee\/en\/wp-json\/wp\/v2\/media?parent=4280"}],"wp:term":[{"taxonomy":"product_brand","embeddable":true,"href":"https:\/\/arhainteriors.ee\/en\/wp-json\/wp\/v2\/product_brand?post=4280"},{"taxonomy":"product_cat","embeddable":true,"href":"https:\/\/arhainteriors.ee\/en\/wp-json\/wp\/v2\/product_cat?post=4280"},{"taxonomy":"product_tag","embeddable":true,"href":"https:\/\/arhainteriors.ee\/en\/wp-json\/wp\/v2\/product_tag?post=4280"}],"curies":[{"name":"wp","href":"https:\/\/api.w.org\/{rel}","templated":true}]}}