{"id":4272,"date":"2024-01-28T11:01:36","date_gmt":"2024-01-28T11:01:36","guid":{"rendered":"https:\/\/arhainteriors.ee\/?post_type=product&#038;p=4272"},"modified":"2024-09-04T20:02:36","modified_gmt":"2024-09-04T20:02:36","slug":"eclipse-kirjutuslaud","status":"publish","type":"product","link":"https:\/\/arhainteriors.ee\/en\/toode\/eclipse-kirjutuslaud\/","title":{"rendered":"ECLIPSE kirjutuslaud"},"content":{"rendered":"","protected":false},"excerpt":{"rendered":"<p><strong>Toote k\u00f5rgus:<\/strong> 75 cm\u00a0 <strong>Toote laius:<\/strong> 160 cm<\/p>\n<p><strong><img loading=\"lazy\" decoding=\"async\" class=\"alignnone wp-image-7782\" src=\"https:\/\/arhainteriors.ee\/wp-content\/uploads\/2024\/07\/icons8-upload-32.png\" alt=\"\" width=\"18\" height=\"18\" \/>\u00a0<a href=\"https:\/\/presscloud.com\/file\/28\/286211020762140\/PFS_Eclipse_Desk.pdf\">tooteandmed<\/a><\/strong>\u00a0,\u00a0<strong><img loading=\"lazy\" decoding=\"async\" class=\"alignnone wp-image-7782\" src=\"https:\/\/arhainteriors.ee\/wp-content\/uploads\/2024\/07\/icons8-upload-32.png\" alt=\"\" width=\"18\" height=\"18\" \/>\u00a0<a href=\"https:\/\/audo.presscloud.com\/digitalshowroom\/#\/gallery\/The-Eclipse-Desk\">2d\/3d failid<\/a><\/strong>\u00a0 ,\u00a0<strong><img loading=\"lazy\" decoding=\"async\" class=\"alignnone wp-image-7782\" src=\"https:\/\/arhainteriors.ee\/wp-content\/uploads\/2024\/07\/icons8-upload-32.png\" alt=\"\" width=\"18\" height=\"18\" \/>\u00a0<a href=\"https:\/\/presscloud.com\/file\/65\/655477028398859\/Audo_Cph_Care_Instructions.pdf\">hooldusjuhend<\/a><\/strong><\/p>\n<p>Eclipse kirjutuslaud on materjalide ja vormi t\u00e4histamine. Saanud nime oma sissev\u00f5lvatud ja v\u00e4ljaulatuvast kujundusest, mis meenutab taevakehade valgustatud liikumist taevas, on Fred Rigby disainil selgelt \u00e4ratuntav, as\u00fcmmeetriline siluett, mis kutsutab endaga tutvuma. Saadaval massiivtammest, tumeda \u00f5liga t\u00f6\u00f6deldud tamme ja \u00f5litatud naturaalse tamme variantides koos musta v\u00e4rvitud jalaga, on lauaplaat varustatud kaanega, mis t\u00f5useb avamisel, paljastades peidetud s\u00e4ilitusruumi toetava terasest posti sees, tagades, et kirjutuslaud j\u00e4\u00e4b koristatud. Disainitud seisma omaette ruumi keskpunktina v\u00f5i asetamiseks seina \u00e4\u00e4rde kui tavalisem kodukontori m\u00f6\u00f6bliese, t\u00f5mbab selle intrigeeriv vorm pilku ligi.<\/p>\n","protected":false},"featured_media":4273,"template":"","meta":{"_gspb_post_css":""},"product_brand":[264],"product_cat":[235,173],"product_tag":[232,236,175],"class_list":{"0":"post-4272","1":"product","2":"type-product","3":"status-publish","4":"has-post-thumbnail","6":"product_brand-audo-cph","7":"product_cat-kirjutuslauad","8":"product_cat-lauad","9":"product_tag-audo","10":"product_tag-kirjutuslaud","11":"product_tag-lauad","13":"first","14":"instock","15":"taxable","16":"shipping-taxable","17":"purchasable","18":"product-type-simple"},"ct_brands":[{"id":264,"name":"Audo CPH","slug":"audo-cph"}],"_links":{"self":[{"href":"https:\/\/arhainteriors.ee\/en\/wp-json\/wp\/v2\/product\/4272","targetHints":{"allow":["GET"]}}],"collection":[{"href":"https:\/\/arhainteriors.ee\/en\/wp-json\/wp\/v2\/product"}],"about":[{"href":"https:\/\/arhainteriors.ee\/en\/wp-json\/wp\/v2\/types\/product"}],"wp:featuredmedia":[{"embeddable":true,"href":"https:\/\/arhainteriors.ee\/en\/wp-json\/wp\/v2\/media\/4273"}],"wp:attachment":[{"href":"https:\/\/arhainteriors.ee\/en\/wp-json\/wp\/v2\/media?parent=4272"}],"wp:term":[{"taxonomy":"product_brand","embeddable":true,"href":"https:\/\/arhainteriors.ee\/en\/wp-json\/wp\/v2\/product_brand?post=4272"},{"taxonomy":"product_cat","embeddable":true,"href":"https:\/\/arhainteriors.ee\/en\/wp-json\/wp\/v2\/product_cat?post=4272"},{"taxonomy":"product_tag","embeddable":true,"href":"https:\/\/arhainteriors.ee\/en\/wp-json\/wp\/v2\/product_tag?post=4272"}],"curies":[{"name":"wp","href":"https:\/\/api.w.org\/{rel}","templated":true}]}}