{"id":4255,"date":"2024-01-28T10:42:14","date_gmt":"2024-01-28T10:42:14","guid":{"rendered":"https:\/\/arhainteriors.ee\/?post_type=product&#038;p=4255"},"modified":"2024-09-04T20:11:19","modified_gmt":"2024-09-04T20:11:19","slug":"androguune-puhvetlaud-puidust","status":"publish","type":"product","link":"https:\/\/arhainteriors.ee\/en\/toode\/androguune-puhvetlaud-puidust\/","title":{"rendered":"Androg\u00fc\u00fcne puhvetlaud, puidust"},"content":{"rendered":"","protected":false},"excerpt":{"rendered":"<p><strong>Toote k\u00f5rgus:<\/strong> 37,8 cm\u00a0 <strong>Toote laius:<\/strong> 120 cm<\/p>\n<p><strong><img loading=\"lazy\" decoding=\"async\" class=\"alignnone wp-image-7782\" src=\"https:\/\/arhainteriors.ee\/wp-content\/uploads\/2024\/07\/icons8-upload-32.png\" alt=\"\" width=\"18\" height=\"18\" \/>\u00a0<a href=\"https:\/\/presscloud.com\/file\/86\/862723436609657\/PFS_Androgyne_Lounge_Table.pdf\">tooteandmed<\/a><\/strong>\u00a0,\u00a0<strong><img loading=\"lazy\" decoding=\"async\" class=\"alignnone wp-image-7782\" src=\"https:\/\/arhainteriors.ee\/wp-content\/uploads\/2024\/07\/icons8-upload-32.png\" alt=\"\" width=\"18\" height=\"18\" \/>\u00a0<a href=\"https:\/\/audo.presscloud.com\/digitalshowroom\/#\/gallery\/Androgyne-Lounge-Table\">2d\/3d failid<\/a><\/strong>\u00a0 ,\u00a0<strong><img loading=\"lazy\" decoding=\"async\" class=\"alignnone wp-image-7782\" src=\"https:\/\/arhainteriors.ee\/wp-content\/uploads\/2024\/07\/icons8-upload-32.png\" alt=\"\" width=\"18\" height=\"18\" \/>\u00a0<a href=\"https:\/\/presscloud.com\/file\/65\/655477028398859\/Audo_Cph_Care_Instructions.pdf\">hooldusjuhend<\/a><\/strong><\/p>\n<p>Algsest v\u00e4lja t\u00f6\u00f6tatud Norra arhitekti ja disaineri Danielle Siggerudi poolt Audo endise showroomi kohviku jaoks, esitleb Androgyne kollektsioon lihtsaid siluette ja viimistletud materjale. T\u00e4histades k\u00e4sit\u00f6\u00f6d ja puitu, on Androgyne puhvetlaud saadaval naturaalses v\u00f5i tumedas tamme- v\u00f5i p\u00e4hklipuidus ning valikuga kunis breccia kivi v\u00f5i calacatta viola marmorist lauaplaadiga. Kuju ja funktsiooniga, mis sobivad igap\u00e4evastesse keskkondadesse, v\u00f5imaldab mitmek\u00fclgne modernistlik disain kasutada seda nii puhvetlauana kui ka pinkina raamatute v\u00f5i silmapaistvate dekoratsioonide jaoks.<\/p>\n","protected":false},"featured_media":4257,"template":"","meta":{"_gspb_post_css":""},"product_brand":[264],"product_cat":[174,222,173],"product_tag":[232,176,224,175],"class_list":{"0":"post-4255","1":"product","2":"type-product","3":"status-publish","4":"has-post-thumbnail","6":"product_brand-audo-cph","7":"product_cat-diivanilauad","8":"product_cat-kohvilauad","9":"product_cat-lauad","10":"product_tag-audo","11":"product_tag-diivanilauad","12":"product_tag-kohvilauad","13":"product_tag-lauad","15":"first","16":"instock","17":"taxable","18":"shipping-taxable","19":"purchasable","20":"product-type-simple"},"ct_brands":[{"id":264,"name":"Audo CPH","slug":"audo-cph"}],"_links":{"self":[{"href":"https:\/\/arhainteriors.ee\/en\/wp-json\/wp\/v2\/product\/4255","targetHints":{"allow":["GET"]}}],"collection":[{"href":"https:\/\/arhainteriors.ee\/en\/wp-json\/wp\/v2\/product"}],"about":[{"href":"https:\/\/arhainteriors.ee\/en\/wp-json\/wp\/v2\/types\/product"}],"wp:featuredmedia":[{"embeddable":true,"href":"https:\/\/arhainteriors.ee\/en\/wp-json\/wp\/v2\/media\/4257"}],"wp:attachment":[{"href":"https:\/\/arhainteriors.ee\/en\/wp-json\/wp\/v2\/media?parent=4255"}],"wp:term":[{"taxonomy":"product_brand","embeddable":true,"href":"https:\/\/arhainteriors.ee\/en\/wp-json\/wp\/v2\/product_brand?post=4255"},{"taxonomy":"product_cat","embeddable":true,"href":"https:\/\/arhainteriors.ee\/en\/wp-json\/wp\/v2\/product_cat?post=4255"},{"taxonomy":"product_tag","embeddable":true,"href":"https:\/\/arhainteriors.ee\/en\/wp-json\/wp\/v2\/product_tag?post=4255"}],"curies":[{"name":"wp","href":"https:\/\/api.w.org\/{rel}","templated":true}]}}