{"id":4233,"date":"2024-01-28T10:36:24","date_gmt":"2024-01-28T10:36:24","guid":{"rendered":"https:\/\/arhainteriors.ee\/?post_type=product&#038;p=4233"},"modified":"2024-09-04T20:13:05","modified_gmt":"2024-09-04T20:13:05","slug":"androguune-puhkelaud","status":"publish","type":"product","link":"https:\/\/arhainteriors.ee\/en\/toode\/androguune-puhkelaud\/","title":{"rendered":"Androg\u00fc\u00fcne puhkelaud"},"content":{"rendered":"","protected":false},"excerpt":{"rendered":"<p><strong>Toote k\u00f5rgus:<\/strong> 37,8 cm\u00a0 <strong>Toote laius:<\/strong> 120 cm<\/p>\n<p><strong><img loading=\"lazy\" decoding=\"async\" class=\"alignnone wp-image-7782\" src=\"https:\/\/arhainteriors.ee\/wp-content\/uploads\/2024\/07\/icons8-upload-32.png\" alt=\"\" width=\"18\" height=\"18\" \/>\u00a0<a href=\"https:\/\/presscloud.com\/file\/86\/862723436609657\/PFS_Androgyne_Lounge_Table.pdf\">tooteandmed<\/a><\/strong>\u00a0,\u00a0<strong><img loading=\"lazy\" decoding=\"async\" class=\"alignnone wp-image-7782\" src=\"https:\/\/arhainteriors.ee\/wp-content\/uploads\/2024\/07\/icons8-upload-32.png\" alt=\"\" width=\"18\" height=\"18\" \/>\u00a0<a href=\"https:\/\/audo.presscloud.com\/digitalshowroom\/#\/gallery\/Androgyne-Lounge-Table\">2d\/3d failid<\/a><\/strong>\u00a0 ,\u00a0<strong><img loading=\"lazy\" decoding=\"async\" class=\"alignnone wp-image-7782\" src=\"https:\/\/arhainteriors.ee\/wp-content\/uploads\/2024\/07\/icons8-upload-32.png\" alt=\"\" width=\"18\" height=\"18\" \/>\u00a0<a href=\"https:\/\/presscloud.com\/file\/65\/655477028398859\/Audo_Cph_Care_Instructions.pdf\">hooldusjuhend<\/a><\/strong><\/p>\n<p id=\"tw-target-text\" class=\"tw-data-text tw-text-large tw-ta\" dir=\"ltr\" data-placeholder=\"T\u00f5lge\" data-ved=\"2ahUKEwjDk5CO4_-DAxVtFRAIHfQ1C8oQ3ewLegQIBRAQ\"><span class=\"Y2IQFc\" lang=\"et\">Norra arhitekti ja disaineri Danielle Siggerudi Audo endise m\u00fc\u00fcgisalongi kohviku jaoks v\u00e4ljam\u00f5eldud Androgyne Collection profiilid on lihtsad siluetid ja rafineeritud materjalid. Kuni bret\u0161a kivist valmistatud monumentaalne disain, mida iseloomustavad iseloomulikud veenid ja soojades toonides mineraalsed fragmendid, Androgyne Lounge Table j\u00e4tkab kollektsiooni lihtsat siluetti, tutvustades samal ajal looduslikke materjale ning igap\u00e4evasteks oludeks loodud kuju ja funktsiooni. Mitmek\u00fclgne disain v\u00f5imaldab kasutada nii lamamislaua kui ka pingina raamatukuhjade v\u00f5i detailsete kaunistuste jaoks. Androgyne Lounge Table, mis on n\u00fc\u00fcd saadaval Calacatta Viola marmorist, on silmatorkav keskpunkt nii klassikalistes kui ka kaasaegsetes ruumides. Itaaliast p\u00e4rit m\u00e4\u00e4rdunudvalge marmori iseloomulikud lillad sooned ja looduslikud lisandid loovad kaunilt ainulaadsed pinnamustrid, mis lisavad disainile dimensiooni.<\/span><\/p>\n","protected":false},"featured_media":4234,"template":"","meta":{"_gspb_post_css":""},"product_brand":[264],"product_cat":[174,222,173],"product_tag":[232,176,224,175],"class_list":{"0":"post-4233","1":"product","2":"type-product","3":"status-publish","4":"has-post-thumbnail","6":"product_brand-audo-cph","7":"product_cat-diivanilauad","8":"product_cat-kohvilauad","9":"product_cat-lauad","10":"product_tag-audo","11":"product_tag-diivanilauad","12":"product_tag-kohvilauad","13":"product_tag-lauad","15":"first","16":"instock","17":"taxable","18":"shipping-taxable","19":"purchasable","20":"product-type-simple"},"ct_brands":[{"id":264,"name":"Audo CPH","slug":"audo-cph"}],"_links":{"self":[{"href":"https:\/\/arhainteriors.ee\/en\/wp-json\/wp\/v2\/product\/4233","targetHints":{"allow":["GET"]}}],"collection":[{"href":"https:\/\/arhainteriors.ee\/en\/wp-json\/wp\/v2\/product"}],"about":[{"href":"https:\/\/arhainteriors.ee\/en\/wp-json\/wp\/v2\/types\/product"}],"wp:featuredmedia":[{"embeddable":true,"href":"https:\/\/arhainteriors.ee\/en\/wp-json\/wp\/v2\/media\/4234"}],"wp:attachment":[{"href":"https:\/\/arhainteriors.ee\/en\/wp-json\/wp\/v2\/media?parent=4233"}],"wp:term":[{"taxonomy":"product_brand","embeddable":true,"href":"https:\/\/arhainteriors.ee\/en\/wp-json\/wp\/v2\/product_brand?post=4233"},{"taxonomy":"product_cat","embeddable":true,"href":"https:\/\/arhainteriors.ee\/en\/wp-json\/wp\/v2\/product_cat?post=4233"},{"taxonomy":"product_tag","embeddable":true,"href":"https:\/\/arhainteriors.ee\/en\/wp-json\/wp\/v2\/product_tag?post=4233"}],"curies":[{"name":"wp","href":"https:\/\/api.w.org\/{rel}","templated":true}]}}