{"id":4229,"date":"2024-01-28T10:29:25","date_gmt":"2024-01-28T10:29:25","guid":{"rendered":"https:\/\/arhainteriors.ee\/?post_type=product&#038;p=4229"},"modified":"2024-09-04T20:14:24","modified_gmt":"2024-09-04T20:14:24","slug":"corbel-laud","status":"publish","type":"product","link":"https:\/\/arhainteriors.ee\/en\/toode\/corbel-laud\/","title":{"rendered":"Corbel laud"},"content":{"rendered":"","protected":false},"excerpt":{"rendered":"<p><strong>Toote k\u00f5rgus:<\/strong> 30 cm\u00a0 <strong>Toote laius:<\/strong> 28 cm<\/p>\n<p><strong><img loading=\"lazy\" decoding=\"async\" class=\"alignnone wp-image-7782\" src=\"https:\/\/arhainteriors.ee\/wp-content\/uploads\/2024\/07\/icons8-upload-32.png\" alt=\"\" width=\"18\" height=\"18\" \/>\u00a0<a href=\"https:\/\/presscloud.com\/file\/99\/995460945756479\/PFS_Corbel_Shelf.pdf\">tooteandmed<\/a><\/strong>\u00a0,\u00a0<strong><img loading=\"lazy\" decoding=\"async\" class=\"alignnone wp-image-7782\" src=\"https:\/\/arhainteriors.ee\/wp-content\/uploads\/2024\/07\/icons8-upload-32.png\" alt=\"\" width=\"18\" height=\"18\" \/>\u00a0<a href=\"https:\/\/audo.presscloud.com\/digitalshowroom\/#\/gallery\/Corbel-Shelf\">2d\/3d failid<\/a><\/strong>\u00a0 ,\u00a0<strong><img loading=\"lazy\" decoding=\"async\" class=\"alignnone wp-image-7782\" src=\"https:\/\/arhainteriors.ee\/wp-content\/uploads\/2024\/07\/icons8-upload-32.png\" alt=\"\" width=\"18\" height=\"18\" \/>\u00a0<a href=\"https:\/\/presscloud.com\/file\/65\/655477028398859\/Audo_Cph_Care_Instructions.pdf\">hooldusjuhend<\/a><\/strong><\/p>\n<p id=\"tw-target-text\" class=\"tw-data-text tw-text-large tw-ta\" dir=\"ltr\" data-placeholder=\"T\u00f5lge\" data-ved=\"2ahUKEwjDk5CO4_-DAxVtFRAIHfQ1C8oQ3ewLegQIBRAQ\"><span class=\"Y2IQFc\" lang=\"et\">Modernistlik Corbel laud on seinale riputatav poodium, mis \u00fchendab kontrastsed materjalid peatava efektiga. Disainistuudio Kr\u00f8yer-S\u00e6tter-Lasseni leiutis, marmorist, tumedaks peitsitud tammest ja kaetud terasest mitmek\u00fclgne disain on saanud oma nime ja disaini n\u00e4pun\u00e4iteid traditsiooniliselt kivist v\u00f5i puidust valmistatud arhitektuursetest raskust kandvatest kronsteinidest.<\/span><\/p>\n","protected":false},"featured_media":4232,"template":"","meta":{"_gspb_post_css":""},"product_brand":[264],"product_cat":[174,222,173],"product_tag":[232,176,224,175],"class_list":{"0":"post-4229","1":"product","2":"type-product","3":"status-publish","4":"has-post-thumbnail","6":"product_brand-audo-cph","7":"product_cat-diivanilauad","8":"product_cat-kohvilauad","9":"product_cat-lauad","10":"product_tag-audo","11":"product_tag-diivanilauad","12":"product_tag-kohvilauad","13":"product_tag-lauad","15":"first","16":"instock","17":"taxable","18":"shipping-taxable","19":"purchasable","20":"product-type-simple"},"ct_brands":[{"id":264,"name":"Audo CPH","slug":"audo-cph"}],"_links":{"self":[{"href":"https:\/\/arhainteriors.ee\/en\/wp-json\/wp\/v2\/product\/4229","targetHints":{"allow":["GET"]}}],"collection":[{"href":"https:\/\/arhainteriors.ee\/en\/wp-json\/wp\/v2\/product"}],"about":[{"href":"https:\/\/arhainteriors.ee\/en\/wp-json\/wp\/v2\/types\/product"}],"wp:featuredmedia":[{"embeddable":true,"href":"https:\/\/arhainteriors.ee\/en\/wp-json\/wp\/v2\/media\/4232"}],"wp:attachment":[{"href":"https:\/\/arhainteriors.ee\/en\/wp-json\/wp\/v2\/media?parent=4229"}],"wp:term":[{"taxonomy":"product_brand","embeddable":true,"href":"https:\/\/arhainteriors.ee\/en\/wp-json\/wp\/v2\/product_brand?post=4229"},{"taxonomy":"product_cat","embeddable":true,"href":"https:\/\/arhainteriors.ee\/en\/wp-json\/wp\/v2\/product_cat?post=4229"},{"taxonomy":"product_tag","embeddable":true,"href":"https:\/\/arhainteriors.ee\/en\/wp-json\/wp\/v2\/product_tag?post=4229"}],"curies":[{"name":"wp","href":"https:\/\/api.w.org\/{rel}","templated":true}]}}