{"id":4225,"date":"2024-01-28T10:24:29","date_gmt":"2024-01-28T10:24:29","guid":{"rendered":"https:\/\/arhainteriors.ee\/?post_type=product&#038;p=4225"},"modified":"2024-09-04T20:15:50","modified_gmt":"2024-09-04T20:15:50","slug":"androguune-abilaud-%e2%8c%8050cm","status":"publish","type":"product","link":"https:\/\/arhainteriors.ee\/en\/toode\/androguune-abilaud-%e2%8c%8050cm\/","title":{"rendered":"Androg\u00fc\u00fcne abilaud, \u230050cm"},"content":{"rendered":"","protected":false},"excerpt":{"rendered":"<p><strong>Toote k\u00f5rgus:<\/strong> 39 cm\u00a0 <strong>Toote laius:<\/strong> 50 cm<\/p>\n<p><strong><img loading=\"lazy\" decoding=\"async\" class=\"alignnone wp-image-7782\" src=\"https:\/\/arhainteriors.ee\/wp-content\/uploads\/2024\/07\/icons8-upload-32.png\" alt=\"\" width=\"18\" height=\"18\" \/>\u00a0<a href=\"https:\/\/presscloud.com\/file\/89\/890876490913215\/PFS_Androgyne_Side_Table.pdf\">tooteandmed<\/a><\/strong>\u00a0,\u00a0<strong><img loading=\"lazy\" decoding=\"async\" class=\"alignnone wp-image-7782\" src=\"https:\/\/arhainteriors.ee\/wp-content\/uploads\/2024\/07\/icons8-upload-32.png\" alt=\"\" width=\"18\" height=\"18\" \/>\u00a0<a href=\"https:\/\/audo.presscloud.com\/digitalshowroom\/#\/gallery\/Androgyne-side-table---50\">2d\/3d failid<\/a><\/strong>\u00a0 ,\u00a0<strong><img loading=\"lazy\" decoding=\"async\" class=\"alignnone wp-image-7782\" src=\"https:\/\/arhainteriors.ee\/wp-content\/uploads\/2024\/07\/icons8-upload-32.png\" alt=\"\" width=\"18\" height=\"18\" \/>\u00a0<a href=\"https:\/\/presscloud.com\/file\/65\/655477028398859\/Audo_Cph_Care_Instructions.pdf\">hooldusjuhend<\/a><\/strong><\/p>\n<p id=\"tw-target-text\" class=\"tw-data-text tw-text-large tw-ta\" dir=\"ltr\" data-placeholder=\"T\u00f5lge\" data-ved=\"2ahUKEwjDk5CO4_-DAxVtFRAIHfQ1C8oQ3ewLegQIBRAQ\"><span class=\"Y2IQFc\" lang=\"et\">T\u00e4iusliku proportsiooniga maskuliinsete ja naiselike elementide intrigeeriva kombinatsiooniga Androg\u00fc\u00fcne k\u00fclglaud on \u00f5ppetund kontrastidest. Viimistletud meisterlikkust nutikalt \u00e4ra kasutades ulatub \u00fcmmargune lauaplaat \u00fcle laia, lameda jalaga aluse, kohtudes kindlate ja pehmete joontega. Nii alust kui ka pealispinda m\u00fc\u00fcakse eraldi ning need on saadaval vastavalt naturaalse v\u00f5i tumedaks peitsitud tamme-, p\u00e4hkli- ja Kunis Breccia kivina, et saada terviklik ja kohandatud m\u00f6\u00f6bliese.<\/span><\/p>\n","protected":false},"featured_media":4226,"template":"","meta":{"_gspb_post_css":""},"product_brand":[264],"product_cat":[174,222,173],"product_tag":[232,176,224,175],"class_list":{"0":"post-4225","1":"product","2":"type-product","3":"status-publish","4":"has-post-thumbnail","6":"product_brand-audo-cph","7":"product_cat-diivanilauad","8":"product_cat-kohvilauad","9":"product_cat-lauad","10":"product_tag-audo","11":"product_tag-diivanilauad","12":"product_tag-kohvilauad","13":"product_tag-lauad","15":"first","16":"instock","17":"taxable","18":"shipping-taxable","19":"purchasable","20":"product-type-simple"},"ct_brands":[{"id":264,"name":"Audo CPH","slug":"audo-cph"}],"_links":{"self":[{"href":"https:\/\/arhainteriors.ee\/en\/wp-json\/wp\/v2\/product\/4225","targetHints":{"allow":["GET"]}}],"collection":[{"href":"https:\/\/arhainteriors.ee\/en\/wp-json\/wp\/v2\/product"}],"about":[{"href":"https:\/\/arhainteriors.ee\/en\/wp-json\/wp\/v2\/types\/product"}],"wp:featuredmedia":[{"embeddable":true,"href":"https:\/\/arhainteriors.ee\/en\/wp-json\/wp\/v2\/media\/4226"}],"wp:attachment":[{"href":"https:\/\/arhainteriors.ee\/en\/wp-json\/wp\/v2\/media?parent=4225"}],"wp:term":[{"taxonomy":"product_brand","embeddable":true,"href":"https:\/\/arhainteriors.ee\/en\/wp-json\/wp\/v2\/product_brand?post=4225"},{"taxonomy":"product_cat","embeddable":true,"href":"https:\/\/arhainteriors.ee\/en\/wp-json\/wp\/v2\/product_cat?post=4225"},{"taxonomy":"product_tag","embeddable":true,"href":"https:\/\/arhainteriors.ee\/en\/wp-json\/wp\/v2\/product_tag?post=4225"}],"curies":[{"name":"wp","href":"https:\/\/api.w.org\/{rel}","templated":true}]}}