{"id":4223,"date":"2024-01-28T10:19:02","date_gmt":"2024-01-28T10:19:02","guid":{"rendered":"https:\/\/arhainteriors.ee\/?post_type=product&#038;p=4223"},"modified":"2024-09-04T20:18:18","modified_gmt":"2024-09-04T20:18:18","slug":"audo-poordlaud","status":"publish","type":"product","link":"https:\/\/arhainteriors.ee\/en\/toode\/audo-poordlaud\/","title":{"rendered":"Audo P\u00f6\u00f6rdlaud"},"content":{"rendered":"","protected":false},"excerpt":{"rendered":"<p><strong>Toote k\u00f5rgus:<\/strong> 36 cm\u00a0 <strong>Toote laius:<\/strong> 65 cm<\/p>\n<p><strong><img loading=\"lazy\" decoding=\"async\" class=\"alignnone wp-image-7782\" src=\"https:\/\/arhainteriors.ee\/wp-content\/uploads\/2024\/07\/icons8-upload-32.png\" alt=\"\" width=\"18\" height=\"18\" \/>\u00a0<a href=\"https:\/\/presscloud.com\/file\/32\/326861411227881\/PFS_Turning_Table.pdf\">tooteandmed<\/a><\/strong>\u00a0,\u00a0<strong><img loading=\"lazy\" decoding=\"async\" class=\"alignnone wp-image-7782\" src=\"https:\/\/arhainteriors.ee\/wp-content\/uploads\/2024\/07\/icons8-upload-32.png\" alt=\"\" width=\"17\" height=\"17\" \/>\u00a0<a href=\"https:\/\/audo.presscloud.com\/digitalshowroom\/#\/gallery\/Turning-Table\">2d\/3d failid<\/a><\/strong>\u00a0 ,\u00a0<strong><img loading=\"lazy\" decoding=\"async\" class=\"alignnone wp-image-7782\" src=\"https:\/\/arhainteriors.ee\/wp-content\/uploads\/2024\/07\/icons8-upload-32.png\" alt=\"\" width=\"18\" height=\"18\" \/>\u00a0<a href=\"https:\/\/presscloud.com\/file\/65\/655477028398859\/Audo_Cph_Care_Instructions.pdf\">hooldusjuhend<\/a><\/strong><\/p>\n<p><span class=\"Y2IQFc\" lang=\"et\">Naturaalne tamm ja must kroom.<\/span><\/p>\n<p id=\"tw-target-text\" class=\"tw-data-text tw-text-large tw-ta\" dir=\"ltr\" data-placeholder=\"T\u00f5lge\" data-ved=\"2ahUKEwjDk5CO4_-DAxVtFRAIHfQ1C8oQ3ewLegQIBRAQ\"><span class=\"Y2IQFc\" lang=\"et\">Saksa disainer Theresa Rand katsetas laua ja panipaiga kombineerimise viise, kui ta komistas ideele kaanest, mis avaneb selle \u00fcmber \u00fche jala keerates. Tulemus on elegantne, tagasihoidlik ja t\u00e4iesti s\u00f5ltuvust tekitav (n\u00e4idage seda k\u00fclalistele ja nad avavad ja sulgevad P\u00f6\u00f6ramislauda tundideks).<\/span><\/p>\n","protected":false},"featured_media":4224,"template":"","meta":{"_gspb_post_css":""},"product_brand":[264],"product_cat":[174,222,173],"product_tag":[232,176,224,175],"class_list":{"0":"post-4223","1":"product","2":"type-product","3":"status-publish","4":"has-post-thumbnail","6":"product_brand-audo-cph","7":"product_cat-diivanilauad","8":"product_cat-kohvilauad","9":"product_cat-lauad","10":"product_tag-audo","11":"product_tag-diivanilauad","12":"product_tag-kohvilauad","13":"product_tag-lauad","15":"first","16":"instock","17":"taxable","18":"shipping-taxable","19":"purchasable","20":"product-type-simple"},"ct_brands":[{"id":264,"name":"Audo CPH","slug":"audo-cph"}],"_links":{"self":[{"href":"https:\/\/arhainteriors.ee\/en\/wp-json\/wp\/v2\/product\/4223","targetHints":{"allow":["GET"]}}],"collection":[{"href":"https:\/\/arhainteriors.ee\/en\/wp-json\/wp\/v2\/product"}],"about":[{"href":"https:\/\/arhainteriors.ee\/en\/wp-json\/wp\/v2\/types\/product"}],"wp:featuredmedia":[{"embeddable":true,"href":"https:\/\/arhainteriors.ee\/en\/wp-json\/wp\/v2\/media\/4224"}],"wp:attachment":[{"href":"https:\/\/arhainteriors.ee\/en\/wp-json\/wp\/v2\/media?parent=4223"}],"wp:term":[{"taxonomy":"product_brand","embeddable":true,"href":"https:\/\/arhainteriors.ee\/en\/wp-json\/wp\/v2\/product_brand?post=4223"},{"taxonomy":"product_cat","embeddable":true,"href":"https:\/\/arhainteriors.ee\/en\/wp-json\/wp\/v2\/product_cat?post=4223"},{"taxonomy":"product_tag","embeddable":true,"href":"https:\/\/arhainteriors.ee\/en\/wp-json\/wp\/v2\/product_tag?post=4223"}],"curies":[{"name":"wp","href":"https:\/\/api.w.org\/{rel}","templated":true}]}}