{"id":4221,"date":"2024-01-28T10:02:09","date_gmt":"2024-01-28T10:02:09","guid":{"rendered":"https:\/\/arhainteriors.ee\/?post_type=product&#038;p=4221"},"modified":"2024-01-31T17:30:28","modified_gmt":"2024-01-31T17:30:28","slug":"giro-serveerimislaud-cs5123","status":"publish","type":"product","link":"https:\/\/arhainteriors.ee\/en\/toode\/giro-serveerimislaud-cs5123\/","title":{"rendered":"Giro serveerimislaud CS5123"},"content":{"rendered":"","protected":false},"excerpt":{"rendered":"<p id=\"tw-target-text\" class=\"tw-data-text tw-text-large tw-ta\" dir=\"ltr\" data-placeholder=\"T\u00f5lge\" data-ved=\"2ahUKEwjDk5CO4_-DAxVtFRAIHfQ1C8oQ3ewLegQIBRAQ\"><span class=\"Y2IQFc\" lang=\"et\">Serveerimislaud, mis on valmistatud ruudukujulisest 12&#215;12 mm torukujulisest metallist koos sobivate \u00fchesuunaliste dekoratiivratastega. Puidust riiulid ja regenereeritud nahast \u00e4\u00e4risega eemaldatav kandik. Skandinaavia rafineeritus ja viiek\u00fcmnendate stiilis elegants kohtuvad GIRO jaoks \u2013 see on uus viis k\u00fclalistele kokteilide serveerimiseks v\u00f5i jooginurga sisseseadmiseks. Selle sihvakale metallist torukujulisele raamile on nutikalt vastandatud laiad esirattad, millest \u00f5hkub vanaaegset h\u00f5ngu.<\/span><\/p>\n","protected":false},"featured_media":4222,"template":"","meta":{"_gspb_post_css":""},"product_brand":[266],"product_cat":[173,228],"product_tag":[216,229,175,230],"class_list":{"0":"post-4221","1":"product","2":"type-product","3":"status-publish","4":"has-post-thumbnail","6":"product_brand-calligaris","7":"product_cat-lauad","8":"product_cat-serveerimislauad","9":"product_tag-calligaris","10":"product_tag-giro","11":"product_tag-lauad","12":"product_tag-serveerimislaud","14":"first","15":"instock","16":"taxable","17":"shipping-taxable","18":"purchasable","19":"product-type-simple"},"ct_brands":[{"id":266,"name":"Calligaris","slug":"calligaris"}],"_links":{"self":[{"href":"https:\/\/arhainteriors.ee\/en\/wp-json\/wp\/v2\/product\/4221","targetHints":{"allow":["GET"]}}],"collection":[{"href":"https:\/\/arhainteriors.ee\/en\/wp-json\/wp\/v2\/product"}],"about":[{"href":"https:\/\/arhainteriors.ee\/en\/wp-json\/wp\/v2\/types\/product"}],"wp:featuredmedia":[{"embeddable":true,"href":"https:\/\/arhainteriors.ee\/en\/wp-json\/wp\/v2\/media\/4222"}],"wp:attachment":[{"href":"https:\/\/arhainteriors.ee\/en\/wp-json\/wp\/v2\/media?parent=4221"}],"wp:term":[{"taxonomy":"product_brand","embeddable":true,"href":"https:\/\/arhainteriors.ee\/en\/wp-json\/wp\/v2\/product_brand?post=4221"},{"taxonomy":"product_cat","embeddable":true,"href":"https:\/\/arhainteriors.ee\/en\/wp-json\/wp\/v2\/product_cat?post=4221"},{"taxonomy":"product_tag","embeddable":true,"href":"https:\/\/arhainteriors.ee\/en\/wp-json\/wp\/v2\/product_tag?post=4221"}],"curies":[{"name":"wp","href":"https:\/\/api.w.org\/{rel}","templated":true}]}}