{"id":4217,"date":"2024-01-28T09:54:54","date_gmt":"2024-01-28T09:54:54","guid":{"rendered":"https:\/\/arhainteriors.ee\/?post_type=product&#038;p=4217"},"modified":"2024-09-04T15:15:07","modified_gmt":"2024-09-04T15:15:07","slug":"abrey-kohvilaud-cs5137-a","status":"publish","type":"product","link":"https:\/\/arhainteriors.ee\/en\/toode\/abrey-kohvilaud-cs5137-a\/","title":{"rendered":"Abrey kohvilaud CS5137-A"},"content":{"rendered":"","protected":false},"excerpt":{"rendered":"<p><strong>Toote k\u00f5rgus:<\/strong> 50 cm \u00a0<strong>Laius:<\/strong>\u00a050 cm \u00a0<strong>S\u00fcgavus:\u00a0<\/strong>50 cm<\/p>\n<p><strong><img loading=\"lazy\" decoding=\"async\" class=\"alignnone wp-image-7782\" src=\"https:\/\/arhainteriors.ee\/wp-content\/uploads\/2024\/07\/icons8-upload-32.png\" alt=\"\" width=\"18\" height=\"18\" \/>\u00a0<a href=\"https:\/\/www.calligaris.com\/media-prods\/3d2d\/cs5137-a.dwg\">fail<\/a>\u00a0<\/strong><a href=\"https:\/\/www.calligaris.com\/media-prods\/3d2d\/cs5137-a.dwg\">dwg<\/a>\u00a0,\u00a0<strong><img loading=\"lazy\" decoding=\"async\" class=\"alignnone wp-image-7782\" src=\"https:\/\/arhainteriors.ee\/wp-content\/uploads\/2024\/07\/icons8-upload-32.png\" alt=\"\" width=\"18\" height=\"18\" \/>\u00a0<a href=\"https:\/\/www.calligaris.com\/media-prods\/3d2d\/cs5137-a.ndw\">fail<\/a><\/strong><strong>\u00a0<\/strong><a href=\"https:\/\/www.calligaris.com\/media-prods\/3d2d\/cs5137-a.ndw\">ndw<\/a>\u00a0\u00a0,\u00a0<strong><a href=\"https:\/\/www.calligaris.com\/media-prods\/3d2d\/cs5137-a.obj\"><img loading=\"lazy\" decoding=\"async\" class=\"alignnone wp-image-7782\" src=\"https:\/\/arhainteriors.ee\/wp-content\/uploads\/2024\/07\/icons8-upload-32.png\" alt=\"\" width=\"18\" height=\"18\" \/>fail<\/a> <\/strong><a href=\"https:\/\/www.calligaris.com\/media-prods\/3d2d\/cs5137-a.obj\">obj,<\/a>\u00a0\u00a0<strong><img loading=\"lazy\" decoding=\"async\" class=\"alignnone wp-image-7782\" src=\"https:\/\/arhainteriors.ee\/wp-content\/uploads\/2024\/07\/icons8-upload-32.png\" alt=\"\" width=\"18\" height=\"18\" \/>\u00a0<a href=\"https:\/\/www.calligaris.com\/media-prods\/imo\/H-A%205137%2001%2000.pdf\">montaa\u017eijuhend<\/a><\/strong><\/p>\n<p id=\"tw-target-text\" class=\"tw-data-text tw-text-large tw-ta\" dir=\"ltr\" data-placeholder=\"T\u00f5lge\" data-ved=\"2ahUKEwjDk5CO4_-DAxVtFRAIHfQ1C8oQ3ewLegQIBRAQ\"><span class=\"Y2IQFc\" lang=\"et\">ABREY diivanilauad t\u00e4iendavad sama pere laudade ja toolide kollektsiooni. Neid iseloomustab ka puitkonstruktsioon ja peen disain ning neil v\u00f5ivad olla erineva suurusega \u00fcmmargused, ruudukujulised, ovaalsed ja ristk\u00fclikukujulised puidust v\u00f5i \u00fchendatud kivikeraamikast, erineva v\u00e4rvi ja viimistlusega. Ideaalne sobitada eluruumidesse koos diivanitega v\u00f5i mitme Abrey tugitooliga.<\/span><\/p>\n","protected":false},"featured_media":4218,"template":"","meta":{"_gspb_post_css":""},"product_brand":[266],"product_cat":[222,173],"product_tag":[223,216,224,175],"class_list":{"0":"post-4217","1":"product","2":"type-product","3":"status-publish","4":"has-post-thumbnail","6":"product_brand-calligaris","7":"product_cat-kohvilauad","8":"product_cat-lauad","9":"product_tag-abrey","10":"product_tag-calligaris","11":"product_tag-kohvilauad","12":"product_tag-lauad","14":"first","15":"instock","16":"taxable","17":"shipping-taxable","18":"purchasable","19":"product-type-simple"},"ct_brands":[{"id":266,"name":"Calligaris","slug":"calligaris"}],"_links":{"self":[{"href":"https:\/\/arhainteriors.ee\/en\/wp-json\/wp\/v2\/product\/4217","targetHints":{"allow":["GET"]}}],"collection":[{"href":"https:\/\/arhainteriors.ee\/en\/wp-json\/wp\/v2\/product"}],"about":[{"href":"https:\/\/arhainteriors.ee\/en\/wp-json\/wp\/v2\/types\/product"}],"wp:featuredmedia":[{"embeddable":true,"href":"https:\/\/arhainteriors.ee\/en\/wp-json\/wp\/v2\/media\/4218"}],"wp:attachment":[{"href":"https:\/\/arhainteriors.ee\/en\/wp-json\/wp\/v2\/media?parent=4217"}],"wp:term":[{"taxonomy":"product_brand","embeddable":true,"href":"https:\/\/arhainteriors.ee\/en\/wp-json\/wp\/v2\/product_brand?post=4217"},{"taxonomy":"product_cat","embeddable":true,"href":"https:\/\/arhainteriors.ee\/en\/wp-json\/wp\/v2\/product_cat?post=4217"},{"taxonomy":"product_tag","embeddable":true,"href":"https:\/\/arhainteriors.ee\/en\/wp-json\/wp\/v2\/product_tag?post=4217"}],"curies":[{"name":"wp","href":"https:\/\/api.w.org\/{rel}","templated":true}]}}