{"id":4215,"date":"2024-01-28T09:51:16","date_gmt":"2024-01-28T09:51:16","guid":{"rendered":"https:\/\/arhainteriors.ee\/?post_type=product&#038;p=4215"},"modified":"2024-09-04T15:18:20","modified_gmt":"2024-09-04T15:18:20","slug":"surface-peegel-cs5132-g","status":"publish","type":"product","link":"https:\/\/arhainteriors.ee\/en\/toode\/surface-peegel-cs5132-g\/","title":{"rendered":"Surface peegel  CS5132-G"},"content":{"rendered":"","protected":false},"excerpt":{"rendered":"<p><strong>Toote k\u00f5rgus:<\/strong> 175 cm \u00a0<strong>Laius:<\/strong> 75 cm \u00a0<strong>S\u00fcgavus: <\/strong>7,5 cm<\/p>\n<p><strong><img loading=\"lazy\" decoding=\"async\" class=\"alignnone wp-image-7782\" src=\"https:\/\/arhainteriors.ee\/wp-content\/uploads\/2024\/07\/icons8-upload-32.png\" alt=\"\" width=\"18\" height=\"18\" \/>\u00a0<a href=\"https:\/\/www.calligaris.com\/media-prods\/imo\/H-A%205075%2001%2000-1.pdf\">montaa\u017eijuhend<\/a><\/strong><\/p>\n<p id=\"tw-target-text\" class=\"tw-data-text tw-text-large tw-ta\" dir=\"ltr\" data-placeholder=\"T\u00f5lge\" data-ved=\"2ahUKEwjDk5CO4_-DAxVtFRAIHfQ1C8oQ3ewLegQIBRAQ\"><span class=\"Y2IQFc\" lang=\"et\">M\u00e4nguliste joontega romantilises stiilis \u00fcmmargune peegel, mis suudab rikastada teie kodu mis tahes seina v\u00f5lu ja praktilisusega. PINNALE on iseloomulik kumer raam, v\u00e4lispeegel ja seest satiinviimistlusega. Seda saab seinale riputada kas horisontaalselt v\u00f5i vertikaalselt.<\/span><\/p>\n","protected":false},"featured_media":4216,"template":"","meta":{"_gspb_post_css":""},"product_brand":[266],"product_cat":[215],"product_tag":[216,218,221],"class_list":{"0":"post-4215","1":"product","2":"type-product","3":"status-publish","4":"has-post-thumbnail","6":"product_brand-calligaris","7":"product_cat-peeglid","8":"product_tag-calligaris","9":"product_tag-peeglid","10":"product_tag-surface","12":"first","13":"instock","14":"taxable","15":"shipping-taxable","16":"purchasable","17":"product-type-simple"},"ct_brands":[{"id":266,"name":"Calligaris","slug":"calligaris"}],"_links":{"self":[{"href":"https:\/\/arhainteriors.ee\/en\/wp-json\/wp\/v2\/product\/4215","targetHints":{"allow":["GET"]}}],"collection":[{"href":"https:\/\/arhainteriors.ee\/en\/wp-json\/wp\/v2\/product"}],"about":[{"href":"https:\/\/arhainteriors.ee\/en\/wp-json\/wp\/v2\/types\/product"}],"wp:featuredmedia":[{"embeddable":true,"href":"https:\/\/arhainteriors.ee\/en\/wp-json\/wp\/v2\/media\/4216"}],"wp:attachment":[{"href":"https:\/\/arhainteriors.ee\/en\/wp-json\/wp\/v2\/media?parent=4215"}],"wp:term":[{"taxonomy":"product_brand","embeddable":true,"href":"https:\/\/arhainteriors.ee\/en\/wp-json\/wp\/v2\/product_brand?post=4215"},{"taxonomy":"product_cat","embeddable":true,"href":"https:\/\/arhainteriors.ee\/en\/wp-json\/wp\/v2\/product_cat?post=4215"},{"taxonomy":"product_tag","embeddable":true,"href":"https:\/\/arhainteriors.ee\/en\/wp-json\/wp\/v2\/product_tag?post=4215"}],"curies":[{"name":"wp","href":"https:\/\/api.w.org\/{rel}","templated":true}]}}