{"id":4211,"date":"2024-01-28T09:45:40","date_gmt":"2024-01-28T09:45:40","guid":{"rendered":"https:\/\/arhainteriors.ee\/?post_type=product&#038;p=4211"},"modified":"2024-09-04T15:21:45","modified_gmt":"2024-09-04T15:21:45","slug":"pleasure-peegel-cs5075-g","status":"publish","type":"product","link":"https:\/\/arhainteriors.ee\/en\/toode\/pleasure-peegel-cs5075-g\/","title":{"rendered":"Pleasure peegel CS5075-G"},"content":{"rendered":"","protected":false},"excerpt":{"rendered":"<p><strong>Toote k\u00f5rgus:<\/strong> 175 cm \u00a0<strong>Laius:<\/strong> 67 cm \u00a0<strong>S\u00fcgavus: <\/strong>8\u00a0cm<\/p>\n<p><strong><img loading=\"lazy\" decoding=\"async\" class=\"alignnone wp-image-7782\" src=\"https:\/\/arhainteriors.ee\/wp-content\/uploads\/2024\/07\/icons8-upload-32.png\" alt=\"\" width=\"18\" height=\"18\" \/>\u00a0<a href=\"https:\/\/www.calligaris.com\/media-prods\/imo\/H-A%205075%2001%2000-1.pdf\">montaa\u017eijuhend<\/a><\/strong><\/p>\n<p id=\"tw-target-text\" class=\"tw-data-text tw-text-large tw-ta\" dir=\"ltr\" data-placeholder=\"T\u00f5lge\" data-ved=\"2ahUKEwjDk5CO4_-DAxVtFRAIHfQ1C8oQ3ewLegQIBRAQ\"><span class=\"Y2IQFc\" lang=\"et\">PLEASURE mudeli suur ristk\u00fclikukujuline peegel. Seinale kinnitamiseks. Suur ristk\u00fclikukujuline peegel, mis kinnitatakse seinale vertikaalselt v\u00f5i horisontaalselt ning millel on kumer ja k\u00f5rgem raam, mis on saadud t\u00e4iustatud klaasit\u00f6\u00f6tlustehnoloogia abil. PLEASURE on palju enamat kui peegeldav pind, suure esteetilise v\u00e4\u00e4rtusega sisustuselement ning uuenduslikkuse v\u00e4ljendus koos disainiga. Valige see, et luua oma kodu elutuppa v\u00f5i magamistuppa suurejooneline taust.<\/span><\/p>\n","protected":false},"featured_media":4212,"template":"","meta":{"_gspb_post_css":""},"product_brand":[266],"product_cat":[215],"product_tag":[216,218,220],"class_list":{"0":"post-4211","1":"product","2":"type-product","3":"status-publish","4":"has-post-thumbnail","6":"product_brand-calligaris","7":"product_cat-peeglid","8":"product_tag-calligaris","9":"product_tag-peeglid","10":"product_tag-pleasure","12":"first","13":"instock","14":"taxable","15":"shipping-taxable","16":"purchasable","17":"product-type-simple"},"ct_brands":[{"id":266,"name":"Calligaris","slug":"calligaris"}],"_links":{"self":[{"href":"https:\/\/arhainteriors.ee\/en\/wp-json\/wp\/v2\/product\/4211","targetHints":{"allow":["GET"]}}],"collection":[{"href":"https:\/\/arhainteriors.ee\/en\/wp-json\/wp\/v2\/product"}],"about":[{"href":"https:\/\/arhainteriors.ee\/en\/wp-json\/wp\/v2\/types\/product"}],"wp:featuredmedia":[{"embeddable":true,"href":"https:\/\/arhainteriors.ee\/en\/wp-json\/wp\/v2\/media\/4212"}],"wp:attachment":[{"href":"https:\/\/arhainteriors.ee\/en\/wp-json\/wp\/v2\/media?parent=4211"}],"wp:term":[{"taxonomy":"product_brand","embeddable":true,"href":"https:\/\/arhainteriors.ee\/en\/wp-json\/wp\/v2\/product_brand?post=4211"},{"taxonomy":"product_cat","embeddable":true,"href":"https:\/\/arhainteriors.ee\/en\/wp-json\/wp\/v2\/product_cat?post=4211"},{"taxonomy":"product_tag","embeddable":true,"href":"https:\/\/arhainteriors.ee\/en\/wp-json\/wp\/v2\/product_tag?post=4211"}],"curies":[{"name":"wp","href":"https:\/\/api.w.org\/{rel}","templated":true}]}}