{"id":4209,"date":"2024-01-28T09:43:28","date_gmt":"2024-01-28T09:43:28","guid":{"rendered":"https:\/\/arhainteriors.ee\/?post_type=product&#038;p=4209"},"modified":"2024-09-04T15:23:10","modified_gmt":"2024-09-04T15:23:10","slug":"bevel-peegel-cs5139-q","status":"publish","type":"product","link":"https:\/\/arhainteriors.ee\/en\/toode\/bevel-peegel-cs5139-q\/","title":{"rendered":"Bevel peegel CS5139-Q"},"content":{"rendered":"","protected":false},"excerpt":{"rendered":"<p><strong>Toote k\u00f5rgus:<\/strong> 120 cm \u00a0<strong>Laius:<\/strong> 120 cm \u00a0<strong>S\u00fcgavus: <\/strong>2 cm<\/p>\n<p><strong><img loading=\"lazy\" decoding=\"async\" class=\"alignnone wp-image-7782\" src=\"https:\/\/arhainteriors.ee\/wp-content\/uploads\/2024\/07\/icons8-upload-32.png\" alt=\"\" width=\"18\" height=\"18\" \/>\u00a0<a href=\"https:\/\/www.calligaris.com\/media-prods\/imo\/H-A%205139%2001%2000.pdf\">montaa\u017eijuhend<\/a><\/strong><\/p>\n<p id=\"tw-target-text\" class=\"tw-data-text tw-text-large tw-ta\" dir=\"ltr\" data-placeholder=\"T\u00f5lge\" data-ved=\"2ahUKEwjDk5CO4_-DAxVtFRAIHfQ1C8oQ3ewLegQIBRAQ\"><span class=\"Y2IQFc\" lang=\"et\">Klaasi t\u00e4iustamiseks loodud Beveli peegel s\u00fcndis pronksklaasi peegli t\u00f6\u00f6tlemise uurimisel. Pehme kuju t\u00e4iustavad kalded, mis kohati katkevad, tuues esile selle kumerused. Elegantset figuuri iseloomustavad peegelduste ja k\u00f5verjooneliste kujundite m\u00e4ng. See on saadaval ruudu- v\u00f5i ristk\u00fclikukujulises suuruses ja kahes v\u00e4rvivariatsioonis. Ristk\u00fclikukujulist mudelit saab paigutada nii vertikaalselt kui ka horisontaalselt.<\/span><\/p>\n","protected":false},"featured_media":4210,"template":"","meta":{"_gspb_post_css":""},"product_brand":[266],"product_cat":[215],"product_tag":[219,216,218],"class_list":{"0":"post-4209","1":"product","2":"type-product","3":"status-publish","4":"has-post-thumbnail","6":"product_brand-calligaris","7":"product_cat-peeglid","8":"product_tag-bevel","9":"product_tag-calligaris","10":"product_tag-peeglid","12":"first","13":"instock","14":"taxable","15":"shipping-taxable","16":"purchasable","17":"product-type-simple"},"ct_brands":[{"id":266,"name":"Calligaris","slug":"calligaris"}],"_links":{"self":[{"href":"https:\/\/arhainteriors.ee\/en\/wp-json\/wp\/v2\/product\/4209","targetHints":{"allow":["GET"]}}],"collection":[{"href":"https:\/\/arhainteriors.ee\/en\/wp-json\/wp\/v2\/product"}],"about":[{"href":"https:\/\/arhainteriors.ee\/en\/wp-json\/wp\/v2\/types\/product"}],"wp:featuredmedia":[{"embeddable":true,"href":"https:\/\/arhainteriors.ee\/en\/wp-json\/wp\/v2\/media\/4210"}],"wp:attachment":[{"href":"https:\/\/arhainteriors.ee\/en\/wp-json\/wp\/v2\/media?parent=4209"}],"wp:term":[{"taxonomy":"product_brand","embeddable":true,"href":"https:\/\/arhainteriors.ee\/en\/wp-json\/wp\/v2\/product_brand?post=4209"},{"taxonomy":"product_cat","embeddable":true,"href":"https:\/\/arhainteriors.ee\/en\/wp-json\/wp\/v2\/product_cat?post=4209"},{"taxonomy":"product_tag","embeddable":true,"href":"https:\/\/arhainteriors.ee\/en\/wp-json\/wp\/v2\/product_tag?post=4209"}],"curies":[{"name":"wp","href":"https:\/\/api.w.org\/{rel}","templated":true}]}}