{"id":4205,"date":"2024-01-28T09:38:27","date_gmt":"2024-01-28T09:38:27","guid":{"rendered":"https:\/\/arhainteriors.ee\/?post_type=product&#038;p=4205"},"modified":"2024-09-04T15:26:38","modified_gmt":"2024-09-04T15:26:38","slug":"vanity-peegel-cs5111-p","status":"publish","type":"product","link":"https:\/\/arhainteriors.ee\/en\/toode\/vanity-peegel-cs5111-p\/","title":{"rendered":"Vanity peegel CS5111-P"},"content":{"rendered":"","protected":false},"excerpt":{"rendered":"<p><strong>Toote k\u00f5rgus:<\/strong> 65 cm \u00a0<strong>Laius:<\/strong> 90 cm \u00a0<strong>S\u00fcgavus: <\/strong>3,6\u00a0cm<\/p>\n<p id=\"tw-target-text\" class=\"tw-data-text tw-text-large tw-ta\" dir=\"ltr\" data-placeholder=\"T\u00f5lge\" data-ved=\"2ahUKEwjDk5CO4_-DAxVtFRAIHfQ1C8oQ3ewLegQIBRAQ\"><span class=\"Y2IQFc\" lang=\"et\">Kahes erinevas suuruses metallist dekoratiivse detailiga peegel. See n\u00e4eb \u00fchtviisi hea v\u00e4lja seinale kinnitatuna nii vertikaalselt kui ka horisontaalselt. VANITY paneb peegli kontseptsioonile uue p\u00f6\u00f6rde, millel on terav disain, millel on pehmelt \u00fcmarad kontuurid peeglil, millele vastandub klanitud metallvarras. See personal purustab selle \u00fcmara ilu ja imbub sellesse terava ja keeruka esteetikaga. Nagu maal v\u00f5i skulptuur, on ka Vanity loodud kaunistama ka teie kodu seinu.<\/span><\/p>\n","protected":false},"featured_media":4206,"template":"","meta":{"_gspb_post_css":""},"product_brand":[266],"product_cat":[215],"product_tag":[216,218,217],"class_list":{"0":"post-4205","1":"product","2":"type-product","3":"status-publish","4":"has-post-thumbnail","6":"product_brand-calligaris","7":"product_cat-peeglid","8":"product_tag-calligaris","9":"product_tag-peeglid","10":"product_tag-vanity","12":"first","13":"instock","14":"taxable","15":"shipping-taxable","16":"purchasable","17":"product-type-simple"},"ct_brands":[{"id":266,"name":"Calligaris","slug":"calligaris"}],"_links":{"self":[{"href":"https:\/\/arhainteriors.ee\/en\/wp-json\/wp\/v2\/product\/4205","targetHints":{"allow":["GET"]}}],"collection":[{"href":"https:\/\/arhainteriors.ee\/en\/wp-json\/wp\/v2\/product"}],"about":[{"href":"https:\/\/arhainteriors.ee\/en\/wp-json\/wp\/v2\/types\/product"}],"wp:featuredmedia":[{"embeddable":true,"href":"https:\/\/arhainteriors.ee\/en\/wp-json\/wp\/v2\/media\/4206"}],"wp:attachment":[{"href":"https:\/\/arhainteriors.ee\/en\/wp-json\/wp\/v2\/media?parent=4205"}],"wp:term":[{"taxonomy":"product_brand","embeddable":true,"href":"https:\/\/arhainteriors.ee\/en\/wp-json\/wp\/v2\/product_brand?post=4205"},{"taxonomy":"product_cat","embeddable":true,"href":"https:\/\/arhainteriors.ee\/en\/wp-json\/wp\/v2\/product_cat?post=4205"},{"taxonomy":"product_tag","embeddable":true,"href":"https:\/\/arhainteriors.ee\/en\/wp-json\/wp\/v2\/product_tag?post=4205"}],"curies":[{"name":"wp","href":"https:\/\/api.w.org\/{rel}","templated":true}]}}