{"id":4183,"date":"2024-01-24T20:34:08","date_gmt":"2024-01-24T20:34:08","guid":{"rendered":"https:\/\/arhainteriors.ee\/?post_type=product&#038;p=4183"},"modified":"2024-09-05T19:43:45","modified_gmt":"2024-09-05T19:43:45","slug":"luxe-ookapp-seinakinnitusega-2-sahtelt","status":"publish","type":"product","link":"https:\/\/arhainteriors.ee\/en\/toode\/luxe-ookapp-seinakinnitusega-2-sahtelt\/","title":{"rendered":"Luxe \u00d6\u00f6kapp seinakinnitusega ( 2 sahtelt )"},"content":{"rendered":"","protected":false},"excerpt":{"rendered":"<p><strong>Toote k\u00f5rgus:<\/strong> 30 cm \u00a0<strong>Laius:\u00a0<\/strong>40 cm \u00a0<strong>S\u00fcgavus:\u00a0<\/strong>40 cm<\/p>\n<p id=\"tw-target-text\" class=\"tw-data-text tw-text-large tw-ta\" dir=\"ltr\" data-placeholder=\"T\u00f5lge\" data-ved=\"2ahUKEwjgz4Cv6_aDAxUQKhAIHfANBUgQ3ewLegQIBRAQ\"><span class=\"Y2IQFc\" lang=\"et\">Luxe<\/span><\/p>\n<p class=\"tw-data-text tw-text-large tw-ta\" dir=\"ltr\" data-placeholder=\"T\u00f5lge\" data-ved=\"2ahUKEwjgz4Cv6_aDAxUQKhAIHfANBUgQ3ewLegQIBRAQ\"><span class=\"Y2IQFc\" lang=\"et\">Luxe seeria on kujundanud Taani disainer Michael H. Nielsen ja see koosneb elegantsest panipaiga-, meediam\u00f6\u00f6bli- ja baarikappide seeriast. Igal disainil on pilkup\u00fc\u00fcdev kalasabamuster, mis peegeldab elegantselt valgust ja \u00e4ratab disaini ellu. K\u00f5ik sahtlimoodulid on varustatud pehme sulgemise funktsioonidega ning v\u00e4iksemaid mooduleid saab paigaldada metallraamile v\u00f5i riputada otse seinale. Elegantne disain, mille funktsionaalsus ja esteetika k\u00e4ivad k\u00e4sik\u00e4es. <\/span><\/p>\n<ul>\n<li class=\"tw-data-text tw-text-large tw-ta\" dir=\"ltr\" data-placeholder=\"T\u00f5lge\" data-ved=\"2ahUKEwjgz4Cv6_aDAxUQKhAIHfANBUgQ3ewLegQIBRAQ\"><span class=\"Y2IQFc\" lang=\"et\">T\u00e4pne ja kerge disain <\/span><\/li>\n<li class=\"tw-data-text tw-text-large tw-ta\" dir=\"ltr\" data-placeholder=\"T\u00f5lge\" data-ved=\"2ahUKEwjgz4Cv6_aDAxUQKhAIHfANBUgQ3ewLegQIBRAQ\"><span class=\"Y2IQFc\" lang=\"et\">M\u00f5eldud mitmeks otstarbeks <\/span><\/li>\n<li class=\"tw-data-text tw-text-large tw-ta\" dir=\"ltr\" data-placeholder=\"T\u00f5lge\" data-ved=\"2ahUKEwjgz4Cv6_aDAxUQKhAIHfANBUgQ3ewLegQIBRAQ\"><span class=\"Y2IQFc\" lang=\"et\">Kalasaba muster<\/span><\/li>\n<\/ul>\n","protected":false},"featured_media":4184,"template":"","meta":{"_gspb_post_css":""},"product_brand":[265],"product_cat":[210],"product_tag":[190,213,212],"class_list":{"0":"post-4183","1":"product","2":"type-product","3":"status-publish","4":"has-post-thumbnail","6":"product_brand-bolia","7":"product_cat-ookapid","8":"product_tag-boila","9":"product_tag-luxe","10":"product_tag-ookapid","12":"first","13":"instock","14":"taxable","15":"shipping-taxable","16":"purchasable","17":"product-type-simple"},"ct_brands":[{"id":265,"name":"Bolia","slug":"bolia"}],"_links":{"self":[{"href":"https:\/\/arhainteriors.ee\/en\/wp-json\/wp\/v2\/product\/4183","targetHints":{"allow":["GET"]}}],"collection":[{"href":"https:\/\/arhainteriors.ee\/en\/wp-json\/wp\/v2\/product"}],"about":[{"href":"https:\/\/arhainteriors.ee\/en\/wp-json\/wp\/v2\/types\/product"}],"wp:featuredmedia":[{"embeddable":true,"href":"https:\/\/arhainteriors.ee\/en\/wp-json\/wp\/v2\/media\/4184"}],"wp:attachment":[{"href":"https:\/\/arhainteriors.ee\/en\/wp-json\/wp\/v2\/media?parent=4183"}],"wp:term":[{"taxonomy":"product_brand","embeddable":true,"href":"https:\/\/arhainteriors.ee\/en\/wp-json\/wp\/v2\/product_brand?post=4183"},{"taxonomy":"product_cat","embeddable":true,"href":"https:\/\/arhainteriors.ee\/en\/wp-json\/wp\/v2\/product_cat?post=4183"},{"taxonomy":"product_tag","embeddable":true,"href":"https:\/\/arhainteriors.ee\/en\/wp-json\/wp\/v2\/product_tag?post=4183"}],"curies":[{"name":"wp","href":"https:\/\/api.w.org\/{rel}","templated":true}]}}