{"id":4171,"date":"2024-01-24T20:22:34","date_gmt":"2024-01-24T20:22:34","guid":{"rendered":"https:\/\/arhainteriors.ee\/?post_type=product&#038;p=4171"},"modified":"2024-09-05T20:13:38","modified_gmt":"2024-09-05T20:13:38","slug":"cana-ookapp-h20-cm","status":"publish","type":"product","link":"https:\/\/arhainteriors.ee\/en\/toode\/cana-ookapp-h20-cm\/","title":{"rendered":"Cana \u00d6\u00f6kapp H20 cm"},"content":{"rendered":"","protected":false},"excerpt":{"rendered":"<p><strong>Toote k\u00f5rgus:<\/strong> 20 cm \u00a0<strong>Laius:\u00a0<\/strong>47 cm \u00a0<strong>S\u00fcgavus:\u00a0<\/strong>30 cm<\/p>\n<p id=\"tw-target-text\" class=\"tw-data-text tw-text-large tw-ta\" dir=\"ltr\" data-placeholder=\"T\u00f5lge\" data-ved=\"2ahUKEwjgz4Cv6_aDAxUQKhAIHfANBUgQ3ewLegQIBRAQ\"><span class=\"Y2IQFc\" lang=\"et\">Cana <\/span><\/p>\n<p class=\"tw-data-text tw-text-large tw-ta\" dir=\"ltr\" data-placeholder=\"T\u00f5lge\" data-ved=\"2ahUKEwjgz4Cv6_aDAxUQKhAIHfANBUgQ3ewLegQIBRAQ\"><span class=\"Y2IQFc\" lang=\"et\">K\u00f5ikidel Cana seeria disainidel on \u00f5huline punutud esiosa, mis aitab anda seeriale ikoonilise, kerge ja rahuliku ilme. Sari koosneb kummutidest, k\u00f5rglaudadest, \u00f6\u00f6kappidest ja puhvetkappidest ning selle on kujundanud Taani disainiduo Steffensen &amp; W\u00fcrtz. Disainerid on saanud inspiratsiooni Taani mere\u00e4\u00e4rsetele hotellidele iseloomulikust rahulikust atmosf\u00e4\u00e4rist, kus rahu ja autentsus loovad v\u00e4ga erilise atmosf\u00e4\u00e4ri. L\u00e4bipaistev ja \u00f5huline ilme tugevdab seda inspiratsiooniallikat ja on ilus meeldetuletus, et ruum oleks lihtne, puhas ja minimalistlik nii oma funktsioonide kui ka v\u00e4limuse poolest. <\/span><\/p>\n<ul>\n<li class=\"tw-data-text tw-text-large tw-ta\" dir=\"ltr\" data-placeholder=\"T\u00f5lge\" data-ved=\"2ahUKEwjgz4Cv6_aDAxUQKhAIHfANBUgQ3ewLegQIBRAQ\"><span class=\"Y2IQFc\" lang=\"et\">Puhas ja \u00f5huline disain <\/span><\/li>\n<li class=\"tw-data-text tw-text-large tw-ta\" dir=\"ltr\" data-placeholder=\"T\u00f5lge\" data-ved=\"2ahUKEwjgz4Cv6_aDAxUQKhAIHfANBUgQ3ewLegQIBRAQ\"><span class=\"Y2IQFc\" lang=\"et\">Meisterdatud detailid <\/span><\/li>\n<li class=\"tw-data-text tw-text-large tw-ta\" dir=\"ltr\" data-placeholder=\"T\u00f5lge\" data-ved=\"2ahUKEwjgz4Cv6_aDAxUQKhAIHfANBUgQ3ewLegQIBRAQ\"><span class=\"Y2IQFc\" lang=\"et\">FSC\u00ae-sertifikaadiga puit<\/span><\/li>\n<\/ul>\n","protected":false},"featured_media":4172,"template":"","meta":{"_gspb_post_css":""},"product_brand":[265],"product_cat":[210],"product_tag":[190,211,212],"class_list":{"0":"post-4171","1":"product","2":"type-product","3":"status-publish","4":"has-post-thumbnail","6":"product_brand-bolia","7":"product_cat-ookapid","8":"product_tag-boila","9":"product_tag-cana","10":"product_tag-ookapid","12":"first","13":"instock","14":"taxable","15":"shipping-taxable","16":"purchasable","17":"product-type-simple"},"ct_brands":[{"id":265,"name":"Bolia","slug":"bolia"}],"_links":{"self":[{"href":"https:\/\/arhainteriors.ee\/en\/wp-json\/wp\/v2\/product\/4171","targetHints":{"allow":["GET"]}}],"collection":[{"href":"https:\/\/arhainteriors.ee\/en\/wp-json\/wp\/v2\/product"}],"about":[{"href":"https:\/\/arhainteriors.ee\/en\/wp-json\/wp\/v2\/types\/product"}],"wp:featuredmedia":[{"embeddable":true,"href":"https:\/\/arhainteriors.ee\/en\/wp-json\/wp\/v2\/media\/4172"}],"wp:attachment":[{"href":"https:\/\/arhainteriors.ee\/en\/wp-json\/wp\/v2\/media?parent=4171"}],"wp:term":[{"taxonomy":"product_brand","embeddable":true,"href":"https:\/\/arhainteriors.ee\/en\/wp-json\/wp\/v2\/product_brand?post=4171"},{"taxonomy":"product_cat","embeddable":true,"href":"https:\/\/arhainteriors.ee\/en\/wp-json\/wp\/v2\/product_cat?post=4171"},{"taxonomy":"product_tag","embeddable":true,"href":"https:\/\/arhainteriors.ee\/en\/wp-json\/wp\/v2\/product_tag?post=4171"}],"curies":[{"name":"wp","href":"https:\/\/api.w.org\/{rel}","templated":true}]}}