{"id":4102,"date":"2024-01-23T21:29:24","date_gmt":"2024-01-23T21:29:24","guid":{"rendered":"https:\/\/arhainteriors.ee\/?post_type=product&#038;p=4102"},"modified":"2024-09-05T20:12:10","modified_gmt":"2024-09-05T20:12:10","slug":"elton-voodiraam-180-x-200-cm","status":"publish","type":"product","link":"https:\/\/arhainteriors.ee\/en\/toode\/elton-voodiraam-180-x-200-cm\/","title":{"rendered":"Elton Voodiraam 180 x 200 cm"},"content":{"rendered":"","protected":false},"excerpt":{"rendered":"<p><strong>Toote k\u00f5rgus:<\/strong> 30 cm \u00a0<strong>Laius: <\/strong>203 cm \u00a0<strong>S\u00fcgavus: <\/strong>180 cm<\/p>\n<p id=\"tw-target-text\" class=\"tw-data-text tw-text-large tw-ta\" dir=\"ltr\" data-placeholder=\"T\u00f5lge\" data-ved=\"2ahUKEwiH08PXsPSDAxWDHxAIHQazAEQQ3ewLegQIBRAQ\"><span class=\"Y2IQFc\" lang=\"et\">Elton <\/span><\/p>\n<p class=\"tw-data-text tw-text-large tw-ta\" dir=\"ltr\" data-placeholder=\"T\u00f5lge\" data-ved=\"2ahUKEwiH08PXsPSDAxWDHxAIHQazAEQQ3ewLegQIBRAQ\"><span class=\"Y2IQFc\" lang=\"et\">Eltoni voodiraam j\u00e4tkab Eltoni diivanisarja elegantset joont. Loodud optimaalse mugavuse tagamiseks Balanced madratsiga paigaldamiseks, sarja iseloomustavad puhtad jooned. K\u00e4sit\u00f6\u00f6na valminud tammepuidust raam t\u00f5stab disaini maapinnast k\u00f5rgemale, v\u00f5imaldades igal \u00fchendatud detailil olla eksponeeritud selle k\u00f5ige ausamal kujul. Loodud kestma p\u00f5lvkondi, kusjuures iga komponent on vahetatav. Peen k\u00e4sitsi valmistatud kvaliteet puhaste joonte ja l\u00e4bim\u00f5eldud funktsioonidega. <\/span><\/p>\n<ul>\n<li class=\"tw-data-text tw-text-large tw-ta\" dir=\"ltr\" data-placeholder=\"T\u00f5lge\" data-ved=\"2ahUKEwiH08PXsPSDAxWDHxAIHQazAEQQ3ewLegQIBRAQ\"><span class=\"Y2IQFc\" lang=\"et\">Klassikaline ja elegantne disainikeel <\/span><\/li>\n<li class=\"tw-data-text tw-text-large tw-ta\" dir=\"ltr\" data-placeholder=\"T\u00f5lge\" data-ved=\"2ahUKEwiH08PXsPSDAxWDHxAIHQazAEQQ3ewLegQIBRAQ\"><span class=\"Y2IQFc\" lang=\"et\">Ilus, traditsiooniline puidust viimistletud <\/span><span class=\"Y2IQFc\" lang=\"et\">FSC\u00ae sertifitseeritud tammest <\/span><\/li>\n<li class=\"tw-data-text tw-text-large tw-ta\" dir=\"ltr\" data-placeholder=\"T\u00f5lge\" data-ved=\"2ahUKEwiH08PXsPSDAxWDHxAIHQazAEQQ3ewLegQIBRAQ\"><span class=\"Y2IQFc\" lang=\"et\">Vahetatavad osad pikendavad eluiga<\/span><\/li>\n<\/ul>\n","protected":false},"featured_media":4103,"template":"","meta":{"_gspb_post_css":""},"product_brand":[265],"product_cat":[202,203],"product_tag":[190,207,206,205],"class_list":{"0":"post-4102","1":"product","2":"type-product","3":"status-publish","4":"has-post-thumbnail","6":"product_brand-bolia","7":"product_cat-voodi","8":"product_cat-voodiraam","9":"product_tag-boila","10":"product_tag-elton","11":"product_tag-voodi","12":"product_tag-voodiraam","14":"first","15":"instock","16":"taxable","17":"shipping-taxable","18":"purchasable","19":"product-type-simple"},"ct_brands":[{"id":265,"name":"Bolia","slug":"bolia"}],"_links":{"self":[{"href":"https:\/\/arhainteriors.ee\/en\/wp-json\/wp\/v2\/product\/4102","targetHints":{"allow":["GET"]}}],"collection":[{"href":"https:\/\/arhainteriors.ee\/en\/wp-json\/wp\/v2\/product"}],"about":[{"href":"https:\/\/arhainteriors.ee\/en\/wp-json\/wp\/v2\/types\/product"}],"wp:featuredmedia":[{"embeddable":true,"href":"https:\/\/arhainteriors.ee\/en\/wp-json\/wp\/v2\/media\/4103"}],"wp:attachment":[{"href":"https:\/\/arhainteriors.ee\/en\/wp-json\/wp\/v2\/media?parent=4102"}],"wp:term":[{"taxonomy":"product_brand","embeddable":true,"href":"https:\/\/arhainteriors.ee\/en\/wp-json\/wp\/v2\/product_brand?post=4102"},{"taxonomy":"product_cat","embeddable":true,"href":"https:\/\/arhainteriors.ee\/en\/wp-json\/wp\/v2\/product_cat?post=4102"},{"taxonomy":"product_tag","embeddable":true,"href":"https:\/\/arhainteriors.ee\/en\/wp-json\/wp\/v2\/product_tag?post=4102"}],"curies":[{"name":"wp","href":"https:\/\/api.w.org\/{rel}","templated":true}]}}