{"id":4098,"date":"2024-01-23T21:22:00","date_gmt":"2024-01-23T21:22:00","guid":{"rendered":"https:\/\/arhainteriors.ee\/?post_type=product&#038;p=4098"},"modified":"2024-09-05T20:06:30","modified_gmt":"2024-09-05T20:06:30","slug":"haven-voodiraam-186-x-230-cm","status":"publish","type":"product","link":"https:\/\/arhainteriors.ee\/en\/toode\/haven-voodiraam-186-x-230-cm\/","title":{"rendered":"Haven Voodiraam 186 x 230 cm"},"content":{"rendered":"","protected":false},"excerpt":{"rendered":"<p><strong>Toote k\u00f5rgus:<\/strong> 23 cm \u00a0<strong>Laius:\u00a0<\/strong>186 cm \u00a0<strong>S\u00fcgavus:\u00a0<\/strong>230 cm<\/p>\n<p id=\"tw-target-text\" class=\"tw-data-text tw-text-large tw-ta\" dir=\"ltr\" data-placeholder=\"T\u00f5lge\" data-ved=\"2ahUKEwiH08PXsPSDAxWDHxAIHQazAEQQ3ewLegQIBRAQ\"><span class=\"Y2IQFc\" lang=\"et\">Haven <\/span><\/p>\n<p class=\"tw-data-text tw-text-large tw-ta\" dir=\"ltr\" data-placeholder=\"T\u00f5lge\" data-ved=\"2ahUKEwiH08PXsPSDAxWDHxAIHQazAEQQ3ewLegQIBRAQ\"><span class=\"Y2IQFc\" lang=\"et\">Minimalistlik voodiraam on valmistatud t\u00e4istammest, samuti pehme kutsuv voodipeatsi, mis sobib raamiga. Puidust valmistatud voodiraam on kujundatud laia \u00fcmbritseva raamiga, mis lisab nii segamatut v\u00e4limust kui ka lisafunktsionaalsust ning pind sobib ideaalselt hommikukohvi v\u00f5i raamatu parkimiseks. Disainerid Steffensen &amp; W\u00fcrtz on loonud Haveni voodiraamid ja voodipeatsi minimalistlikust vaatenurgast, mis on kombineeritud k\u00e4sit\u00f6\u00f6na valminud detailidega ning armastuse ja austusega looduslike, kindlate ja vastupidavate materjalide vastu. K\u00f5ik koos, et muuta Haven rahulikuks p\u00fchamuks. <\/span><\/p>\n<ul>\n<li class=\"tw-data-text tw-text-large tw-ta\" dir=\"ltr\" data-placeholder=\"T\u00f5lge\" data-ved=\"2ahUKEwiH08PXsPSDAxWDHxAIHQazAEQQ3ewLegQIBRAQ\"><span class=\"Y2IQFc\" lang=\"et\">Looduslikud materjalid <\/span><\/li>\n<li class=\"tw-data-text tw-text-large tw-ta\" dir=\"ltr\" data-placeholder=\"T\u00f5lge\" data-ved=\"2ahUKEwiH08PXsPSDAxWDHxAIHQazAEQQ3ewLegQIBRAQ\"><span class=\"Y2IQFc\" lang=\"et\">T\u00e4is tamm <\/span><\/li>\n<li class=\"tw-data-text tw-text-large tw-ta\" dir=\"ltr\" data-placeholder=\"T\u00f5lge\" data-ved=\"2ahUKEwiH08PXsPSDAxWDHxAIHQazAEQQ3ewLegQIBRAQ\"><span class=\"Y2IQFc\" lang=\"et\">T\u00e4ielik valik voodiraame ja voodipeatsisid<\/span><\/li>\n<\/ul>\n","protected":false},"featured_media":4099,"template":"","meta":{"_gspb_post_css":""},"product_brand":[265],"product_cat":[202,203],"product_tag":[190,204,206,205],"class_list":{"0":"post-4098","1":"product","2":"type-product","3":"status-publish","4":"has-post-thumbnail","6":"product_brand-bolia","7":"product_cat-voodi","8":"product_cat-voodiraam","9":"product_tag-boila","10":"product_tag-haven","11":"product_tag-voodi","12":"product_tag-voodiraam","14":"first","15":"instock","16":"taxable","17":"shipping-taxable","18":"purchasable","19":"product-type-simple"},"ct_brands":[{"id":265,"name":"Bolia","slug":"bolia"}],"_links":{"self":[{"href":"https:\/\/arhainteriors.ee\/en\/wp-json\/wp\/v2\/product\/4098","targetHints":{"allow":["GET"]}}],"collection":[{"href":"https:\/\/arhainteriors.ee\/en\/wp-json\/wp\/v2\/product"}],"about":[{"href":"https:\/\/arhainteriors.ee\/en\/wp-json\/wp\/v2\/types\/product"}],"wp:featuredmedia":[{"embeddable":true,"href":"https:\/\/arhainteriors.ee\/en\/wp-json\/wp\/v2\/media\/4099"}],"wp:attachment":[{"href":"https:\/\/arhainteriors.ee\/en\/wp-json\/wp\/v2\/media?parent=4098"}],"wp:term":[{"taxonomy":"product_brand","embeddable":true,"href":"https:\/\/arhainteriors.ee\/en\/wp-json\/wp\/v2\/product_brand?post=4098"},{"taxonomy":"product_cat","embeddable":true,"href":"https:\/\/arhainteriors.ee\/en\/wp-json\/wp\/v2\/product_cat?post=4098"},{"taxonomy":"product_tag","embeddable":true,"href":"https:\/\/arhainteriors.ee\/en\/wp-json\/wp\/v2\/product_tag?post=4098"}],"curies":[{"name":"wp","href":"https:\/\/api.w.org\/{rel}","templated":true}]}}