{"id":4090,"date":"2024-01-23T21:09:23","date_gmt":"2024-01-23T21:09:23","guid":{"rendered":"https:\/\/arhainteriors.ee\/?post_type=product&#038;p=4090"},"modified":"2024-01-31T17:29:11","modified_gmt":"2024-01-31T17:29:11","slug":"piper-lounge-rippvalgusti-3-liitega","status":"publish","type":"product","link":"https:\/\/arhainteriors.ee\/en\/toode\/piper-lounge-rippvalgusti-3-liitega\/","title":{"rendered":"Piper Lounge Rippvalgusti ( 3 liitega )"},"content":{"rendered":"","protected":false},"excerpt":{"rendered":"<p id=\"tw-target-text\" class=\"tw-data-text tw-text-large tw-ta\" dir=\"ltr\" data-placeholder=\"T\u00f5lge\" data-ved=\"2ahUKEwiH08PXsPSDAxWDHxAIHQazAEQQ3ewLegQIBRAQ\"><span class=\"Y2IQFc\" lang=\"et\">Piper <\/span><\/p>\n<p class=\"tw-data-text tw-text-large tw-ta\" dir=\"ltr\" data-placeholder=\"T\u00f5lge\" data-ved=\"2ahUKEwiH08PXsPSDAxWDHxAIHQazAEQQ3ewLegQIBRAQ\"><span class=\"Y2IQFc\" lang=\"et\">365\u00b0 North on kujundanud Piperi seeria, mis sisaldab seinavalgusteid, p\u00f5randalampe, ripatseid ja palju muud. Lihtne disain puhaste joonte ja industriaalse v\u00e4limusega, mis muudab Piperi kauniks t\u00e4ienduseks igasse ruumi \u2013 riputades diivani k\u00f5rval, k\u00f6\u00f6giseinal v\u00f5i pilkup\u00fc\u00fcdva ripatsina s\u00f6\u00f6gilaua kohal. Valige kolme viimistluse hulgast, mis sobivad ideaalselt teie interj\u00f6\u00f6riga: matthall, must v\u00f5i antiikmessing, ja looge \u00f5ige \u00f5hkkond, valides meie valikust Bolia l\u00e4bipaistvast, opaal- v\u00f5i kuldsest klaasist LED-lampide hulgast. <\/span><\/p>\n<ul>\n<li class=\"tw-data-text tw-text-large tw-ta\" dir=\"ltr\" data-placeholder=\"T\u00f5lge\" data-ved=\"2ahUKEwiH08PXsPSDAxWDHxAIHQazAEQQ3ewLegQIBRAQ\"><span class=\"Y2IQFc\" lang=\"et\">Puhtad jooned ja t\u00f6\u00f6stuslik v\u00e4limus <\/span><\/li>\n<li class=\"tw-data-text tw-text-large tw-ta\" dir=\"ltr\" data-placeholder=\"T\u00f5lge\" data-ved=\"2ahUKEwiH08PXsPSDAxWDHxAIHQazAEQQ3ewLegQIBRAQ\"><span class=\"Y2IQFc\" lang=\"et\">Saadaval mitmes v\u00e4rvitoonis ja variandis, mida omavahel segada ja sobitada <\/span><\/li>\n<li class=\"tw-data-text tw-text-large tw-ta\" dir=\"ltr\" data-placeholder=\"T\u00f5lge\" data-ved=\"2ahUKEwiH08PXsPSDAxWDHxAIHQazAEQQ3ewLegQIBRAQ\"><span class=\"Y2IQFc\" lang=\"et\">Valmistatud vastupidavatest materjalidest<\/span><\/li>\n<\/ul>\n","protected":false},"featured_media":4091,"template":"","meta":{"_gspb_post_css":""},"product_brand":[265],"product_cat":[184,183],"product_tag":[190,201,194,189],"class_list":{"0":"post-4090","1":"product","2":"type-product","3":"status-publish","4":"has-post-thumbnail","6":"product_brand-bolia","7":"product_cat-rippvalgustid","8":"product_cat-valgustid","9":"product_tag-boila","10":"product_tag-piper","11":"product_tag-rippvalgusti","12":"product_tag-valgustid","14":"first","15":"instock","16":"taxable","17":"shipping-taxable","18":"purchasable","19":"product-type-simple"},"ct_brands":[{"id":265,"name":"Bolia","slug":"bolia"}],"_links":{"self":[{"href":"https:\/\/arhainteriors.ee\/en\/wp-json\/wp\/v2\/product\/4090","targetHints":{"allow":["GET"]}}],"collection":[{"href":"https:\/\/arhainteriors.ee\/en\/wp-json\/wp\/v2\/product"}],"about":[{"href":"https:\/\/arhainteriors.ee\/en\/wp-json\/wp\/v2\/types\/product"}],"wp:featuredmedia":[{"embeddable":true,"href":"https:\/\/arhainteriors.ee\/en\/wp-json\/wp\/v2\/media\/4091"}],"wp:attachment":[{"href":"https:\/\/arhainteriors.ee\/en\/wp-json\/wp\/v2\/media?parent=4090"}],"wp:term":[{"taxonomy":"product_brand","embeddable":true,"href":"https:\/\/arhainteriors.ee\/en\/wp-json\/wp\/v2\/product_brand?post=4090"},{"taxonomy":"product_cat","embeddable":true,"href":"https:\/\/arhainteriors.ee\/en\/wp-json\/wp\/v2\/product_cat?post=4090"},{"taxonomy":"product_tag","embeddable":true,"href":"https:\/\/arhainteriors.ee\/en\/wp-json\/wp\/v2\/product_tag?post=4090"}],"curies":[{"name":"wp","href":"https:\/\/api.w.org\/{rel}","templated":true}]}}