{"id":4076,"date":"2024-01-23T20:51:09","date_gmt":"2024-01-23T20:51:09","guid":{"rendered":"https:\/\/arhainteriors.ee\/?post_type=product&#038;p=4076"},"modified":"2024-09-05T20:24:51","modified_gmt":"2024-09-05T20:24:51","slug":"reflection-laualamp","status":"publish","type":"product","link":"https:\/\/arhainteriors.ee\/en\/toode\/reflection-laualamp\/","title":{"rendered":"Reflection Laualamp"},"content":{"rendered":"","protected":false},"excerpt":{"rendered":"<p><strong>Toote k\u00f5rgus:<\/strong> 45,5 cm\u00a0\u00a0<strong>Diameeter:\u00a0<\/strong>40 cm<\/p>\n<p id=\"tw-target-text\" class=\"tw-data-text tw-text-large tw-ta\" dir=\"ltr\" data-placeholder=\"T\u00f5lge\" data-ved=\"2ahUKEwiH08PXsPSDAxWDHxAIHQazAEQQ3ewLegQIBRAQ\"><span class=\"Y2IQFc\" lang=\"et\">Reflection<\/span><\/p>\n<p class=\"tw-data-text tw-text-large tw-ta\" dir=\"ltr\" data-placeholder=\"T\u00f5lge\" data-ved=\"2ahUKEwiH08PXsPSDAxWDHxAIHQazAEQQ3ewLegQIBRAQ\"><span class=\"Y2IQFc\" lang=\"et\">S\u00fcndinud ideest ja p\u00fc\u00fcdest luua midagi lihtsat, elegantset ja ajatut, mis h\u00f5lmab ja t\u00f5stab esile lambi p\u00f5hiomadused, nimelt valgusallika ja varju, sai Reflection ellu. Disainer Asger Risborg Jakobsen otsustas kaks p\u00f5hikomponenti \u00fcksteisest esile tuua ja eraldada, andes varju ja pehme valgusallika vahel kauni peegelduse ja m\u00e4ngu. Ilus disain, millel on ajatu ja endiselt elav tunne. <\/span><\/p>\n<ul>\n<li class=\"tw-data-text tw-text-large tw-ta\" dir=\"ltr\" data-placeholder=\"T\u00f5lge\" data-ved=\"2ahUKEwiH08PXsPSDAxWDHxAIHQazAEQQ3ewLegQIBRAQ\"><span class=\"Y2IQFc\" lang=\"et\">Ajatu ja intrigeeriv disain <\/span><\/li>\n<li class=\"tw-data-text tw-text-large tw-ta\" dir=\"ltr\" data-placeholder=\"T\u00f5lge\" data-ved=\"2ahUKEwiH08PXsPSDAxWDHxAIHQazAEQQ3ewLegQIBRAQ\"><span class=\"Y2IQFc\" lang=\"et\">Erinevad suurused, viimistlused ja versioonid <\/span><\/li>\n<li class=\"tw-data-text tw-text-large tw-ta\" dir=\"ltr\" data-placeholder=\"T\u00f5lge\" data-ved=\"2ahUKEwiH08PXsPSDAxWDHxAIHQazAEQQ3ewLegQIBRAQ\"><span class=\"Y2IQFc\" lang=\"et\">M\u00e4nguline disaini inspiratsioon<\/span><\/li>\n<\/ul>\n","protected":false},"featured_media":4077,"template":"","meta":{"_gspb_post_css":""},"product_brand":[265],"product_cat":[191,183],"product_tag":[190,192,198,189],"class_list":{"0":"post-4076","1":"product","2":"type-product","3":"status-publish","4":"has-post-thumbnail","6":"product_brand-bolia","7":"product_cat-laualambid","8":"product_cat-valgustid","9":"product_tag-boila","10":"product_tag-laualamp","11":"product_tag-reflection","12":"product_tag-valgustid","14":"first","15":"instock","16":"taxable","17":"shipping-taxable","18":"purchasable","19":"product-type-simple"},"ct_brands":[{"id":265,"name":"Bolia","slug":"bolia"}],"_links":{"self":[{"href":"https:\/\/arhainteriors.ee\/en\/wp-json\/wp\/v2\/product\/4076","targetHints":{"allow":["GET"]}}],"collection":[{"href":"https:\/\/arhainteriors.ee\/en\/wp-json\/wp\/v2\/product"}],"about":[{"href":"https:\/\/arhainteriors.ee\/en\/wp-json\/wp\/v2\/types\/product"}],"wp:featuredmedia":[{"embeddable":true,"href":"https:\/\/arhainteriors.ee\/en\/wp-json\/wp\/v2\/media\/4077"}],"wp:attachment":[{"href":"https:\/\/arhainteriors.ee\/en\/wp-json\/wp\/v2\/media?parent=4076"}],"wp:term":[{"taxonomy":"product_brand","embeddable":true,"href":"https:\/\/arhainteriors.ee\/en\/wp-json\/wp\/v2\/product_brand?post=4076"},{"taxonomy":"product_cat","embeddable":true,"href":"https:\/\/arhainteriors.ee\/en\/wp-json\/wp\/v2\/product_cat?post=4076"},{"taxonomy":"product_tag","embeddable":true,"href":"https:\/\/arhainteriors.ee\/en\/wp-json\/wp\/v2\/product_tag?post=4076"}],"curies":[{"name":"wp","href":"https:\/\/api.w.org\/{rel}","templated":true}]}}