{"id":4068,"date":"2024-01-23T20:43:50","date_gmt":"2024-01-23T20:43:50","guid":{"rendered":"https:\/\/arhainteriors.ee\/?post_type=product&#038;p=4068"},"modified":"2024-09-05T20:32:02","modified_gmt":"2024-09-05T20:32:02","slug":"leaves-rippvalgusti","status":"publish","type":"product","link":"https:\/\/arhainteriors.ee\/en\/toode\/leaves-rippvalgusti\/","title":{"rendered":"Leaves Rippvalgusti"},"content":{"rendered":"","protected":false},"excerpt":{"rendered":"<p><strong>Toote k\u00f5rgus:<\/strong> 40,8 cm \u00a0<strong>Laius:\u00a0<\/strong>125 cm<\/p>\n<p id=\"tw-target-text\" class=\"tw-data-text tw-text-large tw-ta\" dir=\"ltr\" data-placeholder=\"T\u00f5lge\" data-ved=\"2ahUKEwi9-960ivSDAxWLLRAIHVp8B6UQ3ewLegQIBRAQ\"><span class=\"Y2IQFc\" lang=\"et\">Leaves<\/span><\/p>\n<p class=\"tw-data-text tw-text-large tw-ta\" dir=\"ltr\" data-placeholder=\"T\u00f5lge\" data-ved=\"2ahUKEwi9-960ivSDAxWLLRAIHVp8B6UQ3ewLegQIBRAQ\"><span class=\"Y2IQFc\" lang=\"et\">1960. aastate \u00fcks suurimaid kunstnikke oli Ameerika skulptor Alexander Calder. Ta kujundas n\u00f6\u00f6ride v\u00f5i varraste k\u00fclge riputatud v\u00e4ikesed liikuvad skulptuurid ja tema kunst oli inspiratsiooniallikaks disainer Kateryna Sokolovale tema t\u00f6\u00f6s Leaves lambiga. Tulemuseks on skulptuurne ja ikooniline ripats, millel on elegantsed lambivarjud, mida saab k\u00fclgedele p\u00f6\u00f6rata, nii et valgusallikat saab kohandada vastavalt teie vajadustele. Leaves lamp on esteetiline disain, mis h\u00f5ljub kaunilt s\u00f6\u00f6gilaua kohal, luues t\u00e4iusliku vihje dekadentsile. <\/span><\/p>\n<ul>\n<li class=\"tw-data-text tw-text-large tw-ta\" dir=\"ltr\" data-placeholder=\"T\u00f5lge\" data-ved=\"2ahUKEwi9-960ivSDAxWLLRAIHVp8B6UQ3ewLegQIBRAQ\"><span class=\"Y2IQFc\" lang=\"et\">P\u00f6\u00f6rlev lambivari <\/span><\/li>\n<li class=\"tw-data-text tw-text-large tw-ta\" dir=\"ltr\" data-placeholder=\"T\u00f5lge\" data-ved=\"2ahUKEwi9-960ivSDAxWLLRAIHVp8B6UQ3ewLegQIBRAQ\"><span class=\"Y2IQFc\" lang=\"et\">Elegantne disain <\/span><\/li>\n<li class=\"tw-data-text tw-text-large tw-ta\" dir=\"ltr\" data-placeholder=\"T\u00f5lge\" data-ved=\"2ahUKEwi9-960ivSDAxWLLRAIHVp8B6UQ3ewLegQIBRAQ\"><span class=\"Y2IQFc\" lang=\"et\">Skulptuursed jooned<\/span><\/li>\n<\/ul>\n","protected":false},"featured_media":4069,"template":"","meta":{"_gspb_post_css":""},"product_brand":[265],"product_cat":[184,183],"product_tag":[190,197,194,189],"class_list":{"0":"post-4068","1":"product","2":"type-product","3":"status-publish","4":"has-post-thumbnail","6":"product_brand-bolia","7":"product_cat-rippvalgustid","8":"product_cat-valgustid","9":"product_tag-boila","10":"product_tag-leaves","11":"product_tag-rippvalgusti","12":"product_tag-valgustid","14":"first","15":"instock","16":"taxable","17":"shipping-taxable","18":"purchasable","19":"product-type-simple"},"ct_brands":[{"id":265,"name":"Bolia","slug":"bolia"}],"_links":{"self":[{"href":"https:\/\/arhainteriors.ee\/en\/wp-json\/wp\/v2\/product\/4068","targetHints":{"allow":["GET"]}}],"collection":[{"href":"https:\/\/arhainteriors.ee\/en\/wp-json\/wp\/v2\/product"}],"about":[{"href":"https:\/\/arhainteriors.ee\/en\/wp-json\/wp\/v2\/types\/product"}],"wp:featuredmedia":[{"embeddable":true,"href":"https:\/\/arhainteriors.ee\/en\/wp-json\/wp\/v2\/media\/4069"}],"wp:attachment":[{"href":"https:\/\/arhainteriors.ee\/en\/wp-json\/wp\/v2\/media?parent=4068"}],"wp:term":[{"taxonomy":"product_brand","embeddable":true,"href":"https:\/\/arhainteriors.ee\/en\/wp-json\/wp\/v2\/product_brand?post=4068"},{"taxonomy":"product_cat","embeddable":true,"href":"https:\/\/arhainteriors.ee\/en\/wp-json\/wp\/v2\/product_cat?post=4068"},{"taxonomy":"product_tag","embeddable":true,"href":"https:\/\/arhainteriors.ee\/en\/wp-json\/wp\/v2\/product_tag?post=4068"}],"curies":[{"name":"wp","href":"https:\/\/api.w.org\/{rel}","templated":true}]}}