{"id":4064,"date":"2024-01-23T20:40:17","date_gmt":"2024-01-23T20:40:17","guid":{"rendered":"https:\/\/arhainteriors.ee\/?post_type=product&#038;p=4064"},"modified":"2024-01-31T17:29:11","modified_gmt":"2024-01-31T17:29:11","slug":"acorn-porandalamp","status":"publish","type":"product","link":"https:\/\/arhainteriors.ee\/en\/toode\/acorn-porandalamp\/","title":{"rendered":"Acorn P\u00f5randalamp"},"content":{"rendered":"","protected":false},"excerpt":{"rendered":"<p id=\"tw-target-text\" class=\"tw-data-text tw-text-large tw-ta\" dir=\"ltr\" data-placeholder=\"T\u00f5lge\" data-ved=\"2ahUKEwi9-960ivSDAxWLLRAIHVp8B6UQ3ewLegQIBRAQ\"><span class=\"Y2IQFc\" lang=\"et\">Acorn<\/span><\/p>\n<p class=\"tw-data-text tw-text-large tw-ta\" dir=\"ltr\" data-placeholder=\"T\u00f5lge\" data-ved=\"2ahUKEwi9-960ivSDAxWLLRAIHVp8B6UQ3ewLegQIBRAQ\"><span class=\"Y2IQFc\" lang=\"et\">Acorni lampidel on ahvatlev orgaaniline siluett \u2013 inspireeritud tammet\u00f5ru iseloomulikust kujust. P\u00f5randalamp lisab teie interj\u00f6\u00f6ri silmapaistva disainielemendi pika vedrustusvarre ja betoonist jalaga. Pehmest valgest kangast lambivari hajutab \u00f5rnalt valgust ja peened FSC\u00ae-sertifikaadiga tamme detailid lisavad disainile soojust. <\/span><\/p>\n<ul>\n<li class=\"tw-data-text tw-text-large tw-ta\" dir=\"ltr\" data-placeholder=\"T\u00f5lge\" data-ved=\"2ahUKEwi9-960ivSDAxWLLRAIHVp8B6UQ3ewLegQIBRAQ\"><span class=\"Y2IQFc\" lang=\"et\">Pilkup\u00fc\u00fcdev disainielement <\/span><\/li>\n<li class=\"tw-data-text tw-text-large tw-ta\" dir=\"ltr\" data-placeholder=\"T\u00f5lge\" data-ved=\"2ahUKEwi9-960ivSDAxWLLRAIHVp8B6UQ3ewLegQIBRAQ\"><span class=\"Y2IQFc\" lang=\"et\">Betoonist suur vedrustusvars ja jalg <\/span><\/li>\n<li class=\"tw-data-text tw-text-large tw-ta\" dir=\"ltr\" data-placeholder=\"T\u00f5lge\" data-ved=\"2ahUKEwi9-960ivSDAxWLLRAIHVp8B6UQ3ewLegQIBRAQ\"><span class=\"Y2IQFc\" lang=\"et\">Inspireeritud tammet\u00f5ru iseloomulikust kujust<\/span><\/li>\n<\/ul>\n","protected":false},"featured_media":4067,"template":"","meta":{"_gspb_post_css":""},"product_brand":[265],"product_cat":[186,183],"product_tag":[195,190,196,189],"class_list":{"0":"post-4064","1":"product","2":"type-product","3":"status-publish","4":"has-post-thumbnail","6":"product_brand-bolia","7":"product_cat-porandavalgustid","8":"product_cat-valgustid","9":"product_tag-acorn","10":"product_tag-boila","11":"product_tag-porandavalgusti","12":"product_tag-valgustid","14":"first","15":"instock","16":"taxable","17":"shipping-taxable","18":"purchasable","19":"product-type-simple"},"ct_brands":[{"id":265,"name":"Bolia","slug":"bolia"}],"_links":{"self":[{"href":"https:\/\/arhainteriors.ee\/en\/wp-json\/wp\/v2\/product\/4064","targetHints":{"allow":["GET"]}}],"collection":[{"href":"https:\/\/arhainteriors.ee\/en\/wp-json\/wp\/v2\/product"}],"about":[{"href":"https:\/\/arhainteriors.ee\/en\/wp-json\/wp\/v2\/types\/product"}],"wp:featuredmedia":[{"embeddable":true,"href":"https:\/\/arhainteriors.ee\/en\/wp-json\/wp\/v2\/media\/4067"}],"wp:attachment":[{"href":"https:\/\/arhainteriors.ee\/en\/wp-json\/wp\/v2\/media?parent=4064"}],"wp:term":[{"taxonomy":"product_brand","embeddable":true,"href":"https:\/\/arhainteriors.ee\/en\/wp-json\/wp\/v2\/product_brand?post=4064"},{"taxonomy":"product_cat","embeddable":true,"href":"https:\/\/arhainteriors.ee\/en\/wp-json\/wp\/v2\/product_cat?post=4064"},{"taxonomy":"product_tag","embeddable":true,"href":"https:\/\/arhainteriors.ee\/en\/wp-json\/wp\/v2\/product_tag?post=4064"}],"curies":[{"name":"wp","href":"https:\/\/api.w.org\/{rel}","templated":true}]}}