{"id":4060,"date":"2024-01-23T20:36:32","date_gmt":"2024-01-23T20:36:32","guid":{"rendered":"https:\/\/arhainteriors.ee\/?post_type=product&#038;p=4060"},"modified":"2024-09-05T20:33:43","modified_gmt":"2024-09-05T20:33:43","slug":"acorn-laualamp-2","status":"publish","type":"product","link":"https:\/\/arhainteriors.ee\/en\/toode\/acorn-laualamp-2\/","title":{"rendered":"Acorn Laualamp"},"content":{"rendered":"","protected":false},"excerpt":{"rendered":"<p><strong>Toote k\u00f5rgus:<\/strong> 43 cm\u00a0 <b>Diameeter:<\/b> 41 cm<\/p>\n<p id=\"tw-target-text\" class=\"tw-data-text tw-text-large tw-ta\" dir=\"ltr\" data-placeholder=\"T\u00f5lge\" data-ved=\"2ahUKEwi9-960ivSDAxWLLRAIHVp8B6UQ3ewLegQIBRAQ\"><span class=\"Y2IQFc\" lang=\"et\">Acorn<\/span><\/p>\n<p class=\"tw-data-text tw-text-large tw-ta\" dir=\"ltr\" data-placeholder=\"T\u00f5lge\" data-ved=\"2ahUKEwi9-960ivSDAxWLLRAIHVp8B6UQ3ewLegQIBRAQ\"><span class=\"Y2IQFc\" lang=\"et\">Acorni rippvalgustitel ja laualampidel on ahvatlev orgaaniline siluett, mis on inspireeritud tammet\u00f5ru iseloomulikust kujust. Need lambid on valmistatud FSC\u00ae-sertifikaadiga \u00f5litatud tammest ja nende varjud on valmistatud valgest opaalklaasist v\u00f5i pooll\u00e4bipaistvast kangast. Juhe on nutikalt disaini integreeritud, mille tulemuseks on klanitud ja \u00f5mblusteta v\u00e4limus. Materjalide elegantsed kontrastid annavad lampidele silmapaistva v\u00e4limuse, olenemata sellest, kas need on sisse v\u00f5i v\u00e4lja l\u00fclitatud. Disainitud Taani disainistuudio 365\u00b0 North poolt.\u00a0<\/span><\/p>\n<ul>\n<li class=\"tw-data-text tw-text-large tw-ta\" dir=\"ltr\" data-placeholder=\"T\u00f5lge\" data-ved=\"2ahUKEwi9-960ivSDAxWLLRAIHVp8B6UQ3ewLegQIBRAQ\"><span class=\"Y2IQFc\" lang=\"et\">Valmistatud tugevast FSC\u00ae-sertifikaadiga tamme- ja opaalklaasist <\/span><\/li>\n<li class=\"tw-data-text tw-text-large tw-ta\" dir=\"ltr\" data-placeholder=\"T\u00f5lge\" data-ved=\"2ahUKEwi9-960ivSDAxWLLRAIHVp8B6UQ3ewLegQIBRAQ\"><span class=\"Y2IQFc\" lang=\"et\">N\u00f6\u00f6r on esteetiline disainielement <\/span><\/li>\n<li class=\"tw-data-text tw-text-large tw-ta\" dir=\"ltr\" data-placeholder=\"T\u00f5lge\" data-ved=\"2ahUKEwi9-960ivSDAxWLLRAIHVp8B6UQ3ewLegQIBRAQ\"><span class=\"Y2IQFc\" lang=\"et\">Inspireeritud tammet\u00f5ru iseloomulikust kujust<\/span><\/li>\n<\/ul>\n","protected":false},"featured_media":4062,"template":"","meta":{"_gspb_post_css":""},"product_brand":[265],"product_cat":[191,183],"product_tag":[195,190,192,189],"class_list":{"0":"post-4060","1":"product","2":"type-product","3":"status-publish","4":"has-post-thumbnail","6":"product_brand-bolia","7":"product_cat-laualambid","8":"product_cat-valgustid","9":"product_tag-acorn","10":"product_tag-boila","11":"product_tag-laualamp","12":"product_tag-valgustid","14":"first","15":"instock","16":"taxable","17":"shipping-taxable","18":"purchasable","19":"product-type-simple"},"ct_brands":[{"id":265,"name":"Bolia","slug":"bolia"}],"_links":{"self":[{"href":"https:\/\/arhainteriors.ee\/en\/wp-json\/wp\/v2\/product\/4060","targetHints":{"allow":["GET"]}}],"collection":[{"href":"https:\/\/arhainteriors.ee\/en\/wp-json\/wp\/v2\/product"}],"about":[{"href":"https:\/\/arhainteriors.ee\/en\/wp-json\/wp\/v2\/types\/product"}],"wp:featuredmedia":[{"embeddable":true,"href":"https:\/\/arhainteriors.ee\/en\/wp-json\/wp\/v2\/media\/4062"}],"wp:attachment":[{"href":"https:\/\/arhainteriors.ee\/en\/wp-json\/wp\/v2\/media?parent=4060"}],"wp:term":[{"taxonomy":"product_brand","embeddable":true,"href":"https:\/\/arhainteriors.ee\/en\/wp-json\/wp\/v2\/product_brand?post=4060"},{"taxonomy":"product_cat","embeddable":true,"href":"https:\/\/arhainteriors.ee\/en\/wp-json\/wp\/v2\/product_cat?post=4060"},{"taxonomy":"product_tag","embeddable":true,"href":"https:\/\/arhainteriors.ee\/en\/wp-json\/wp\/v2\/product_tag?post=4060"}],"curies":[{"name":"wp","href":"https:\/\/api.w.org\/{rel}","templated":true}]}}