{"id":4041,"date":"2024-01-23T20:15:03","date_gmt":"2024-01-23T20:15:03","guid":{"rendered":"https:\/\/arhainteriors.ee\/?post_type=product&#038;p=4041"},"modified":"2024-09-05T20:37:47","modified_gmt":"2024-09-05T20:37:47","slug":"balloon-rippvalgusti-o57-x-h355-cm","status":"publish","type":"product","link":"https:\/\/arhainteriors.ee\/en\/toode\/balloon-rippvalgusti-o57-x-h355-cm\/","title":{"rendered":"Balloon Rippvalgusti \u00d857 x H35,5 cm"},"content":{"rendered":"","protected":false},"excerpt":{"rendered":"<p><strong>Toote k\u00f5rgus:<\/strong> 35,5 cm \u00a0<strong>Diameeter:<\/strong> 57 cm<\/p>\n<p id=\"tw-target-text\" class=\"tw-data-text tw-text-large tw-ta\" dir=\"ltr\" data-placeholder=\"T\u00f5lge\" data-ved=\"2ahUKEwi9-960ivSDAxWLLRAIHVp8B6UQ3ewLegQIBRAQ\"><span class=\"Y2IQFc\" lang=\"et\">Balloon<\/span><\/p>\n<p class=\"tw-data-text tw-text-large tw-ta\" dir=\"ltr\" data-placeholder=\"T\u00f5lge\" data-ved=\"2ahUKEwi9-960ivSDAxWLLRAIHVp8B6UQ3ewLegQIBRAQ\"><span class=\"Y2IQFc\" lang=\"et\">Elegantne ja l\u00e4bipaistev kangas lisab Balloon-lambile kerge, m\u00e4ngulise efekti ning peegeldab valgust peaaegu h\u00fcpnootiliselt. Balloonil on k\u00f5ik k\u00fclje all t\u00e4psed k\u00e4sitsi \u00f5mmeldud detailid \u2013 detailid, mis on n\u00f5udnud erilist tehnikat ja v\u00e4ga kindlat k\u00e4tt. <\/span><\/p>\n<ul>\n<li class=\"tw-data-text tw-text-large tw-ta\" dir=\"ltr\" data-placeholder=\"T\u00f5lge\" data-ved=\"2ahUKEwi9-960ivSDAxWLLRAIHVp8B6UQ3ewLegQIBRAQ\"><span class=\"Y2IQFc\" lang=\"et\">Elegantne ja m\u00e4nguline v\u00e4limus <\/span><\/li>\n<li class=\"tw-data-text tw-text-large tw-ta\" dir=\"ltr\" data-placeholder=\"T\u00f5lge\" data-ved=\"2ahUKEwi9-960ivSDAxWLLRAIHVp8B6UQ3ewLegQIBRAQ\"><span class=\"Y2IQFc\" lang=\"et\">Rahustav valgusallikas <\/span><\/li>\n<li class=\"tw-data-text tw-text-large tw-ta\" dir=\"ltr\" data-placeholder=\"T\u00f5lge\" data-ved=\"2ahUKEwi9-960ivSDAxWLLRAIHVp8B6UQ3ewLegQIBRAQ\"><span class=\"Y2IQFc\" lang=\"et\">Stiilsed detailid lambivarju all<\/span><\/li>\n<\/ul>\n","protected":false},"featured_media":4042,"template":"","meta":{"_gspb_post_css":""},"product_brand":[265],"product_cat":[184,183],"product_tag":[193,190,194,189],"class_list":{"0":"post-4041","1":"product","2":"type-product","3":"status-publish","4":"has-post-thumbnail","6":"product_brand-bolia","7":"product_cat-rippvalgustid","8":"product_cat-valgustid","9":"product_tag-balloon","10":"product_tag-boila","11":"product_tag-rippvalgusti","12":"product_tag-valgustid","14":"first","15":"instock","16":"taxable","17":"shipping-taxable","18":"purchasable","19":"product-type-simple"},"ct_brands":[{"id":265,"name":"Bolia","slug":"bolia"}],"_links":{"self":[{"href":"https:\/\/arhainteriors.ee\/en\/wp-json\/wp\/v2\/product\/4041","targetHints":{"allow":["GET"]}}],"collection":[{"href":"https:\/\/arhainteriors.ee\/en\/wp-json\/wp\/v2\/product"}],"about":[{"href":"https:\/\/arhainteriors.ee\/en\/wp-json\/wp\/v2\/types\/product"}],"wp:featuredmedia":[{"embeddable":true,"href":"https:\/\/arhainteriors.ee\/en\/wp-json\/wp\/v2\/media\/4042"}],"wp:attachment":[{"href":"https:\/\/arhainteriors.ee\/en\/wp-json\/wp\/v2\/media?parent=4041"}],"wp:term":[{"taxonomy":"product_brand","embeddable":true,"href":"https:\/\/arhainteriors.ee\/en\/wp-json\/wp\/v2\/product_brand?post=4041"},{"taxonomy":"product_cat","embeddable":true,"href":"https:\/\/arhainteriors.ee\/en\/wp-json\/wp\/v2\/product_cat?post=4041"},{"taxonomy":"product_tag","embeddable":true,"href":"https:\/\/arhainteriors.ee\/en\/wp-json\/wp\/v2\/product_tag?post=4041"}],"curies":[{"name":"wp","href":"https:\/\/api.w.org\/{rel}","templated":true}]}}