{"id":4026,"date":"2024-01-23T18:02:47","date_gmt":"2024-01-23T18:02:47","guid":{"rendered":"https:\/\/arhainteriors.ee\/?post_type=product&#038;p=4026"},"modified":"2024-09-05T21:05:46","modified_gmt":"2024-09-05T21:05:46","slug":"orb-porandavalgusti","status":"publish","type":"product","link":"https:\/\/arhainteriors.ee\/en\/toode\/orb-porandavalgusti\/","title":{"rendered":"Orb P\u00f5randavalgusti"},"content":{"rendered":"","protected":false},"excerpt":{"rendered":"<p><strong>Toote k\u00f5rgus:<\/strong> 162,5 cm\u00a0 <b>Diameeter: <\/b>36 cm<\/p>\n<p id=\"tw-target-text\" class=\"tw-data-text tw-text-large tw-ta\" dir=\"ltr\" data-placeholder=\"T\u00f5lge\" data-ved=\"2ahUKEwi9-960ivSDAxWLLRAIHVp8B6UQ3ewLegQIBRAQ\"><span class=\"Y2IQFc\" lang=\"et\">Orb <\/span><\/p>\n<p class=\"tw-data-text tw-text-large tw-ta\" dir=\"ltr\" data-placeholder=\"T\u00f5lge\" data-ved=\"2ahUKEwi9-960ivSDAxWLLRAIHVp8B6UQ3ewLegQIBRAQ\"><span class=\"Y2IQFc\" lang=\"et\">Need t\u00e4iuslikult \u00fcmarad klaaskuulid loovad peegeldava ja s\u00e4rava valguse igas ruumis, olenemata sellest, millise suuruse v\u00f5i variandi valite. P\u00f5randalambina, h\u00f5ljudes s\u00f6\u00f6gilaua kohal nagu p\u00e4rlid n\u00f6\u00f6ri otsas, v\u00f5i \u00fcksiku tilgana elutoa nurgas. Orb loob eksklusiivse atmosf\u00e4\u00e4ri, mis tundub dramaatiliselt tagasihoidlik ja samas v\u00e4rskendavalt juhuslik. Messingi, metalli ja klaasi kombinatsioon lisab teie kodule t\u00f6\u00f6stuslikku eelist. <\/span><\/p>\n<ul>\n<li class=\"tw-data-text tw-text-large tw-ta\" dir=\"ltr\" data-placeholder=\"T\u00f5lge\" data-ved=\"2ahUKEwi9-960ivSDAxWLLRAIHVp8B6UQ3ewLegQIBRAQ\"><span class=\"Y2IQFc\" lang=\"et\">Orgaanilised kujundid <\/span><\/li>\n<li class=\"tw-data-text tw-text-large tw-ta\" dir=\"ltr\" data-placeholder=\"T\u00f5lge\" data-ved=\"2ahUKEwi9-960ivSDAxWLLRAIHVp8B6UQ3ewLegQIBRAQ\"><span class=\"Y2IQFc\" lang=\"et\">Toores elegants <\/span><\/li>\n<li class=\"tw-data-text tw-text-large tw-ta\" dir=\"ltr\" data-placeholder=\"T\u00f5lge\" data-ved=\"2ahUKEwi9-960ivSDAxWLLRAIHVp8B6UQ3ewLegQIBRAQ\"><span class=\"Y2IQFc\" lang=\"et\">Mitmed suurused, v\u00e4rvid ja variandid<\/span><\/li>\n<\/ul>\n","protected":false},"featured_media":4027,"template":"","meta":{"_gspb_post_css":""},"product_brand":[265],"product_cat":[186,183],"product_tag":[190,187,188,189],"class_list":{"0":"post-4026","1":"product","2":"type-product","3":"status-publish","4":"has-post-thumbnail","6":"product_brand-bolia","7":"product_cat-porandavalgustid","8":"product_cat-valgustid","9":"product_tag-boila","10":"product_tag-orb","11":"product_tag-pordandavalgusti","12":"product_tag-valgustid","14":"first","15":"instock","16":"taxable","17":"shipping-taxable","18":"purchasable","19":"product-type-simple"},"ct_brands":[{"id":265,"name":"Bolia","slug":"bolia"}],"_links":{"self":[{"href":"https:\/\/arhainteriors.ee\/en\/wp-json\/wp\/v2\/product\/4026","targetHints":{"allow":["GET"]}}],"collection":[{"href":"https:\/\/arhainteriors.ee\/en\/wp-json\/wp\/v2\/product"}],"about":[{"href":"https:\/\/arhainteriors.ee\/en\/wp-json\/wp\/v2\/types\/product"}],"wp:featuredmedia":[{"embeddable":true,"href":"https:\/\/arhainteriors.ee\/en\/wp-json\/wp\/v2\/media\/4027"}],"wp:attachment":[{"href":"https:\/\/arhainteriors.ee\/en\/wp-json\/wp\/v2\/media?parent=4026"}],"wp:term":[{"taxonomy":"product_brand","embeddable":true,"href":"https:\/\/arhainteriors.ee\/en\/wp-json\/wp\/v2\/product_brand?post=4026"},{"taxonomy":"product_cat","embeddable":true,"href":"https:\/\/arhainteriors.ee\/en\/wp-json\/wp\/v2\/product_cat?post=4026"},{"taxonomy":"product_tag","embeddable":true,"href":"https:\/\/arhainteriors.ee\/en\/wp-json\/wp\/v2\/product_tag?post=4026"}],"curies":[{"name":"wp","href":"https:\/\/api.w.org\/{rel}","templated":true}]}}