{"id":3999,"date":"2024-01-22T19:23:45","date_gmt":"2024-01-22T19:23:45","guid":{"rendered":"https:\/\/arhainteriors.ee\/?post_type=product&#038;p=3999"},"modified":"2024-09-05T21:45:07","modified_gmt":"2024-09-05T21:45:07","slug":"anelli-rippvalgusti-o55-cm","status":"publish","type":"product","link":"https:\/\/arhainteriors.ee\/en\/toode\/anelli-rippvalgusti-o55-cm\/","title":{"rendered":"Anelli Rippvalgusti \u00d855 cm"},"content":{"rendered":"","protected":false},"excerpt":{"rendered":"<p id=\"tw-target-text\" class=\"tw-data-text tw-text-large tw-ta\" dir=\"ltr\" data-placeholder=\"T\u00f5lge\" data-ved=\"2ahUKEwi7tLaNyPGDAxUpFxAIHYRvDL4Q3ewLegQIBRAQ\"><span class=\"Y2IQFc\" lang=\"et\"><strong>Toote k\u00f5rgus:<\/strong> 41,8 cm \u00a0<strong>Diameeter:<\/strong> 51,8 cm<\/span><\/p>\n<p class=\"tw-data-text tw-text-large tw-ta\" dir=\"ltr\" data-placeholder=\"T\u00f5lge\" data-ved=\"2ahUKEwi7tLaNyPGDAxUpFxAIHYRvDL4Q3ewLegQIBRAQ\"><span class=\"Y2IQFc\" lang=\"et\">Mahukate, kuid \u00f5huliste rippvalgustite sari, millel on loomulik ja pingutuseta tunne. Iga rippvalgusti koosneb tamme- v\u00f5i kasespoonist r\u00f5ngastest, mis on \u00f5rnalt riputatud peene n\u00f6\u00f6ri k\u00fclge, mis on l\u00e4bi iga r\u00f5nga s\u00f5lmitud. LED \u00fclaosa kiirgab l\u00e4bi ekraani pehmelt hajutatud valgust. Saadaval kahes suuruses, mida saab r\u00fchmitada l\u00e4bipaistva kvaliteediga atmosf\u00e4\u00e4riseadetesse. Disainer Meike Harde. <\/span><\/p>\n<ul>\n<li class=\"tw-data-text tw-text-large tw-ta\" dir=\"ltr\" data-placeholder=\"T\u00f5lge\" data-ved=\"2ahUKEwi7tLaNyPGDAxUpFxAIHYRvDL4Q3ewLegQIBRAQ\"><span class=\"Y2IQFc\" lang=\"et\">Lamedalt pakitud disain <\/span><\/li>\n<li class=\"tw-data-text tw-text-large tw-ta\" dir=\"ltr\" data-placeholder=\"T\u00f5lge\" data-ved=\"2ahUKEwi7tLaNyPGDAxUpFxAIHYRvDL4Q3ewLegQIBRAQ\"><span class=\"Y2IQFc\" lang=\"et\">Kerge, \u00f5huline ripats, millel on lihtne esteetika <\/span><\/li>\n<li class=\"tw-data-text tw-text-large tw-ta\" dir=\"ltr\" data-placeholder=\"T\u00f5lge\" data-ved=\"2ahUKEwi7tLaNyPGDAxUpFxAIHYRvDL4Q3ewLegQIBRAQ\"><span class=\"Y2IQFc\" lang=\"et\">Saadaval kahes suuruses<\/span><\/li>\n<\/ul>\n","protected":false},"featured_media":4000,"template":"","meta":{"_gspb_post_css":""},"product_brand":[265],"product_cat":[184,183],"product_tag":[],"class_list":{"0":"post-3999","1":"product","2":"type-product","3":"status-publish","4":"has-post-thumbnail","6":"product_brand-bolia","7":"product_cat-rippvalgustid","8":"product_cat-valgustid","10":"first","11":"instock","12":"taxable","13":"shipping-taxable","14":"purchasable","15":"product-type-simple"},"ct_brands":[{"id":265,"name":"Bolia","slug":"bolia"}],"_links":{"self":[{"href":"https:\/\/arhainteriors.ee\/en\/wp-json\/wp\/v2\/product\/3999","targetHints":{"allow":["GET"]}}],"collection":[{"href":"https:\/\/arhainteriors.ee\/en\/wp-json\/wp\/v2\/product"}],"about":[{"href":"https:\/\/arhainteriors.ee\/en\/wp-json\/wp\/v2\/types\/product"}],"wp:featuredmedia":[{"embeddable":true,"href":"https:\/\/arhainteriors.ee\/en\/wp-json\/wp\/v2\/media\/4000"}],"wp:attachment":[{"href":"https:\/\/arhainteriors.ee\/en\/wp-json\/wp\/v2\/media?parent=3999"}],"wp:term":[{"taxonomy":"product_brand","embeddable":true,"href":"https:\/\/arhainteriors.ee\/en\/wp-json\/wp\/v2\/product_brand?post=3999"},{"taxonomy":"product_cat","embeddable":true,"href":"https:\/\/arhainteriors.ee\/en\/wp-json\/wp\/v2\/product_cat?post=3999"},{"taxonomy":"product_tag","embeddable":true,"href":"https:\/\/arhainteriors.ee\/en\/wp-json\/wp\/v2\/product_tag?post=3999"}],"curies":[{"name":"wp","href":"https:\/\/api.w.org\/{rel}","templated":true}]}}