{"id":3993,"date":"2024-01-22T19:17:50","date_gmt":"2024-01-22T19:17:50","guid":{"rendered":"https:\/\/arhainteriors.ee\/?post_type=product&#038;p=3993"},"modified":"2024-09-05T21:45:59","modified_gmt":"2024-09-05T21:45:59","slug":"aluna-rippvalgusti-o60-cm","status":"publish","type":"product","link":"https:\/\/arhainteriors.ee\/en\/toode\/aluna-rippvalgusti-o60-cm\/","title":{"rendered":"Aluna Rippvalgusti \u00d860 cm"},"content":{"rendered":"","protected":false},"excerpt":{"rendered":"<p><strong>Toote k\u00f5rgus:<\/strong> 27,6 cm \u00a0<strong>Diameeter:\u00a0<\/strong>60 cm<\/p>\n<p id=\"tw-target-text\" class=\"tw-data-text tw-text-large tw-ta\" dir=\"ltr\" data-placeholder=\"T\u00f5lge\" data-ved=\"2ahUKEwi7tLaNyPGDAxUpFxAIHYRvDL4Q3ewLegQIBRAQ\"><span class=\"Y2IQFc\" lang=\"et\">Aluna <\/span><\/p>\n<p class=\"tw-data-text tw-text-large tw-ta\" dir=\"ltr\" data-placeholder=\"T\u00f5lge\" data-ved=\"2ahUKEwi7tLaNyPGDAxUpFxAIHYRvDL4Q3ewLegQIBRAQ\"><span class=\"Y2IQFc\" lang=\"et\">Quaglio Simonelli l\u00f5i Aluna lampide seeria arhitektuurse pilguga detailidele, elegantse kujuga, mis on kaunis fookuspunkt igas ruumis. Varju suur maht lisab teie s\u00f6\u00f6gilauale k\u00fclluslikku v\u00e4limust ja messingiga kaetud n\u00f6\u00f6ri peen detail lisab disainile luksusliku ilme. Kupli sees on l\u00e4bipaistmatu hajuti, mis pehmendab valgust, varjates samas lambipirnid. <\/span><\/p>\n<ul>\n<li class=\"tw-data-text tw-text-large tw-ta\" dir=\"ltr\" data-placeholder=\"T\u00f5lge\" data-ved=\"2ahUKEwi7tLaNyPGDAxUpFxAIHYRvDL4Q3ewLegQIBRAQ\"><span class=\"Y2IQFc\" lang=\"et\">Valmistatud vahetatava LED-iga <\/span><\/li>\n<li class=\"tw-data-text tw-text-large tw-ta\" dir=\"ltr\" data-placeholder=\"T\u00f5lge\" data-ved=\"2ahUKEwi7tLaNyPGDAxUpFxAIHYRvDL4Q3ewLegQIBRAQ\"><span class=\"Y2IQFc\" lang=\"et\">Suur maht, mis on kaunis fookuspunkt igas ruumis <\/span><\/li>\n<li class=\"tw-data-text tw-text-large tw-ta\" dir=\"ltr\" data-placeholder=\"T\u00f5lge\" data-ved=\"2ahUKEwi7tLaNyPGDAxUpFxAIHYRvDL4Q3ewLegQIBRAQ\"><span class=\"Y2IQFc\" lang=\"et\">Luksusliku ilmega disain<\/span><\/li>\n<\/ul>\n","protected":false},"featured_media":3994,"template":"","meta":{"_gspb_post_css":""},"product_brand":[265],"product_cat":[184,183],"product_tag":[],"class_list":{"0":"post-3993","1":"product","2":"type-product","3":"status-publish","4":"has-post-thumbnail","6":"product_brand-bolia","7":"product_cat-rippvalgustid","8":"product_cat-valgustid","10":"first","11":"instock","12":"taxable","13":"shipping-taxable","14":"purchasable","15":"product-type-simple"},"ct_brands":[{"id":265,"name":"Bolia","slug":"bolia"}],"_links":{"self":[{"href":"https:\/\/arhainteriors.ee\/en\/wp-json\/wp\/v2\/product\/3993","targetHints":{"allow":["GET"]}}],"collection":[{"href":"https:\/\/arhainteriors.ee\/en\/wp-json\/wp\/v2\/product"}],"about":[{"href":"https:\/\/arhainteriors.ee\/en\/wp-json\/wp\/v2\/types\/product"}],"wp:featuredmedia":[{"embeddable":true,"href":"https:\/\/arhainteriors.ee\/en\/wp-json\/wp\/v2\/media\/3994"}],"wp:attachment":[{"href":"https:\/\/arhainteriors.ee\/en\/wp-json\/wp\/v2\/media?parent=3993"}],"wp:term":[{"taxonomy":"product_brand","embeddable":true,"href":"https:\/\/arhainteriors.ee\/en\/wp-json\/wp\/v2\/product_brand?post=3993"},{"taxonomy":"product_cat","embeddable":true,"href":"https:\/\/arhainteriors.ee\/en\/wp-json\/wp\/v2\/product_cat?post=3993"},{"taxonomy":"product_tag","embeddable":true,"href":"https:\/\/arhainteriors.ee\/en\/wp-json\/wp\/v2\/product_tag?post=3993"}],"curies":[{"name":"wp","href":"https:\/\/api.w.org\/{rel}","templated":true}]}}