{"id":3953,"date":"2024-01-22T18:42:08","date_gmt":"2024-01-22T18:42:08","guid":{"rendered":"https:\/\/arhainteriors.ee\/?post_type=product&#038;p=3953"},"modified":"2024-01-31T17:29:12","modified_gmt":"2024-01-31T17:29:12","slug":"trapeze-riidenagi-3-x-83-x-68-105-cm","status":"publish","type":"product","link":"https:\/\/arhainteriors.ee\/en\/toode\/trapeze-riidenagi-3-x-83-x-68-105-cm\/","title":{"rendered":"Trapeze Riidenagi 3 x 83 x 68 &#8211; 105 cm"},"content":{"rendered":"","protected":false},"excerpt":{"rendered":"<p id=\"tw-target-text\" class=\"tw-data-text tw-text-large tw-ta\" dir=\"ltr\" data-placeholder=\"T\u00f5lge\" data-ved=\"2ahUKEwi7tLaNyPGDAxUpFxAIHYRvDL4Q3ewLegQIBRAQ\"><span class=\"Y2IQFc\" lang=\"et\">Trapeze<\/span><\/p>\n<p class=\"tw-data-text tw-text-large tw-ta\" dir=\"ltr\" data-placeholder=\"T\u00f5lge\" data-ved=\"2ahUKEwi7tLaNyPGDAxUpFxAIHYRvDL4Q3ewLegQIBRAQ\"><span class=\"Y2IQFc\" lang=\"et\">Trapeze seeria konksud, siinid ja riidepuud v\u00f5imaldavad luua elegantse ja \u00fchtse riidekapi. Sarja on disaininud taanlane Steffensen &amp; W\u00fcrtz ning see on loodud luksuslikus puidu, naha ja messingi kombinatsioonis. <\/span><\/p>\n<ul>\n<li class=\"tw-data-text tw-text-large tw-ta\" dir=\"ltr\" data-placeholder=\"T\u00f5lge\" data-ved=\"2ahUKEwi7tLaNyPGDAxUpFxAIHYRvDL4Q3ewLegQIBRAQ\"><span class=\"Y2IQFc\" lang=\"et\">Luksuslik minimalism <\/span><\/li>\n<li class=\"tw-data-text tw-text-large tw-ta\" dir=\"ltr\" data-placeholder=\"T\u00f5lge\" data-ved=\"2ahUKEwi7tLaNyPGDAxUpFxAIHYRvDL4Q3ewLegQIBRAQ\"><span class=\"Y2IQFc\" lang=\"et\">Paindlik garderoobilahendus, mis hoiab teie p\u00f5randad puhtad ja segaduseta <\/span><\/li>\n<li class=\"tw-data-text tw-text-large tw-ta\" dir=\"ltr\" data-placeholder=\"T\u00f5lge\" data-ved=\"2ahUKEwi7tLaNyPGDAxUpFxAIHYRvDL4Q3ewLegQIBRAQ\"><span class=\"Y2IQFc\" lang=\"et\">FSC\u00ae sertifikaadiga t\u00e4ispuidust tamm, nahk ja messing<\/span><\/li>\n<\/ul>\n","protected":false},"featured_media":3954,"template":"","meta":{"_gspb_post_css":""},"product_brand":[265],"product_cat":[181],"product_tag":[],"class_list":{"0":"post-3953","1":"product","2":"type-product","3":"status-publish","4":"has-post-thumbnail","6":"product_brand-bolia","7":"product_cat-riiulid","9":"first","10":"instock","11":"taxable","12":"shipping-taxable","13":"purchasable","14":"product-type-simple"},"ct_brands":[{"id":265,"name":"Bolia","slug":"bolia"}],"_links":{"self":[{"href":"https:\/\/arhainteriors.ee\/en\/wp-json\/wp\/v2\/product\/3953","targetHints":{"allow":["GET"]}}],"collection":[{"href":"https:\/\/arhainteriors.ee\/en\/wp-json\/wp\/v2\/product"}],"about":[{"href":"https:\/\/arhainteriors.ee\/en\/wp-json\/wp\/v2\/types\/product"}],"wp:featuredmedia":[{"embeddable":true,"href":"https:\/\/arhainteriors.ee\/en\/wp-json\/wp\/v2\/media\/3954"}],"wp:attachment":[{"href":"https:\/\/arhainteriors.ee\/en\/wp-json\/wp\/v2\/media?parent=3953"}],"wp:term":[{"taxonomy":"product_brand","embeddable":true,"href":"https:\/\/arhainteriors.ee\/en\/wp-json\/wp\/v2\/product_brand?post=3953"},{"taxonomy":"product_cat","embeddable":true,"href":"https:\/\/arhainteriors.ee\/en\/wp-json\/wp\/v2\/product_cat?post=3953"},{"taxonomy":"product_tag","embeddable":true,"href":"https:\/\/arhainteriors.ee\/en\/wp-json\/wp\/v2\/product_tag?post=3953"}],"curies":[{"name":"wp","href":"https:\/\/api.w.org\/{rel}","templated":true}]}}