{"id":3950,"date":"2024-01-22T18:38:09","date_gmt":"2024-01-22T18:38:09","guid":{"rendered":"https:\/\/arhainteriors.ee\/?post_type=product&#038;p=3950"},"modified":"2024-09-05T21:28:59","modified_gmt":"2024-09-05T21:28:59","slug":"kari-madal-riiul-kahekordne","status":"publish","type":"product","link":"https:\/\/arhainteriors.ee\/en\/toode\/kari-madal-riiul-kahekordne\/","title":{"rendered":"Kari Madal riiul &#8211; kahekordne"},"content":{"rendered":"","protected":false},"excerpt":{"rendered":"<p><strong>Toote k\u00f5rgus:<\/strong> 84 cm \u00a0<strong>Laius:\u00a0<\/strong>180 cm \u00a0<strong>S\u00fcgavus:\u00a0<\/strong>34 cm<\/p>\n<p id=\"tw-target-text\" class=\"tw-data-text tw-text-large tw-ta\" dir=\"ltr\" data-placeholder=\"T\u00f5lge\" data-ved=\"2ahUKEwi7tLaNyPGDAxUpFxAIHYRvDL4Q3ewLegQIBRAQ\"><span class=\"Y2IQFc\" lang=\"et\">Kari<\/span><\/p>\n<p class=\"tw-data-text tw-text-large tw-ta\" dir=\"ltr\" data-placeholder=\"T\u00f5lge\" data-ved=\"2ahUKEwi7tLaNyPGDAxUpFxAIHYRvDL4Q3ewLegQIBRAQ\"><span class=\"Y2IQFc\" lang=\"et\">Kari on loonud Taani disainer Michael H. Nielsen, keskendudes elegantsetele proportsioonidele, lihtsatele detailidele, ausale viimistlemisele ning v\u00e4hestele vahetatavatele tamme- ja messingkomponentidele. S\u00fcsteemi on lihtne kokku panna messingist tiibmutrite abil ja see paigaldatakse seinaga tasapinnale, et luua kerge ja puhas ilme. Madal versioon on eraldiseisev detail ja seda saab asetada seinale v\u00f5i ruumijagajana. Tagasihoidlik, viimistletud disain, mis sobib igasse interj\u00f6\u00f6ri. <\/span><\/p>\n<ul>\n<li class=\"tw-data-text tw-text-large tw-ta\" dir=\"ltr\" data-placeholder=\"T\u00f5lge\" data-ved=\"2ahUKEwi7tLaNyPGDAxUpFxAIHYRvDL4Q3ewLegQIBRAQ\"><span class=\"Y2IQFc\" lang=\"et\">Kerge ja lihtne disain <\/span><\/li>\n<li class=\"tw-data-text tw-text-large tw-ta\" dir=\"ltr\" data-placeholder=\"T\u00f5lge\" data-ved=\"2ahUKEwi7tLaNyPGDAxUpFxAIHYRvDL4Q3ewLegQIBRAQ\"><span class=\"Y2IQFc\" lang=\"et\">Aus viimistlus FSC\u00ae-sertifikaadiga tammest ja messingist <\/span><\/li>\n<li class=\"tw-data-text tw-text-large tw-ta\" dir=\"ltr\" data-placeholder=\"T\u00f5lge\" data-ved=\"2ahUKEwi7tLaNyPGDAxUpFxAIHYRvDL4Q3ewLegQIBRAQ\"><span class=\"Y2IQFc\" lang=\"et\">Disainitud ja ehitatud kestma vahetatavate komponentidega<\/span><\/li>\n<\/ul>\n","protected":false},"featured_media":3951,"template":"","meta":{"_gspb_post_css":""},"product_brand":[265],"product_cat":[181],"product_tag":[],"class_list":{"0":"post-3950","1":"product","2":"type-product","3":"status-publish","4":"has-post-thumbnail","6":"product_brand-bolia","7":"product_cat-riiulid","9":"first","10":"instock","11":"taxable","12":"shipping-taxable","13":"purchasable","14":"product-type-simple"},"ct_brands":[{"id":265,"name":"Bolia","slug":"bolia"}],"_links":{"self":[{"href":"https:\/\/arhainteriors.ee\/en\/wp-json\/wp\/v2\/product\/3950","targetHints":{"allow":["GET"]}}],"collection":[{"href":"https:\/\/arhainteriors.ee\/en\/wp-json\/wp\/v2\/product"}],"about":[{"href":"https:\/\/arhainteriors.ee\/en\/wp-json\/wp\/v2\/types\/product"}],"wp:featuredmedia":[{"embeddable":true,"href":"https:\/\/arhainteriors.ee\/en\/wp-json\/wp\/v2\/media\/3951"}],"wp:attachment":[{"href":"https:\/\/arhainteriors.ee\/en\/wp-json\/wp\/v2\/media?parent=3950"}],"wp:term":[{"taxonomy":"product_brand","embeddable":true,"href":"https:\/\/arhainteriors.ee\/en\/wp-json\/wp\/v2\/product_brand?post=3950"},{"taxonomy":"product_cat","embeddable":true,"href":"https:\/\/arhainteriors.ee\/en\/wp-json\/wp\/v2\/product_cat?post=3950"},{"taxonomy":"product_tag","embeddable":true,"href":"https:\/\/arhainteriors.ee\/en\/wp-json\/wp\/v2\/product_tag?post=3950"}],"curies":[{"name":"wp","href":"https:\/\/api.w.org\/{rel}","templated":true}]}}