{"id":3923,"date":"2024-01-22T18:18:15","date_gmt":"2024-01-22T18:18:15","guid":{"rendered":"https:\/\/arhainteriors.ee\/?post_type=product&#038;p=3923"},"modified":"2024-09-05T21:11:15","modified_gmt":"2024-09-05T21:11:15","slug":"neutra-riiuli-kombinatsioon-kodukontor-280-x-236-cm","status":"publish","type":"product","link":"https:\/\/arhainteriors.ee\/en\/toode\/neutra-riiuli-kombinatsioon-kodukontor-280-x-236-cm\/","title":{"rendered":"Neutra Riiuli kombinatsioon &#8211; kodukontor &#8211; 280 x 236 cm"},"content":{"rendered":"","protected":false},"excerpt":{"rendered":"<p><strong>Toote k\u00f5rgus:<\/strong> 236 cm \u00a0<strong>Laius:\u00a0<\/strong>280 cm \u00a0<strong>S\u00fcgavus:\u00a0<\/strong>50 cm<\/p>\n<p id=\"tw-target-text\" class=\"tw-data-text tw-text-large tw-ta\" dir=\"ltr\" data-placeholder=\"T\u00f5lge\" data-ved=\"2ahUKEwi7tLaNyPGDAxUpFxAIHYRvDL4Q3ewLegQIBRAQ\"><span class=\"Y2IQFc\" lang=\"et\">Neutra<\/span><\/p>\n<p class=\"tw-data-text tw-text-large tw-ta\" dir=\"ltr\" data-placeholder=\"T\u00f5lge\" data-ved=\"2ahUKEwi7tLaNyPGDAxUpFxAIHYRvDL4Q3ewLegQIBRAQ\"><span class=\"Y2IQFc\" lang=\"et\">Paindlik, viimistletud ja vastupidav riiulis\u00fcsteem, mille on disaininud Arnau Reyna Estudio. Inspireeritud sajandi keskpaiga arhitekti Richard Neutra kergest modernismist ja disainitud nii, et see sulandub elegantselt teie interj\u00f6\u00f6ri, samal ajal kui v\u00e4ljapandud esemed on kesksel kohal. Disain ja kombineerige vabalt laias valikus mooduleid, suurusi ja materjale, et tuua puhas ja isikup\u00e4rastatud kvaliteet igasse ruumi. \u00dclim modulaarne salvestuslahendus nii era- kui ka professionaalseks kasutamiseks. <\/span><\/p>\n<ul>\n<li class=\"tw-data-text tw-text-large tw-ta\" dir=\"ltr\" data-placeholder=\"T\u00f5lge\" data-ved=\"2ahUKEwi7tLaNyPGDAxUpFxAIHYRvDL4Q3ewLegQIBRAQ\"><span class=\"Y2IQFc\" lang=\"et\">Paindlik, modulaarne ladustamislahendus <\/span><\/li>\n<li class=\"tw-data-text tw-text-large tw-ta\" dir=\"ltr\" data-placeholder=\"T\u00f5lge\" data-ved=\"2ahUKEwi7tLaNyPGDAxUpFxAIHYRvDL4Q3ewLegQIBRAQ\"><span class=\"Y2IQFc\" lang=\"et\">Vastupidavad materjalid ja konstruktsioon <\/span><\/li>\n<li class=\"tw-data-text tw-text-large tw-ta\" dir=\"ltr\" data-placeholder=\"T\u00f5lge\" data-ved=\"2ahUKEwi7tLaNyPGDAxUpFxAIHYRvDL4Q3ewLegQIBRAQ\"><span class=\"Y2IQFc\" lang=\"et\">Rafineeritud disain<\/span><\/li>\n<\/ul>\n","protected":false},"featured_media":3924,"template":"","meta":{"_gspb_post_css":""},"product_brand":[265],"product_cat":[181],"product_tag":[],"class_list":{"0":"post-3923","1":"product","2":"type-product","3":"status-publish","4":"has-post-thumbnail","6":"product_brand-bolia","7":"product_cat-riiulid","9":"first","10":"instock","11":"taxable","12":"shipping-taxable","13":"purchasable","14":"product-type-simple"},"ct_brands":[{"id":265,"name":"Bolia","slug":"bolia"}],"_links":{"self":[{"href":"https:\/\/arhainteriors.ee\/en\/wp-json\/wp\/v2\/product\/3923","targetHints":{"allow":["GET"]}}],"collection":[{"href":"https:\/\/arhainteriors.ee\/en\/wp-json\/wp\/v2\/product"}],"about":[{"href":"https:\/\/arhainteriors.ee\/en\/wp-json\/wp\/v2\/types\/product"}],"wp:featuredmedia":[{"embeddable":true,"href":"https:\/\/arhainteriors.ee\/en\/wp-json\/wp\/v2\/media\/3924"}],"wp:attachment":[{"href":"https:\/\/arhainteriors.ee\/en\/wp-json\/wp\/v2\/media?parent=3923"}],"wp:term":[{"taxonomy":"product_brand","embeddable":true,"href":"https:\/\/arhainteriors.ee\/en\/wp-json\/wp\/v2\/product_brand?post=3923"},{"taxonomy":"product_cat","embeddable":true,"href":"https:\/\/arhainteriors.ee\/en\/wp-json\/wp\/v2\/product_cat?post=3923"},{"taxonomy":"product_tag","embeddable":true,"href":"https:\/\/arhainteriors.ee\/en\/wp-json\/wp\/v2\/product_tag?post=3923"}],"curies":[{"name":"wp","href":"https:\/\/api.w.org\/{rel}","templated":true}]}}