{"id":3884,"date":"2024-01-22T17:45:39","date_gmt":"2024-01-22T17:45:39","guid":{"rendered":"https:\/\/arhainteriors.ee\/?post_type=product&#038;p=3884"},"modified":"2024-09-05T20:20:41","modified_gmt":"2024-09-05T20:20:41","slug":"rod-riiuli-kombinatsioon-5","status":"publish","type":"product","link":"https:\/\/arhainteriors.ee\/en\/toode\/rod-riiuli-kombinatsioon-5\/","title":{"rendered":"ROD Riiuli kombinatsioon"},"content":{"rendered":"","protected":false},"excerpt":{"rendered":"<p><strong>Toote k\u00f5rgus:<\/strong> 200 cm \u00a0<strong>Laius:\u00a0<\/strong>230 cm \u00a0<strong>S\u00fcgavus:\u00a0<\/strong>36,7 cm<\/p>\n<p>ROD<\/p>\n<p>ROD riiulis\u00fcsteem annab teie loovuse vaba valitsemisaja. \u00dcksk\u00f5ik, kas unistate dekoratsioonide v\u00e4ljapanekust, riiete riidepuud v\u00f5i lauale koos riiulitega, sobib see klanitud raamitud utilitaarne ladustamiss\u00fcsteem teie iga vajadusega. Inspireerige fikseeritud kombinatsioonidest v\u00f5i valige lihtsalt oma eelistus.<\/p>\n<ul>\n<li>Funktsionaalne kujundus<\/li>\n<li>Teie jaoks kohandatud<\/li>\n<li>Kavandatud sobivaks igale vajadusele<\/li>\n<\/ul>\n","protected":false},"featured_media":3885,"template":"","meta":{"_gspb_post_css":""},"product_brand":[265],"product_cat":[181],"product_tag":[],"class_list":{"0":"post-3884","1":"product","2":"type-product","3":"status-publish","4":"has-post-thumbnail","6":"product_brand-bolia","7":"product_cat-riiulid","9":"first","10":"instock","11":"taxable","12":"shipping-taxable","13":"purchasable","14":"product-type-simple"},"ct_brands":[{"id":265,"name":"Bolia","slug":"bolia"}],"_links":{"self":[{"href":"https:\/\/arhainteriors.ee\/en\/wp-json\/wp\/v2\/product\/3884","targetHints":{"allow":["GET"]}}],"collection":[{"href":"https:\/\/arhainteriors.ee\/en\/wp-json\/wp\/v2\/product"}],"about":[{"href":"https:\/\/arhainteriors.ee\/en\/wp-json\/wp\/v2\/types\/product"}],"wp:featuredmedia":[{"embeddable":true,"href":"https:\/\/arhainteriors.ee\/en\/wp-json\/wp\/v2\/media\/3885"}],"wp:attachment":[{"href":"https:\/\/arhainteriors.ee\/en\/wp-json\/wp\/v2\/media?parent=3884"}],"wp:term":[{"taxonomy":"product_brand","embeddable":true,"href":"https:\/\/arhainteriors.ee\/en\/wp-json\/wp\/v2\/product_brand?post=3884"},{"taxonomy":"product_cat","embeddable":true,"href":"https:\/\/arhainteriors.ee\/en\/wp-json\/wp\/v2\/product_cat?post=3884"},{"taxonomy":"product_tag","embeddable":true,"href":"https:\/\/arhainteriors.ee\/en\/wp-json\/wp\/v2\/product_tag?post=3884"}],"curies":[{"name":"wp","href":"https:\/\/api.w.org\/{rel}","templated":true}]}}