{"id":3864,"date":"2024-01-22T15:55:08","date_gmt":"2024-01-22T15:55:08","guid":{"rendered":"https:\/\/arhainteriors.ee\/?post_type=product&#038;p=3864"},"modified":"2024-09-05T19:12:35","modified_gmt":"2024-09-05T19:12:35","slug":"visti-tugitool","status":"publish","type":"product","link":"https:\/\/arhainteriors.ee\/en\/toode\/visti-tugitool\/","title":{"rendered":"Visti Tugitool"},"content":{"rendered":"","protected":false},"excerpt":{"rendered":"<p><strong>Toote k\u00f5rgus:<\/strong> 79 cm \u00a0<strong>Laius:\u00a0<\/strong>61 cm \u00a0<strong>S\u00fcgavus:\u00a0<\/strong>59,5 cm<\/p>\n<p>Visti<\/p>\n<p>Visti tugitool loob s\u00f6\u00f6gitoas luksusliku ja rafineeritud atmosf\u00e4\u00e4ri. Kutsuv tugitool omap\u00e4rase, kuid tuttava stiiliga, inspireeritud Skandinaavia keskpaiga disaini klassikast, kuid kindlalt kaasaegse keerdk\u00e4iguga. Iste on ehitatud maksimaalse mugavuse tagamiseks vastupidava vormitud vahuga ja h\u00f5ljub meisterdatud raamis tahkes FSC\u00ae sertifitseeritud tammes. Tailormaad, mis sobib teie interj\u00f6\u00f6ri valimisel polsterdava kangaga.<span class=\"Apple-converted-space\">\u00a0<\/span><\/p>\n<ul>\n<li>Euroopa parima kvaliteediga k\u00e4sit\u00f6\u00f6<span class=\"Apple-converted-space\">\u00a0<\/span><\/li>\n<li>Tugev ja vastupidav konstruktsioon ja suurep\u00e4rane mugavus<\/li>\n<li>Luksuslik ja rafineeritud kuvand<\/li>\n<\/ul>\n","protected":false},"featured_media":3865,"template":"","meta":{"_gspb_post_css":""},"product_brand":[265],"product_cat":[158],"product_tag":[],"class_list":{"0":"post-3864","1":"product","2":"type-product","3":"status-publish","4":"has-post-thumbnail","6":"product_brand-bolia","7":"product_cat-tugitoolid","9":"first","10":"instock","11":"taxable","12":"shipping-taxable","13":"purchasable","14":"product-type-simple"},"ct_brands":[{"id":265,"name":"Bolia","slug":"bolia"}],"_links":{"self":[{"href":"https:\/\/arhainteriors.ee\/en\/wp-json\/wp\/v2\/product\/3864","targetHints":{"allow":["GET"]}}],"collection":[{"href":"https:\/\/arhainteriors.ee\/en\/wp-json\/wp\/v2\/product"}],"about":[{"href":"https:\/\/arhainteriors.ee\/en\/wp-json\/wp\/v2\/types\/product"}],"wp:featuredmedia":[{"embeddable":true,"href":"https:\/\/arhainteriors.ee\/en\/wp-json\/wp\/v2\/media\/3865"}],"wp:attachment":[{"href":"https:\/\/arhainteriors.ee\/en\/wp-json\/wp\/v2\/media?parent=3864"}],"wp:term":[{"taxonomy":"product_brand","embeddable":true,"href":"https:\/\/arhainteriors.ee\/en\/wp-json\/wp\/v2\/product_brand?post=3864"},{"taxonomy":"product_cat","embeddable":true,"href":"https:\/\/arhainteriors.ee\/en\/wp-json\/wp\/v2\/product_cat?post=3864"},{"taxonomy":"product_tag","embeddable":true,"href":"https:\/\/arhainteriors.ee\/en\/wp-json\/wp\/v2\/product_tag?post=3864"}],"curies":[{"name":"wp","href":"https:\/\/api.w.org\/{rel}","templated":true}]}}