{"id":3678,"date":"2023-12-15T02:03:59","date_gmt":"2023-12-15T02:03:59","guid":{"rendered":"https:\/\/arhainteriors.ee\/?post_type=product&#038;p=3678"},"modified":"2024-01-31T17:29:13","modified_gmt":"2024-01-31T17:29:13","slug":"seed-tool-4","status":"publish","type":"product","link":"https:\/\/arhainteriors.ee\/en\/toode\/seed-tool-4\/","title":{"rendered":"Seed Tool"},"content":{"rendered":"","protected":false},"excerpt":{"rendered":"<p id=\"tw-target-text\" class=\"tw-data-text tw-text-large tw-ta\" dir=\"ltr\" data-placeholder=\"T\u00f5lge\" data-ved=\"2ahUKEwj4oqWC_I-DAxVPr6QKHahZCIkQ3ewLegQIBRAQ\"><span class=\"Y2IQFc\" lang=\"et\">Seed<\/span><\/p>\n<p class=\"tw-data-text tw-text-large tw-ta\" dir=\"ltr\" data-placeholder=\"T\u00f5lge\" data-ved=\"2ahUKEwj4oqWC_I-DAxVPr6QKHahZCIkQ3ewLegQIBRAQ\"><span class=\"Y2IQFc\" lang=\"et\"> Seed toolid on kohandatud teie vajadustele ja neid saab kaunilt kohandada igas olukorras \u2013 alates kodukontorist ja s\u00f6\u00f6gitubadest kuni professionaalsete turgudeni. 85% taaskasutatud plastist valmistatud poeetiline kuju on loodud teid erakordse mugavuse ja toega embama. Vormimise k\u00e4igus, kus plastij\u00e4\u00e4tmed muudetakse kujuks, loob see peene v\u00e4rvide koosm\u00f5ju, mis muudab iga \u00fcksiku kesta t\u00e4iesti ainulaadseks. Valige oma vajadustele k\u00f5ige paremini vastav raami t\u00fc\u00fcp v\u00f5i eelistatud polstrikangas ja -v\u00e4rviga polsterdatud versioon. V\u00f5imalusi on l\u00f5putult. <\/span><\/p>\n<ul>\n<li class=\"tw-data-text tw-text-large tw-ta\" dir=\"ltr\" data-placeholder=\"T\u00f5lge\" data-ved=\"2ahUKEwj4oqWC_I-DAxVPr6QKHahZCIkQ3ewLegQIBRAQ\"><span class=\"Y2IQFc\" lang=\"et\">Vormitud 85% taaskasutatud plastikust <\/span><\/li>\n<li class=\"tw-data-text tw-text-large tw-ta\" dir=\"ltr\" data-placeholder=\"T\u00f5lge\" data-ved=\"2ahUKEwj4oqWC_I-DAxVPr6QKHahZCIkQ3ewLegQIBRAQ\"><span class=\"Y2IQFc\" lang=\"et\">Mitmek\u00fclgne valik toole, mis sobivad kaunilt igasse keskkonda <\/span><\/li>\n<li class=\"tw-data-text tw-text-large tw-ta\" dir=\"ltr\" data-placeholder=\"T\u00f5lge\" data-ved=\"2ahUKEwj4oqWC_I-DAxVPr6QKHahZCIkQ3ewLegQIBRAQ\"><span class=\"Y2IQFc\" lang=\"et\">M\u00f5eldud erakordseks mugavuseks<\/span><\/li>\n<\/ul>\n","protected":false},"featured_media":3679,"template":"","meta":{"_gspb_post_css":""},"product_brand":[265],"product_cat":[180],"product_tag":[],"class_list":{"0":"post-3678","1":"product","2":"type-product","3":"status-publish","4":"has-post-thumbnail","6":"product_brand-bolia","7":"product_cat-toolid","9":"first","10":"instock","11":"taxable","12":"shipping-taxable","13":"purchasable","14":"product-type-simple"},"ct_brands":[{"id":265,"name":"Bolia","slug":"bolia"}],"_links":{"self":[{"href":"https:\/\/arhainteriors.ee\/en\/wp-json\/wp\/v2\/product\/3678","targetHints":{"allow":["GET"]}}],"collection":[{"href":"https:\/\/arhainteriors.ee\/en\/wp-json\/wp\/v2\/product"}],"about":[{"href":"https:\/\/arhainteriors.ee\/en\/wp-json\/wp\/v2\/types\/product"}],"wp:featuredmedia":[{"embeddable":true,"href":"https:\/\/arhainteriors.ee\/en\/wp-json\/wp\/v2\/media\/3679"}],"wp:attachment":[{"href":"https:\/\/arhainteriors.ee\/en\/wp-json\/wp\/v2\/media?parent=3678"}],"wp:term":[{"taxonomy":"product_brand","embeddable":true,"href":"https:\/\/arhainteriors.ee\/en\/wp-json\/wp\/v2\/product_brand?post=3678"},{"taxonomy":"product_cat","embeddable":true,"href":"https:\/\/arhainteriors.ee\/en\/wp-json\/wp\/v2\/product_cat?post=3678"},{"taxonomy":"product_tag","embeddable":true,"href":"https:\/\/arhainteriors.ee\/en\/wp-json\/wp\/v2\/product_tag?post=3678"}],"curies":[{"name":"wp","href":"https:\/\/api.w.org\/{rel}","templated":true}]}}