{"id":3659,"date":"2023-12-15T01:42:43","date_gmt":"2023-12-15T01:42:43","guid":{"rendered":"https:\/\/arhainteriors.ee\/?post_type=product&#038;p=3659"},"modified":"2024-01-31T17:29:13","modified_gmt":"2024-01-31T17:29:13","slug":"swing-soogitool","status":"publish","type":"product","link":"https:\/\/arhainteriors.ee\/en\/toode\/swing-soogitool\/","title":{"rendered":"Swing S\u00f6\u00f6gitool"},"content":{"rendered":"","protected":false},"excerpt":{"rendered":"<p id=\"tw-target-text\" class=\"tw-data-text tw-text-large tw-ta\" dir=\"ltr\" data-placeholder=\"T\u00f5lge\" data-ved=\"2ahUKEwj4oqWC_I-DAxVPr6QKHahZCIkQ3ewLegQIBRAQ\"><span class=\"Y2IQFc\" lang=\"et\">Swing <\/span><\/p>\n<p class=\"tw-data-text tw-text-large tw-ta\" dir=\"ltr\" data-placeholder=\"T\u00f5lge\" data-ved=\"2ahUKEwj4oqWC_I-DAxVPr6QKHahZCIkQ3ewLegQIBRAQ\"><span class=\"Y2IQFc\" lang=\"et\">Swing on s\u00f6\u00f6gitool teile, kui armastate luksuslikku disainiklassikat. Euroopas k\u00e4sit\u00f6\u00f6na valmistatud t\u00e4istammest ja spoonist vilunud kapimeistrite poolt. Kerge ja skandinaavialiku ilmega tool, millel on ilus kumer seljatugi, mis tagab hea mugavuse. <\/span><\/p>\n<ul>\n<li class=\"tw-data-text tw-text-large tw-ta\" dir=\"ltr\" data-placeholder=\"T\u00f5lge\" data-ved=\"2ahUKEwj4oqWC_I-DAxVPr6QKHahZCIkQ3ewLegQIBRAQ\"><span class=\"Y2IQFc\" lang=\"et\">K\u00e4sitsi valmistatud Euroopas <\/span><\/li>\n<li class=\"tw-data-text tw-text-large tw-ta\" dir=\"ltr\" data-placeholder=\"T\u00f5lge\" data-ved=\"2ahUKEwj4oqWC_I-DAxVPr6QKHahZCIkQ3ewLegQIBRAQ\"><span class=\"Y2IQFc\" lang=\"et\">FSC\u00ae-sertifikaadiga tammest ja spoonist <\/span><\/li>\n<li class=\"tw-data-text tw-text-large tw-ta\" dir=\"ltr\" data-placeholder=\"T\u00f5lge\" data-ved=\"2ahUKEwj4oqWC_I-DAxVPr6QKHahZCIkQ3ewLegQIBRAQ\"><span class=\"Y2IQFc\" lang=\"et\">Kerge ja skandinaavialik v\u00e4ljend <\/span><\/li>\n<li class=\"tw-data-text tw-text-large tw-ta\" dir=\"ltr\" data-placeholder=\"T\u00f5lge\" data-ved=\"2ahUKEwj4oqWC_I-DAxVPr6QKHahZCIkQ3ewLegQIBRAQ\"><span class=\"Y2IQFc\" lang=\"et\">Iste on tammespooniga v\u00f5i polsterdatud OEKOTEX\u00ae sertifikaadiga polsterduskangast v\u00f5i j\u00e4lgitavast nahast STANDARD 100<\/span><\/li>\n<\/ul>\n","protected":false},"featured_media":3660,"template":"","meta":{"_gspb_post_css":""},"product_brand":[265],"product_cat":[180],"product_tag":[],"class_list":{"0":"post-3659","1":"product","2":"type-product","3":"status-publish","4":"has-post-thumbnail","6":"product_brand-bolia","7":"product_cat-toolid","9":"first","10":"instock","11":"taxable","12":"shipping-taxable","13":"purchasable","14":"product-type-simple"},"ct_brands":[{"id":265,"name":"Bolia","slug":"bolia"}],"_links":{"self":[{"href":"https:\/\/arhainteriors.ee\/en\/wp-json\/wp\/v2\/product\/3659","targetHints":{"allow":["GET"]}}],"collection":[{"href":"https:\/\/arhainteriors.ee\/en\/wp-json\/wp\/v2\/product"}],"about":[{"href":"https:\/\/arhainteriors.ee\/en\/wp-json\/wp\/v2\/types\/product"}],"wp:featuredmedia":[{"embeddable":true,"href":"https:\/\/arhainteriors.ee\/en\/wp-json\/wp\/v2\/media\/3660"}],"wp:attachment":[{"href":"https:\/\/arhainteriors.ee\/en\/wp-json\/wp\/v2\/media?parent=3659"}],"wp:term":[{"taxonomy":"product_brand","embeddable":true,"href":"https:\/\/arhainteriors.ee\/en\/wp-json\/wp\/v2\/product_brand?post=3659"},{"taxonomy":"product_cat","embeddable":true,"href":"https:\/\/arhainteriors.ee\/en\/wp-json\/wp\/v2\/product_cat?post=3659"},{"taxonomy":"product_tag","embeddable":true,"href":"https:\/\/arhainteriors.ee\/en\/wp-json\/wp\/v2\/product_tag?post=3659"}],"curies":[{"name":"wp","href":"https:\/\/api.w.org\/{rel}","templated":true}]}}