{"id":3651,"date":"2023-12-15T01:31:05","date_gmt":"2023-12-15T01:31:05","guid":{"rendered":"https:\/\/arhainteriors.ee\/?post_type=product&#038;p=3651"},"modified":"2024-07-02T23:26:50","modified_gmt":"2024-07-02T23:26:50","slug":"seed-soogilaud","status":"publish","type":"product","link":"https:\/\/arhainteriors.ee\/en\/toode\/seed-soogilaud\/","title":{"rendered":"Seed S\u00f6\u00f6gilaud"},"content":{"rendered":"","protected":false},"excerpt":{"rendered":"<p id=\"tw-target-text\" class=\"tw-data-text tw-text-large tw-ta\" dir=\"ltr\" data-placeholder=\"T\u00f5lge\" data-ved=\"2ahUKEwj4oqWC_I-DAxVPr6QKHahZCIkQ3ewLegQIBRAQ\"><span class=\"Y2IQFc\" lang=\"et\">Seed <\/span><\/p>\n<p class=\"tw-data-text tw-text-large tw-ta\" dir=\"ltr\" data-placeholder=\"T\u00f5lge\" data-ved=\"2ahUKEwj4oqWC_I-DAxVPr6QKHahZCIkQ3ewLegQIBRAQ\"><span class=\"Y2IQFc\" lang=\"et\">Seed seeria kehastab lihtsust ja ajatut veetlust oma elegantse ja minimalistliku esteetikaga. Seed toolid ja lauad on kohandatud vastavalt teie vajadustele ja kaunilt kohandatavad igasse keskkonda, alates kodukontorist ja s\u00f6\u00f6gitubadest kuni professionaalsete ruumideni. Valmistatud 85% taaskasutatud plastist, nende poeetiline kuju on loodud pakkuma erakordset mugavust ja tuge ning testitud vastama k\u00f5rgeimatele kvaliteedistandarditele. Valige oma vajadustele k\u00f5ige paremini vastav laua kuju ja t\u00e4iendage ruumi mitmesuguste toolit\u00fc\u00fcpidega, teie valitud polstriga v\u00f5i ilma. V\u00f5imalusi on l\u00f5putult. <\/span><\/p>\n<ul>\n<li class=\"tw-data-text tw-text-large tw-ta\" dir=\"ltr\" data-placeholder=\"T\u00f5lge\" data-ved=\"2ahUKEwj4oqWC_I-DAxVPr6QKHahZCIkQ3ewLegQIBRAQ\"><span class=\"Y2IQFc\" lang=\"et\">Mitmek\u00fclgne valik toole ja laudu, mis sobivad kaunilt igasse keskkonda <\/span><\/li>\n<li class=\"tw-data-text tw-text-large tw-ta\" dir=\"ltr\" data-placeholder=\"T\u00f5lge\" data-ved=\"2ahUKEwj4oqWC_I-DAxVPr6QKHahZCIkQ3ewLegQIBRAQ\"><span class=\"Y2IQFc\" lang=\"et\">Valatud iste 85% taaskasutatud plastikust <\/span><\/li>\n<li class=\"tw-data-text tw-text-large tw-ta\" dir=\"ltr\" data-placeholder=\"T\u00f5lge\" data-ved=\"2ahUKEwj4oqWC_I-DAxVPr6QKHahZCIkQ3ewLegQIBRAQ\"><span class=\"Y2IQFc\" lang=\"et\">M\u00f5eldud erakordseks mugavuseks<\/span><\/li>\n<\/ul>\n","protected":false},"featured_media":3652,"template":"","meta":{"_gspb_post_css":""},"product_brand":[265],"product_cat":[173,233],"product_tag":[],"class_list":{"0":"post-3651","1":"product","2":"type-product","3":"status-publish","4":"has-post-thumbnail","6":"product_brand-bolia","7":"product_cat-lauad","8":"product_cat-soogilauad","10":"first","11":"instock","12":"taxable","13":"shipping-taxable","14":"purchasable","15":"product-type-simple"},"ct_brands":[{"id":265,"name":"Bolia","slug":"bolia"}],"_links":{"self":[{"href":"https:\/\/arhainteriors.ee\/en\/wp-json\/wp\/v2\/product\/3651","targetHints":{"allow":["GET"]}}],"collection":[{"href":"https:\/\/arhainteriors.ee\/en\/wp-json\/wp\/v2\/product"}],"about":[{"href":"https:\/\/arhainteriors.ee\/en\/wp-json\/wp\/v2\/types\/product"}],"wp:featuredmedia":[{"embeddable":true,"href":"https:\/\/arhainteriors.ee\/en\/wp-json\/wp\/v2\/media\/3652"}],"wp:attachment":[{"href":"https:\/\/arhainteriors.ee\/en\/wp-json\/wp\/v2\/media?parent=3651"}],"wp:term":[{"taxonomy":"product_brand","embeddable":true,"href":"https:\/\/arhainteriors.ee\/en\/wp-json\/wp\/v2\/product_brand?post=3651"},{"taxonomy":"product_cat","embeddable":true,"href":"https:\/\/arhainteriors.ee\/en\/wp-json\/wp\/v2\/product_cat?post=3651"},{"taxonomy":"product_tag","embeddable":true,"href":"https:\/\/arhainteriors.ee\/en\/wp-json\/wp\/v2\/product_tag?post=3651"}],"curies":[{"name":"wp","href":"https:\/\/api.w.org\/{rel}","templated":true}]}}