{"id":3645,"date":"2023-12-15T01:23:24","date_gmt":"2023-12-15T01:23:24","guid":{"rendered":"https:\/\/arhainteriors.ee\/?post_type=product&#038;p=3645"},"modified":"2024-07-02T23:26:53","modified_gmt":"2024-07-02T23:26:53","slug":"ronya-soogilaud","status":"publish","type":"product","link":"https:\/\/arhainteriors.ee\/en\/toode\/ronya-soogilaud\/","title":{"rendered":"Ronya S\u00f6\u00f6gilaud"},"content":{"rendered":"","protected":false},"excerpt":{"rendered":"<p id=\"tw-target-text\" class=\"tw-data-text tw-text-large tw-ta\" dir=\"ltr\" data-placeholder=\"T\u00f5lge\" data-ved=\"2ahUKEwj4oqWC_I-DAxVPr6QKHahZCIkQ3ewLegQIBRAQ\"><span class=\"Y2IQFc\" lang=\"et\">Ronya <\/span><\/p>\n<p class=\"tw-data-text tw-text-large tw-ta\" dir=\"ltr\" data-placeholder=\"T\u00f5lge\" data-ved=\"2ahUKEwj4oqWC_I-DAxVPr6QKHahZCIkQ3ewLegQIBRAQ\"><span class=\"Y2IQFc\" lang=\"et\">L\u00e4bi viimistletud detailide ja lihtsate \u00fcmarate joonte t\u00f5stab Ronya laud einestamiskogemuse k\u00f5ige soojemasse ja kutsuvamasse vormi. Studio Nooi on loonud elegantse ja lihtsa s\u00f6\u00f6gilaua, mille jalad on valmistatud tugevast FSC\u00ae-sertifikaadiga tammest ja lauaplaat kaunis tammespoonist v\u00f5i laminaadist erinevates v\u00e4rvides. Laud, mis on kohandatud k\u00f5ikidele teie s\u00f6\u00f6givajadustele. <\/span><\/p>\n<ul>\n<li class=\"tw-data-text tw-text-large tw-ta\" dir=\"ltr\" data-placeholder=\"T\u00f5lge\" data-ved=\"2ahUKEwj4oqWC_I-DAxVPr6QKHahZCIkQ3ewLegQIBRAQ\"><span class=\"Y2IQFc\" lang=\"et\">Lihtsate \u00fcmarate joontega s\u00f6\u00f6gilaud <\/span><\/li>\n<li class=\"tw-data-text tw-text-large tw-ta\" dir=\"ltr\" data-placeholder=\"T\u00f5lge\" data-ved=\"2ahUKEwj4oqWC_I-DAxVPr6QKHahZCIkQ3ewLegQIBRAQ\"><span class=\"Y2IQFc\" lang=\"et\">Valmistatud Euroopas <\/span><\/li>\n<li class=\"tw-data-text tw-text-large tw-ta\" dir=\"ltr\" data-placeholder=\"T\u00f5lge\" data-ved=\"2ahUKEwj4oqWC_I-DAxVPr6QKHahZCIkQ3ewLegQIBRAQ\"><span class=\"Y2IQFc\" lang=\"et\">Kohandatud vastavalt teie vajadustele<\/span><\/li>\n<\/ul>\n","protected":false},"featured_media":3646,"template":"","meta":{"_gspb_post_css":""},"product_brand":[265],"product_cat":[173,233],"product_tag":[],"class_list":{"0":"post-3645","1":"product","2":"type-product","3":"status-publish","4":"has-post-thumbnail","6":"product_brand-bolia","7":"product_cat-lauad","8":"product_cat-soogilauad","10":"first","11":"instock","12":"taxable","13":"shipping-taxable","14":"purchasable","15":"product-type-simple"},"ct_brands":[{"id":265,"name":"Bolia","slug":"bolia"}],"_links":{"self":[{"href":"https:\/\/arhainteriors.ee\/en\/wp-json\/wp\/v2\/product\/3645","targetHints":{"allow":["GET"]}}],"collection":[{"href":"https:\/\/arhainteriors.ee\/en\/wp-json\/wp\/v2\/product"}],"about":[{"href":"https:\/\/arhainteriors.ee\/en\/wp-json\/wp\/v2\/types\/product"}],"wp:featuredmedia":[{"embeddable":true,"href":"https:\/\/arhainteriors.ee\/en\/wp-json\/wp\/v2\/media\/3646"}],"wp:attachment":[{"href":"https:\/\/arhainteriors.ee\/en\/wp-json\/wp\/v2\/media?parent=3645"}],"wp:term":[{"taxonomy":"product_brand","embeddable":true,"href":"https:\/\/arhainteriors.ee\/en\/wp-json\/wp\/v2\/product_brand?post=3645"},{"taxonomy":"product_cat","embeddable":true,"href":"https:\/\/arhainteriors.ee\/en\/wp-json\/wp\/v2\/product_cat?post=3645"},{"taxonomy":"product_tag","embeddable":true,"href":"https:\/\/arhainteriors.ee\/en\/wp-json\/wp\/v2\/product_tag?post=3645"}],"curies":[{"name":"wp","href":"https:\/\/api.w.org\/{rel}","templated":true}]}}