{"id":3641,"date":"2023-12-15T01:09:36","date_gmt":"2023-12-15T01:09:36","guid":{"rendered":"https:\/\/arhainteriors.ee\/?post_type=product&#038;p=3641"},"modified":"2024-07-02T23:27:00","modified_gmt":"2024-07-02T23:27:00","slug":"graceful-soogilaud-3","status":"publish","type":"product","link":"https:\/\/arhainteriors.ee\/en\/toode\/graceful-soogilaud-3\/","title":{"rendered":"Graceful S\u00f6\u00f6gilaud"},"content":{"rendered":"","protected":false},"excerpt":{"rendered":"<p id=\"tw-target-text\" class=\"tw-data-text tw-text-large tw-ta\" dir=\"ltr\" data-placeholder=\"T\u00f5lge\" data-ved=\"2ahUKEwj4oqWC_I-DAxVPr6QKHahZCIkQ3ewLegQIBRAQ\"><span class=\"Y2IQFc\" lang=\"et\">Graceful<\/span><\/p>\n<p class=\"tw-data-text tw-text-large tw-ta\" dir=\"ltr\" data-placeholder=\"T\u00f5lge\" data-ved=\"2ahUKEwj4oqWC_I-DAxVPr6QKHahZCIkQ3ewLegQIBRAQ\"><span class=\"Y2IQFc\" lang=\"et\">Graceful seeria on ajatu ja elegantne t\u00f5lgendus meie Skandinaavia disainip\u00e4randist, mis r\u00e4\u00e4gib suurep\u00e4rasest meisterlikkusest ja mis k\u00f5ige t\u00e4htsam \u2013 pikaealisusest. Taani disaineri Michael H. Nielseni disainitud laudade sari koos sobivate pinkide, diivanilaudade ja t\u00f6\u00f6laudadega. Iseloomulikud klanitud jooned, poeetilised nurgad ja tugev FSC\u00ae-sertifikaadiga puit, mis kutsub teid tunnetama, puudutama ja kogema k\u00f5igi meeltega. <\/span><\/p>\n<ul>\n<li class=\"tw-data-text tw-text-large tw-ta\" dir=\"ltr\" data-placeholder=\"T\u00f5lge\" data-ved=\"2ahUKEwj4oqWC_I-DAxVPr6QKHahZCIkQ3ewLegQIBRAQ\"><span class=\"Y2IQFc\" lang=\"et\">Ajatud ja minimalistlikud lauad <\/span><\/li>\n<li class=\"tw-data-text tw-text-large tw-ta\" dir=\"ltr\" data-placeholder=\"T\u00f5lge\" data-ved=\"2ahUKEwj4oqWC_I-DAxVPr6QKHahZCIkQ3ewLegQIBRAQ\"><span class=\"Y2IQFc\" lang=\"et\">Valmistatud k\u00e4sitsi Euroopas <\/span><\/li>\n<li class=\"tw-data-text tw-text-large tw-ta\" dir=\"ltr\" data-placeholder=\"T\u00f5lge\" data-ved=\"2ahUKEwj4oqWC_I-DAxVPr6QKHahZCIkQ3ewLegQIBRAQ\"><span class=\"Y2IQFc\" lang=\"et\">FSC\u00ae sertifikaadiga tammest <\/span><\/li>\n<li class=\"tw-data-text tw-text-large tw-ta\" dir=\"ltr\" data-placeholder=\"T\u00f5lge\" data-ved=\"2ahUKEwj4oqWC_I-DAxVPr6QKHahZCIkQ3ewLegQIBRAQ\"><span class=\"Y2IQFc\" lang=\"et\">Lai valik suurusi, kujundeid ja formaate, mis sobivad ideaalselt teie ruumiga<\/span><\/li>\n<\/ul>\n","protected":false},"featured_media":3642,"template":"","meta":{"_gspb_post_css":""},"product_brand":[265],"product_cat":[173,233],"product_tag":[],"class_list":{"0":"post-3641","1":"product","2":"type-product","3":"status-publish","4":"has-post-thumbnail","6":"product_brand-bolia","7":"product_cat-lauad","8":"product_cat-soogilauad","10":"first","11":"instock","12":"taxable","13":"shipping-taxable","14":"purchasable","15":"product-type-simple"},"ct_brands":[{"id":265,"name":"Bolia","slug":"bolia"}],"_links":{"self":[{"href":"https:\/\/arhainteriors.ee\/en\/wp-json\/wp\/v2\/product\/3641","targetHints":{"allow":["GET"]}}],"collection":[{"href":"https:\/\/arhainteriors.ee\/en\/wp-json\/wp\/v2\/product"}],"about":[{"href":"https:\/\/arhainteriors.ee\/en\/wp-json\/wp\/v2\/types\/product"}],"wp:featuredmedia":[{"embeddable":true,"href":"https:\/\/arhainteriors.ee\/en\/wp-json\/wp\/v2\/media\/3642"}],"wp:attachment":[{"href":"https:\/\/arhainteriors.ee\/en\/wp-json\/wp\/v2\/media?parent=3641"}],"wp:term":[{"taxonomy":"product_brand","embeddable":true,"href":"https:\/\/arhainteriors.ee\/en\/wp-json\/wp\/v2\/product_brand?post=3641"},{"taxonomy":"product_cat","embeddable":true,"href":"https:\/\/arhainteriors.ee\/en\/wp-json\/wp\/v2\/product_cat?post=3641"},{"taxonomy":"product_tag","embeddable":true,"href":"https:\/\/arhainteriors.ee\/en\/wp-json\/wp\/v2\/product_tag?post=3641"}],"curies":[{"name":"wp","href":"https:\/\/api.w.org\/{rel}","templated":true}]}}